{"id":16577,"date":"2017-01-18T20:27:15","date_gmt":"2017-01-18T20:27:15","guid":{"rendered":"https:\/\/topholds.com\/oferta\/presas-escalada\/tubis-dog\/tubis-dog\/"},"modified":"2024-08-26T03:14:33","modified_gmt":"2024-08-26T03:14:33","slug":"tubis-dog","status":"publish","type":"product","link":"https:\/\/topholds.com\/fr\/offre\/prises-escalade\/enfants\/tubis-dog\/","title":{"rendered":"Prises d&rsquo;escalade pour Enfants Tubis Dog"},"content":{"rendered":"<p><strong>Tubis Dog est une prise d&rsquo;escalade pour enfants<\/strong> con\u00e7ue sp\u00e9cialement pour cr\u00e9er des circuits de psychomotricit\u00e9 qui divertissent et stimulent les plus petits.<\/p>\n<p>Cette <em>prise pour enfants<\/em> est <strong>compatible avec des tube de 25 mm de diam\u00e8tre<\/strong>, comme ceux de plomberie. Personnalisez et d\u00e9corez les tubes avec des rubans de couleurs pour obtenir une finition attrayante et amusante \u00e0 moindre co\u00fbt.<\/p>\n<p>Avec les <em>prises pour enfants Tubis Dog<\/em>, vous pouvez <strong>concevoir des obstacles d\u00e9fiants et des arcs<\/strong> que les enfants devront contourner et traverser, favorisant ainsi leur cr\u00e9ativit\u00e9 et leurs comp\u00e9tences motrices.<\/p>\n<p>Lorsque les tubes sont retir\u00e9s, les prises Tubis Dog se transforment en <strong>prises con\u00e7ues pour offrir une prise facile \u00e0 attraper<\/strong>, adapt\u00e9e aux petites mains et offrant une prise s\u00fbre et confortable.<\/p>\n<p>Avec Tubis Dog, vous pourrez remplir votre mur de joie et de plaisir pour les petits, tout en <strong>cr\u00e9ant une multitude de jeux et d&rsquo;activit\u00e9s<\/strong> pour leur plaisir.<\/p>\n<p>Pour son installation, il est recommand\u00e9 d&rsquo;utiliser des vis M10x40 ou M8x40.<\/p>\n<p>Profitez des avantages des <em>prises Tubis Dog<\/em> et transformez votre espace en un paradis de divertissement pour les enfants !<\/p>\n<p>Veuillez noter que les couleurs du produit peuvent varier par rapport \u00e0 l&rsquo;image montr\u00e9e. Si vous d\u00e9sirez une couleur sp\u00e9cifique, n&rsquo;h\u00e9sitez pas \u00e0 nous contacter.<\/p>\n","protected":false},"excerpt":{"rendered":"<ul>\n<li>Prise pour cr\u00e9er des circuits de psychomotricit\u00e9 amusants et vari\u00e9s.<\/li>\n<li>Compatible avec des piquets et des tubes de 25 mm de diam\u00e8tre que vous pouvez personnaliser avec des couleurs.<\/li>\n<li>Permet de cr\u00e9er des obstacles et des arcs pour stimuler le mouvement et la coordination des petits.<\/li>\n<li>Prise en forme de chien et de louche pour une prise en main confortable et s\u00e9curis\u00e9e.<\/li>\n<\/ul>\n","protected":false},"featured_media":18971,"comment_status":"open","ping_status":"closed","template":"","meta":[],"product_brand":[],"product_cat":[431],"product_tag":[],"class_list":{"0":"post-16577","1":"product","2":"type-product","3":"status-publish","4":"has-post-thumbnail","6":"product_cat-enfants","8":"first","9":"instock","10":"taxable","11":"shipping-taxable","12":"purchasable","13":"product-type-simple"},"_links":{"self":[{"href":"https:\/\/topholds.com\/fr\/wp-json\/wp\/v2\/product\/16577","targetHints":{"allow":["GET"]}}],"collection":[{"href":"https:\/\/topholds.com\/fr\/wp-json\/wp\/v2\/product"}],"about":[{"href":"https:\/\/topholds.com\/fr\/wp-json\/wp\/v2\/types\/product"}],"replies":[{"embeddable":true,"href":"https:\/\/topholds.com\/fr\/wp-json\/wp\/v2\/comments?post=16577"}],"wp:featuredmedia":[{"embeddable":true,"href":"https:\/\/topholds.com\/fr\/wp-json\/wp\/v2\/media\/18971"}],"wp:attachment":[{"href":"https:\/\/topholds.com\/fr\/wp-json\/wp\/v2\/media?parent=16577"}],"wp:term":[{"taxonomy":"product_brand","embeddable":true,"href":"https:\/\/topholds.com\/fr\/wp-json\/wp\/v2\/product_brand?post=16577"},{"taxonomy":"product_cat","embeddable":true,"href":"https:\/\/topholds.com\/fr\/wp-json\/wp\/v2\/product_cat?post=16577"},{"taxonomy":"product_tag","embeddable":true,"href":"https:\/\/topholds.com\/fr\/wp-json\/wp\/v2\/product_tag?post=16577"}],"curies":[{"name":"wp","href":"https:\/\/api.w.org\/{rel}","templated":true}]}}