{"id":16582,"date":"2017-01-29T15:55:59","date_gmt":"2017-01-29T15:55:59","guid":{"rendered":"https:\/\/topholds.com\/oferta\/presas-escalada\/thera\/thera\/"},"modified":"2024-08-26T03:16:06","modified_gmt":"2024-08-26T03:16:06","slug":"thera","status":"publish","type":"product","link":"https:\/\/topholds.com\/fr\/offre\/prises-escalade\/thera\/","title":{"rendered":"Pack Prises d&rsquo;escalade Thera"},"content":{"rendered":"<p><strong>Thera est un pack de 4 prises d&rsquo;escalade<\/strong> uniques avec une texture de gr\u00e8s doux.<\/p>\n<p>Ces prises sont con\u00e7ues pour <strong>s&rsquo;adapter \u00e0 diff\u00e9rents types de prises simplement en les tournant<\/strong>, ce qui permet de varier la difficult\u00e9 et le type de prise selon les besoins de l&rsquo;escaladeur.<\/p>\n<p>Le <em>pack de prises Thera<\/em> inclut une face avec <strong>texture suppl\u00e9mentaire pour faciliter l&rsquo;adh\u00e9rence sur des surfaces planes<\/strong>, tandis que deux faces ont une texture brillante qui rend la prise plus difficile, mais avec un rebord con\u00e7u pour \u00e9viter que la prise ne glisse.<\/p>\n<p>Pour son installation, il est recommand\u00e9 <strong>d&rsquo;utiliser des vis M10x50 ou M8x50<\/strong>. Toutes les prises sont dot\u00e9es d&rsquo;un trou pour vis anti-rotation, garantissant leur s\u00e9curit\u00e9 et leur stabilit\u00e9 sur le mur.<\/p>\n<p>Profitez des multiples possibilit\u00e9s offertes par la collection Thera et enrichissez votre espace d&rsquo;escalade avec ces prises.<\/p>\n<p>Veuillez noter que les couleurs du produit peuvent varier par rapport \u00e0 l&rsquo;image affich\u00e9e. Si vous souhaitez une couleur sp\u00e9cifique, n&rsquo;h\u00e9sitez pas \u00e0 nous contacter.<\/p>\n","protected":false},"excerpt":{"rendered":"<ul>\n<li>Ce lot comprend 4 prises d&rsquo;escalade.<\/li>\n<li>Texture sablonneuse.<\/li>\n<li>Prises tr\u00e8s polyvalentes qui, en les faisant tourner, offrent diff\u00e9rentes prises.<\/li>\n<li>Texture suppl\u00e9mentaire sur l&rsquo;une de ses faces pour faciliter l&rsquo;adh\u00e9rence sur le plan.<\/li>\n<li>Deux faces avec une texture brillante pour rendre la prise plus difficile, mais avec un rebord pour \u00e9viter qu&rsquo;elle ne nous \u00e9chappe.<\/li>\n<\/ul>\n","protected":false},"featured_media":18976,"comment_status":"open","ping_status":"closed","template":"","meta":[],"product_brand":[],"product_cat":[429],"product_tag":[],"class_list":{"0":"post-16582","1":"product","2":"type-product","3":"status-publish","4":"has-post-thumbnail","6":"product_cat-prises-escalade","8":"first","9":"instock","10":"taxable","11":"shipping-taxable","12":"purchasable","13":"product-type-simple"},"_links":{"self":[{"href":"https:\/\/topholds.com\/fr\/wp-json\/wp\/v2\/product\/16582","targetHints":{"allow":["GET"]}}],"collection":[{"href":"https:\/\/topholds.com\/fr\/wp-json\/wp\/v2\/product"}],"about":[{"href":"https:\/\/topholds.com\/fr\/wp-json\/wp\/v2\/types\/product"}],"replies":[{"embeddable":true,"href":"https:\/\/topholds.com\/fr\/wp-json\/wp\/v2\/comments?post=16582"}],"wp:featuredmedia":[{"embeddable":true,"href":"https:\/\/topholds.com\/fr\/wp-json\/wp\/v2\/media\/18976"}],"wp:attachment":[{"href":"https:\/\/topholds.com\/fr\/wp-json\/wp\/v2\/media?parent=16582"}],"wp:term":[{"taxonomy":"product_brand","embeddable":true,"href":"https:\/\/topholds.com\/fr\/wp-json\/wp\/v2\/product_brand?post=16582"},{"taxonomy":"product_cat","embeddable":true,"href":"https:\/\/topholds.com\/fr\/wp-json\/wp\/v2\/product_cat?post=16582"},{"taxonomy":"product_tag","embeddable":true,"href":"https:\/\/topholds.com\/fr\/wp-json\/wp\/v2\/product_tag?post=16582"}],"curies":[{"name":"wp","href":"https:\/\/api.w.org\/{rel}","templated":true}]}}