{"id":16592,"date":"2017-01-29T16:44:48","date_gmt":"2017-01-29T16:44:48","guid":{"rendered":"https:\/\/topholds.com\/oferta\/presas-escalada\/niko\/niko\/"},"modified":"2024-08-26T03:19:25","modified_gmt":"2024-08-26T03:19:25","slug":"niko","status":"publish","type":"product","link":"https:\/\/topholds.com\/fr\/offre\/prises-escalade\/enfants\/niko\/","title":{"rendered":"Prises d&rsquo;escalade pour Enfants Niko"},"content":{"rendered":"<p><strong>Niko est une prise d&rsquo;escalade pour enfants<\/strong> con\u00e7ue sp\u00e9cialement pour cr\u00e9er des circuits de psychomotricit\u00e9, offrant divertissement et stimulation aux plus jeunes.<\/p>\n<p>Cette prise polyvalente est <strong>compatible avec des tubes flottants de 60 mm de diam\u00e8tre<\/strong>, vous permettant de concevoir des obstacles stimulants et des arcs que les enfants devront contourner et traverser, favorisant ainsi leur cr\u00e9ativit\u00e9 et leurs comp\u00e9tences motrices.<\/p>\n<p>Avec les <em>prises pour enfants Niko<\/em>, <strong>vous remplirez votre mur de joie et de divertissement pour les petits<\/strong>, tout en cr\u00e9ant une multitude de jeux et d&rsquo;activit\u00e9s pour leur plaisir.<\/p>\n<p>Pour son installation, il est conseill\u00e9 d&rsquo;<strong>utiliser des vis M10x40 ou M8x40<\/strong>. Il est \u00e9galement possible de la fixer par des tirefonds, ce qui offre une plus grande flexibilit\u00e9 dans son montage.<\/p>\n<p>Profitez des avantages de NIKO et transformez votre espace en un paradis de divertissement pour les enfants !<\/p>\n<p>Veuillez noter que les couleurs du produit peuvent varier par rapport \u00e0 l&rsquo;image affich\u00e9e. Si vous souhaitez une couleur sp\u00e9cifique, n&rsquo;h\u00e9sitez pas \u00e0 nous contacter.<\/p>\n","protected":false},"excerpt":{"rendered":"<ul>\n<li>Prise pour r\u00e9aliser des circuits de psychomotricit\u00e9 cr\u00e9atifs et dynamiques.<\/li>\n<li>Adapt\u00e9e pour accueillir un tube flottant de 60 mm de diam\u00e8tre que vous pouvez personnaliser avec des couleurs.<\/li>\n<li>Permet de cr\u00e9er des obstacles et des arcs pour encourager le jeu et l&rsquo;habilet\u00e9 des petits.<\/li>\n<li>Se fixe avec une vis M10x40 (recommand\u00e9) ou M8x40 ou avec des vis \u00e0 b\u00e9ton.<\/li>\n<\/ul>\n","protected":false},"featured_media":19006,"comment_status":"open","ping_status":"closed","template":"","meta":[],"product_brand":[],"product_cat":[431],"product_tag":[],"class_list":{"0":"post-16592","1":"product","2":"type-product","3":"status-publish","4":"has-post-thumbnail","6":"product_cat-enfants","8":"first","9":"instock","10":"taxable","11":"shipping-taxable","12":"purchasable","13":"product-type-simple"},"_links":{"self":[{"href":"https:\/\/topholds.com\/fr\/wp-json\/wp\/v2\/product\/16592","targetHints":{"allow":["GET"]}}],"collection":[{"href":"https:\/\/topholds.com\/fr\/wp-json\/wp\/v2\/product"}],"about":[{"href":"https:\/\/topholds.com\/fr\/wp-json\/wp\/v2\/types\/product"}],"replies":[{"embeddable":true,"href":"https:\/\/topholds.com\/fr\/wp-json\/wp\/v2\/comments?post=16592"}],"wp:featuredmedia":[{"embeddable":true,"href":"https:\/\/topholds.com\/fr\/wp-json\/wp\/v2\/media\/19006"}],"wp:attachment":[{"href":"https:\/\/topholds.com\/fr\/wp-json\/wp\/v2\/media?parent=16592"}],"wp:term":[{"taxonomy":"product_brand","embeddable":true,"href":"https:\/\/topholds.com\/fr\/wp-json\/wp\/v2\/product_brand?post=16592"},{"taxonomy":"product_cat","embeddable":true,"href":"https:\/\/topholds.com\/fr\/wp-json\/wp\/v2\/product_cat?post=16592"},{"taxonomy":"product_tag","embeddable":true,"href":"https:\/\/topholds.com\/fr\/wp-json\/wp\/v2\/product_tag?post=16592"}],"curies":[{"name":"wp","href":"https:\/\/api.w.org\/{rel}","templated":true}]}}