{"id":16602,"date":"2017-02-26T20:33:15","date_gmt":"2017-02-26T20:33:15","guid":{"rendered":"https:\/\/topholds.com\/oferta\/presas-escalada\/tubis-basic\/tubis-basic\/"},"modified":"2024-08-26T03:21:56","modified_gmt":"2024-08-26T03:21:56","slug":"tubis-basic","status":"publish","type":"product","link":"https:\/\/topholds.com\/fr\/offre\/prises-escalade\/enfants\/tubis-basic\/","title":{"rendered":"Prises d&rsquo;escalade pour Enfants Tubis Basic"},"content":{"rendered":"<p><strong>Tubis Basic est une prise d&rsquo;escalade pour enfants \u00e9conomique<\/strong> et polyvalente, con\u00e7ue sp\u00e9cifiquement pour cr\u00e9er des circuits de psychomotricit\u00e9 qui divertissent et stimulent les plus jeunes.<\/p>\n<p>Cette prise est <strong>compatible avec des tubes de 25 mm de diam\u00e8tre<\/strong>, comme ceux utilis\u00e9s en plomberie. Personnalisez et d\u00e9corez les tubes avec des bandes color\u00e9es pour obtenir une finition attrayante et amusante \u00e0 faible co\u00fbt.<\/p>\n<p>Avec les <em>prises Tubis Basic<\/em>, vous pouvez <strong>concevoir des obstacles d\u00e9fiants et des arcs<\/strong> que les enfants devront contourner et traverser, favorisant leur cr\u00e9ativit\u00e9 et leurs comp\u00e9tences motrices.<\/p>\n<p>Cette pi\u00e8ce est l&rsquo;option la plus \u00e9conomique de notre gamme Tubis, \u00e9tant <strong>id\u00e9ale pour les murs d&rsquo;escalade qui souhaitent proposer des circuits pour enfants sans sacrifier les prises conventionnelles<\/strong>, car elles se fixent avec des vis \u00e0 bois.<\/p>\n<p>Avec Tubis Basic, vous pourrez remplir votre mur de joie et de divertissement pour les petits, tout en cr\u00e9ant une multitude de jeux et d&rsquo;activit\u00e9s pour leur plaisir.<\/p>\n<p>Pour son installation, <strong>2 vis \u00e0 bois de 4&#215;40 mm sont requises<\/strong>.<\/p>\n<p>Veuillez noter que les couleurs du produit peuvent varier par rapport \u00e0 l&rsquo;image pr\u00e9sent\u00e9e. Si vous souhaitez une couleur sp\u00e9cifique, n&rsquo;h\u00e9sitez pas \u00e0 nous contacter.<\/p>\n","protected":false},"excerpt":{"rendered":"<ul>\n<li>Prise pour r\u00e9aliser des circuits de psychomotricit\u00e9 \u00e9conomiques et cr\u00e9atifs.<\/li>\n<li>Compatible avec des piquets et des tubes de 25 mm de diam\u00e8tre que vous pouvez personnaliser avec des couleurs.<\/li>\n<li>Permet de cr\u00e9er des obstacles et des arches pour favoriser le jeu et la dext\u00e9rit\u00e9 des enfants.<\/li>\n<li>2 vis \u00e0 bois 4x40mm pour une installation rapide.<\/li>\n<\/ul>\n","protected":false},"featured_media":19046,"comment_status":"open","ping_status":"closed","template":"","meta":[],"product_brand":[],"product_cat":[431],"product_tag":[],"class_list":{"0":"post-16602","1":"product","2":"type-product","3":"status-publish","4":"has-post-thumbnail","6":"product_cat-enfants","8":"first","9":"instock","10":"taxable","11":"shipping-taxable","12":"purchasable","13":"product-type-simple"},"_links":{"self":[{"href":"https:\/\/topholds.com\/fr\/wp-json\/wp\/v2\/product\/16602","targetHints":{"allow":["GET"]}}],"collection":[{"href":"https:\/\/topholds.com\/fr\/wp-json\/wp\/v2\/product"}],"about":[{"href":"https:\/\/topholds.com\/fr\/wp-json\/wp\/v2\/types\/product"}],"replies":[{"embeddable":true,"href":"https:\/\/topholds.com\/fr\/wp-json\/wp\/v2\/comments?post=16602"}],"wp:featuredmedia":[{"embeddable":true,"href":"https:\/\/topholds.com\/fr\/wp-json\/wp\/v2\/media\/19046"}],"wp:attachment":[{"href":"https:\/\/topholds.com\/fr\/wp-json\/wp\/v2\/media?parent=16602"}],"wp:term":[{"taxonomy":"product_brand","embeddable":true,"href":"https:\/\/topholds.com\/fr\/wp-json\/wp\/v2\/product_brand?post=16602"},{"taxonomy":"product_cat","embeddable":true,"href":"https:\/\/topholds.com\/fr\/wp-json\/wp\/v2\/product_cat?post=16602"},{"taxonomy":"product_tag","embeddable":true,"href":"https:\/\/topholds.com\/fr\/wp-json\/wp\/v2\/product_tag?post=16602"}],"curies":[{"name":"wp","href":"https:\/\/api.w.org\/{rel}","templated":true}]}}