{"id":16607,"date":"2017-03-03T06:21:03","date_gmt":"2017-03-03T06:21:03","guid":{"rendered":"https:\/\/topholds.com\/oferta\/presas-escalada\/tubis-ball\/tubis-ball\/"},"modified":"2024-08-26T03:23:27","modified_gmt":"2024-08-26T03:23:27","slug":"tubis-ball","status":"publish","type":"product","link":"https:\/\/topholds.com\/fr\/offre\/prises-escalade\/enfants\/tubis-ball\/","title":{"rendered":"Prises d&rsquo;escalade pour Enfants Tubis Ball"},"content":{"rendered":"<p><strong>Tubis Ball est une prise d&rsquo;escalade pour enfants<\/strong> sp\u00e9cialement con\u00e7ue pour cr\u00e9er des circuits de psychomotricit\u00e9, offrant amusement et stimulation aux plus jeunes.<\/p>\n<p>Cette prise polyvalente est <strong>compatible avec des tubes et des piques de 25 mm de diam\u00e8tre<\/strong>, comme ceux utilis\u00e9s en plomberie. Personnalisez et d\u00e9corez les tubes avec des rubans color\u00e9s pour obtenir une finition esth\u00e9tique et amusante \u00e0 faible co\u00fbt.<\/p>\n<p>Avec Tubis Ball, vous pouvez <strong>concevoir des obstacles stimulants et des arcs<\/strong> que les enfants devront contourner et traverser, favorisant leur cr\u00e9ativit\u00e9 et leurs comp\u00e9tences motrices.<\/p>\n<p>Lorsqu&rsquo;on retire les tubes, Tubis Ball se transforme en une <strong>prise compl\u00e8tement ronde de 7 cm de diam\u00e8tre<\/strong>, offrant une prise ferme et adapt\u00e9e aux petites mains, garantissant leur s\u00e9curit\u00e9 et leur plaisir.<\/p>\n<p>Ajoutez une touche de fun et de couleur \u00e0 votre mur avec cette prise multifonctionnelle, et cr\u00e9ez une vari\u00e9t\u00e9 infinie de jeux et d&rsquo;activit\u00e9s pour les plus petits.<\/p>\n<p>Il est recommand\u00e9 d&rsquo;<strong>utiliser des vis M10x40 ou M8x40 pour son installation<\/strong>.<\/p>\n<p>Veuillez noter que les couleurs du produit peuvent varier par rapport \u00e0 l&rsquo;image affich\u00e9e. Si vous souhaitez une couleur sp\u00e9cifique, n&rsquo;h\u00e9sitez pas \u00e0 nous contacter.<\/p>\n","protected":false},"excerpt":{"rendered":"<ul>\n<li>Prise pour r\u00e9aliser des circuits de psychomotricit\u00e9 amusants et vari\u00e9s.<\/li>\n<li>Adapt\u00e9e pour ins\u00e9rer des piques et des tubes de 25 mm de diam\u00e8tre que vous pouvez personnaliser avec des couleurs.<\/li>\n<li>Permet de cr\u00e9er des obstacles et des arcs pour stimuler le mouvement et la coordination des petits.<\/li>\n<\/ul>\n","protected":false},"featured_media":19066,"comment_status":"open","ping_status":"closed","template":"","meta":[],"product_brand":[],"product_cat":[431],"product_tag":[],"class_list":{"0":"post-16607","1":"product","2":"type-product","3":"status-publish","4":"has-post-thumbnail","6":"product_cat-enfants","8":"first","9":"instock","10":"taxable","11":"shipping-taxable","12":"purchasable","13":"product-type-simple"},"_links":{"self":[{"href":"https:\/\/topholds.com\/fr\/wp-json\/wp\/v2\/product\/16607","targetHints":{"allow":["GET"]}}],"collection":[{"href":"https:\/\/topholds.com\/fr\/wp-json\/wp\/v2\/product"}],"about":[{"href":"https:\/\/topholds.com\/fr\/wp-json\/wp\/v2\/types\/product"}],"replies":[{"embeddable":true,"href":"https:\/\/topholds.com\/fr\/wp-json\/wp\/v2\/comments?post=16607"}],"wp:featuredmedia":[{"embeddable":true,"href":"https:\/\/topholds.com\/fr\/wp-json\/wp\/v2\/media\/19066"}],"wp:attachment":[{"href":"https:\/\/topholds.com\/fr\/wp-json\/wp\/v2\/media?parent=16607"}],"wp:term":[{"taxonomy":"product_brand","embeddable":true,"href":"https:\/\/topholds.com\/fr\/wp-json\/wp\/v2\/product_brand?post=16607"},{"taxonomy":"product_cat","embeddable":true,"href":"https:\/\/topholds.com\/fr\/wp-json\/wp\/v2\/product_cat?post=16607"},{"taxonomy":"product_tag","embeddable":true,"href":"https:\/\/topholds.com\/fr\/wp-json\/wp\/v2\/product_tag?post=16607"}],"curies":[{"name":"wp","href":"https:\/\/api.w.org\/{rel}","templated":true}]}}