{"id":16617,"date":"2017-03-04T18:01:36","date_gmt":"2017-03-04T18:01:36","guid":{"rendered":"https:\/\/topholds.com\/oferta\/presas-escalada\/tubis-rabbit\/tubis-rabbit\/"},"modified":"2024-08-26T03:26:12","modified_gmt":"2024-08-26T03:26:12","slug":"tubis-rabbit","status":"publish","type":"product","link":"https:\/\/topholds.com\/fr\/offre\/prises-escalade\/enfants\/tubis-rabbit\/","title":{"rendered":"Prises d&rsquo;escalade Tubis Rabbit"},"content":{"rendered":"<p><strong>Tubis Rabbit est une prise d&rsquo;escalade innovante pour les enfants<\/strong> con\u00e7ue sp\u00e9cialement pour cr\u00e9er des circuits de psychomotricit\u00e9, stimulant le d\u00e9veloppement et le plaisir des plus petits.<\/p>\n<p>Cette prise polyvalente est <strong>compatible avec des tubes et des piques de 25 mm de diam\u00e8tre<\/strong>, comme ceux de plomberie. Personnalisez et d\u00e9corez les tubes avec des rubans color\u00e9s pour obtenir une finition parfaite \u00e0 tr\u00e8s bas co\u00fbt.<\/p>\n<p>Avec les <em>prises Tubis Rabbit<\/em>, vous pouvez <strong>concevoir des obstacles d\u00e9fiants et des arcs<\/strong> que les enfants devront contourner et traverser, favorisant leur cr\u00e9ativit\u00e9 et leurs comp\u00e9tences motrices.<\/p>\n<p>Lorsque les tubes sont retir\u00e9s, Tubis Rabbit se transforme en <strong>prise avec une prise optimale pour les petites mains<\/strong>, garantissant leur s\u00e9curit\u00e9 et leur plaisir.<\/p>\n<p>Ajoutez une touche de divertissement et de couleur \u00e0 votre mur avec cette prise multifonctionnelle, et cr\u00e9ez une vari\u00e9t\u00e9 infinie de jeux et d&rsquo;activit\u00e9s pour les plus petits.<\/p>\n<p>Il est recommand\u00e9 <strong>d&rsquo;utiliser des vis M10x40 ou M8x40 pour son installation<\/strong>.<\/p>\n<p>Veuillez noter que les couleurs du produit peuvent varier par rapport \u00e0 l&rsquo;image affich\u00e9e. Si vous souhaitez une couleur sp\u00e9cifique, n&rsquo;h\u00e9sitez pas \u00e0 nous contacter.<\/p>\n","protected":false},"excerpt":{"rendered":"<ul>\n<li>Id\u00e9al pour cr\u00e9er des circuits de psychomotricit\u00e9 pour les enfants.<\/li>\n<li>Adapt\u00e9 pour ins\u00e9rer des piques et tout tube de 25 mm de diam\u00e8tre.<\/li>\n<li>Cr\u00e9ativit\u00e9 et comp\u00e9tences motrices avec des arcs.<\/li>\n<li>Prise optimale pour les petites mains.<\/li>\n<\/ul>\n<p>&nbsp;<\/p>\n","protected":false},"featured_media":19106,"comment_status":"open","ping_status":"closed","template":"","meta":[],"product_brand":[],"product_cat":[431],"product_tag":[],"class_list":{"0":"post-16617","1":"product","2":"type-product","3":"status-publish","4":"has-post-thumbnail","6":"product_cat-enfants","8":"first","9":"instock","10":"taxable","11":"shipping-taxable","12":"purchasable","13":"product-type-simple"},"_links":{"self":[{"href":"https:\/\/topholds.com\/fr\/wp-json\/wp\/v2\/product\/16617","targetHints":{"allow":["GET"]}}],"collection":[{"href":"https:\/\/topholds.com\/fr\/wp-json\/wp\/v2\/product"}],"about":[{"href":"https:\/\/topholds.com\/fr\/wp-json\/wp\/v2\/types\/product"}],"replies":[{"embeddable":true,"href":"https:\/\/topholds.com\/fr\/wp-json\/wp\/v2\/comments?post=16617"}],"wp:featuredmedia":[{"embeddable":true,"href":"https:\/\/topholds.com\/fr\/wp-json\/wp\/v2\/media\/19106"}],"wp:attachment":[{"href":"https:\/\/topholds.com\/fr\/wp-json\/wp\/v2\/media?parent=16617"}],"wp:term":[{"taxonomy":"product_brand","embeddable":true,"href":"https:\/\/topholds.com\/fr\/wp-json\/wp\/v2\/product_brand?post=16617"},{"taxonomy":"product_cat","embeddable":true,"href":"https:\/\/topholds.com\/fr\/wp-json\/wp\/v2\/product_cat?post=16617"},{"taxonomy":"product_tag","embeddable":true,"href":"https:\/\/topholds.com\/fr\/wp-json\/wp\/v2\/product_tag?post=16617"}],"curies":[{"name":"wp","href":"https:\/\/api.w.org\/{rel}","templated":true}]}}