{"id":16627,"date":"2017-03-11T19:58:17","date_gmt":"2017-03-11T19:58:17","guid":{"rendered":"https:\/\/topholds.com\/oferta\/fijaciones\/set-anclajes-lote-presas-bebe\/set-ancrages-lot-prises-bebe\/"},"modified":"2024-08-26T03:27:57","modified_gmt":"2024-08-26T03:27:57","slug":"set-ancrages-lot-prises-bebe","status":"publish","type":"product","link":"https:\/\/topholds.com\/fr\/offre\/ancrages\/set-ancrages-lot-prises-bebe\/","title":{"rendered":"Set Ancrages pour Lot Prises B\u00e9b\u00e9"},"content":{"rendered":"<p><strong>Ensemble de noix et de vis<\/strong> est le compl\u00e9ment id\u00e9al pour installer le <a href=\"https:\/\/topholds.com\/oferta\/presas-escalada\/ninos\/lote-presas-bebe\/\">lot de prises pour b\u00e9b\u00e9<\/a> sur des panneaux d&rsquo;une \u00e9paisseur comprise entre 16 et 19 mm. Cet ensemble comprend :<\/p>\n<ul>\n<li>13 vis Allen M10x40 de haute qualit\u00e9 et r\u00e9sistance<\/li>\n<li>6 vis Allen M10x30 de haute qualit\u00e9 et r\u00e9sistance<\/li>\n<li>19 \u00e9crous en \u00e9toile M10 qui s&rsquo;adaptent \u00e0 toute forme de panneau<\/li>\n<\/ul>\n<p>Avec cet ensemble, vous pourrez <strong>placer les prises pour b\u00e9b\u00e9s avec s\u00e9curit\u00e9 et facilit\u00e9<\/strong>. De plus, vous pourrez changer la disposition des prises si vous ajoutez plus d&rsquo;\u00e9crous au panneau. Nous vous recommandons d&rsquo;utiliser les vis M10, mais vous pouvez \u00e9galement utiliser les M8 si vous le souhaitez.<\/p>\n<p>Si vous souhaitez installer les prises sur d&rsquo;autres surfaces comme le b\u00e9ton ou la brique, contactez-nous et nous vous conseillerons.<\/p>\n","protected":false},"excerpt":{"rendered":"<ul>\n<li>Ensemble d&rsquo;\u00e9crous et de vis n\u00e9cessaires pour installer le lot de prises b\u00e9b\u00e9.<\/li>\n<li>Id\u00e9al pour des panneaux compris entre 16 et 19 millim\u00e8tres d&rsquo;\u00e9paisseur.<\/li>\n<\/ul>\n","protected":false},"featured_media":19121,"comment_status":"open","ping_status":"closed","template":"","meta":[],"product_brand":[],"product_cat":[430,427],"product_tag":[],"class_list":{"0":"post-16627","1":"product","2":"type-product","3":"status-publish","4":"has-post-thumbnail","6":"product_cat-ancrages","7":"product_cat-packs-materiel-rocodrome","9":"first","10":"instock","11":"taxable","12":"shipping-taxable","13":"purchasable","14":"product-type-simple"},"_links":{"self":[{"href":"https:\/\/topholds.com\/fr\/wp-json\/wp\/v2\/product\/16627","targetHints":{"allow":["GET"]}}],"collection":[{"href":"https:\/\/topholds.com\/fr\/wp-json\/wp\/v2\/product"}],"about":[{"href":"https:\/\/topholds.com\/fr\/wp-json\/wp\/v2\/types\/product"}],"replies":[{"embeddable":true,"href":"https:\/\/topholds.com\/fr\/wp-json\/wp\/v2\/comments?post=16627"}],"wp:featuredmedia":[{"embeddable":true,"href":"https:\/\/topholds.com\/fr\/wp-json\/wp\/v2\/media\/19121"}],"wp:attachment":[{"href":"https:\/\/topholds.com\/fr\/wp-json\/wp\/v2\/media?parent=16627"}],"wp:term":[{"taxonomy":"product_brand","embeddable":true,"href":"https:\/\/topholds.com\/fr\/wp-json\/wp\/v2\/product_brand?post=16627"},{"taxonomy":"product_cat","embeddable":true,"href":"https:\/\/topholds.com\/fr\/wp-json\/wp\/v2\/product_cat?post=16627"},{"taxonomy":"product_tag","embeddable":true,"href":"https:\/\/topholds.com\/fr\/wp-json\/wp\/v2\/product_tag?post=16627"}],"curies":[{"name":"wp","href":"https:\/\/api.w.org\/{rel}","templated":true}]}}