{"id":16632,"date":"2017-03-12T07:16:48","date_gmt":"2017-03-12T07:16:48","guid":{"rendered":"https:\/\/topholds.com\/oferta\/fijaciones\/set-anclajes-para-lote-presas-infantiles\/set-ancrages-lot-prises-escalade-enfants\/"},"modified":"2025-01-19T10:04:57","modified_gmt":"2025-01-19T10:04:57","slug":"set-ancrages-lot-prises-escalade-enfants","status":"publish","type":"product","link":"https:\/\/topholds.com\/fr\/offre\/ancrages\/vis-allen\/set-ancrages-lot-prises-escalade-enfants\/","title":{"rendered":"Set Ancrages pour Lot Prises d&rsquo;escalade pour Enfants"},"content":{"rendered":"<p>Le set d&rsquo;\u00e9crous et de vis est le compl\u00e9ment parfait pour installer le <a href=\"https:\/\/topholds.com\/oferta\/presas-escalada\/ninos\/lote-presas-infantiles\/\">lot de prises infantiles<\/a> sur des panneaux d&rsquo;une \u00e9paisseur de 16 \u00e0 19 mm. Ce set comprend :<\/p>\n<ul>\n<li>41 vis Allen M10x40 de haute qualit\u00e9 et r\u00e9sistance<\/li>\n<li>41 \u00e9crous en \u00e9toile M10 qui s&rsquo;adaptent \u00e0 toute forme du panneau<\/li>\n<li>Vissages divers pour renforcer la fixation<\/li>\n<\/ul>\n<p>Avec ce set, vous pourrez <strong>placer les prises infantiles en toute s\u00e9curit\u00e9 et aisance<\/strong>. De plus, vous pourrez changer la disposition des prises si vous ajoutez plus d&rsquo;\u00e9crous au panneau. Nous vous recommandons d&rsquo;utiliser les vis M10, mais vous pouvez \u00e9galement utiliser les M8 si vous le souhaitez.<\/p>\n<p>Si vous souhaitez installer les prises sur d&rsquo;autres surfaces comme le b\u00e9ton ou la brique, consultez-nous et nous vous conseillerons.<\/p>\n","protected":false},"excerpt":{"rendered":"<ul>\n<li>Set d&rsquo;\u00e9crous et de vis n\u00e9cessaires pour installer le lot de prises pour enfants.<\/li>\n<li>Id\u00e9al pour des panneaux d&rsquo;une \u00e9paisseur comprise entre 16 et 19 millim\u00e8tres.<\/li>\n<\/ul>\n<p>&nbsp;<\/p>\n","protected":false},"featured_media":19126,"comment_status":"open","ping_status":"closed","template":"","meta":[],"product_brand":[],"product_cat":[430,427,435],"product_tag":[],"class_list":{"0":"post-16632","1":"product","2":"type-product","3":"status-publish","4":"has-post-thumbnail","6":"product_cat-ancrages","7":"product_cat-packs-materiel-rocodrome","8":"product_cat-vis-allen","10":"first","11":"instock","12":"taxable","13":"shipping-taxable","14":"purchasable","15":"product-type-simple"},"_links":{"self":[{"href":"https:\/\/topholds.com\/fr\/wp-json\/wp\/v2\/product\/16632","targetHints":{"allow":["GET"]}}],"collection":[{"href":"https:\/\/topholds.com\/fr\/wp-json\/wp\/v2\/product"}],"about":[{"href":"https:\/\/topholds.com\/fr\/wp-json\/wp\/v2\/types\/product"}],"replies":[{"embeddable":true,"href":"https:\/\/topholds.com\/fr\/wp-json\/wp\/v2\/comments?post=16632"}],"wp:featuredmedia":[{"embeddable":true,"href":"https:\/\/topholds.com\/fr\/wp-json\/wp\/v2\/media\/19126"}],"wp:attachment":[{"href":"https:\/\/topholds.com\/fr\/wp-json\/wp\/v2\/media?parent=16632"}],"wp:term":[{"taxonomy":"product_brand","embeddable":true,"href":"https:\/\/topholds.com\/fr\/wp-json\/wp\/v2\/product_brand?post=16632"},{"taxonomy":"product_cat","embeddable":true,"href":"https:\/\/topholds.com\/fr\/wp-json\/wp\/v2\/product_cat?post=16632"},{"taxonomy":"product_tag","embeddable":true,"href":"https:\/\/topholds.com\/fr\/wp-json\/wp\/v2\/product_tag?post=16632"}],"curies":[{"name":"wp","href":"https:\/\/api.w.org\/{rel}","templated":true}]}}