{"id":16642,"date":"2017-03-18T16:13:51","date_gmt":"2017-03-18T16:13:51","guid":{"rendered":"https:\/\/topholds.com\/oferta\/presas-escalada\/bola-de-entrenamiento-12\/balle-entrainement-12\/"},"modified":"2026-03-18T09:22:41","modified_gmt":"2026-03-18T09:22:41","slug":"balle-entrainement-12","status":"publish","type":"product","link":"https:\/\/topholds.com\/fr\/offre\/course-obstacles\/entrainements\/suspensionss\/balle-entrainement-12\/","title":{"rendered":"Suspensions OCR Balle d&rsquo;Entra\u00eenement 12"},"content":{"rendered":"<p><strong>Boule d&rsquo;entra\u00eenement 12 pour suspensions\/tractions<\/strong> est une boule compl\u00e8tement sph\u00e9rique et sans joints qui s&rsquo;adapte parfaitement \u00e0 la forme de votre main.<\/p>\n<p>Sa texture douce permet une <strong>prise confortable et ferme pour am\u00e9liorer votre force et votre r\u00e9sistance<\/strong> en escalade ou en crossfit.<\/p>\n<p>La boule est livr\u00e9e avec un <strong>cordon double de 6 mm<\/strong> qui pr\u00e9sente plusieurs avantages :<\/p>\n<ul>\n<li>Ne vous g\u00eane pas lors de la prise de la boule<\/li>\n<li>Peut \u00eatre accroch\u00e9e facilement n&rsquo;importe o\u00f9 avec un n\u0153ud de alondra<\/li>\n<li>Peut \u00eatre utilis\u00e9e avec un mousqueton pour l&rsquo;accrocher au plafond ou lors de surplombs<\/li>\n<\/ul>\n<p>Son diam\u00e8tre est de 120 mm.<\/p>\n<p>Avec cette boule, vous pourrez vous entra\u00eener o\u00f9 vous le souhaitez et comme vous le souhaitez.<\/p>\n<p>Veuillez noter que les couleurs du produit peuvent varier par rapport \u00e0 l&rsquo;image affich\u00e9e. Si vous souhaitez une couleur sp\u00e9cifique, n&rsquo;h\u00e9sitez pas \u00e0 nous contacter.<\/p>\n","protected":false},"excerpt":{"rendered":"<ul>\n<li>Boule pour suspensions\/tractions<\/li>\n<li>Compl\u00e8tement sph\u00e9rique, sans les jointures ennuyeuses ni renflements.<\/li>\n<li>Id\u00e9ale pour nos entra\u00eenements d&rsquo;escalade ou de crossfit.<\/li>\n<li>Aucun obstacle dans la prise<\/li>\n<li>Avec un mousqueton, nous les accrochons pour des sorties en plafond ou en d\u00e9vers.<\/li>\n<\/ul>\n","protected":false},"featured_media":5519,"comment_status":"open","ping_status":"closed","template":"","meta":[],"product_brand":[],"product_cat":[402,450,455],"product_tag":[],"class_list":{"0":"post-16642","1":"product","2":"type-product","3":"status-publish","4":"has-post-thumbnail","6":"product_cat-course-obstacles","7":"product_cat-entrainements","8":"product_cat-suspensionss","10":"first","11":"instock","12":"sale","13":"taxable","14":"shipping-taxable","15":"purchasable","16":"product-type-simple"},"_links":{"self":[{"href":"https:\/\/topholds.com\/fr\/wp-json\/wp\/v2\/product\/16642","targetHints":{"allow":["GET"]}}],"collection":[{"href":"https:\/\/topholds.com\/fr\/wp-json\/wp\/v2\/product"}],"about":[{"href":"https:\/\/topholds.com\/fr\/wp-json\/wp\/v2\/types\/product"}],"replies":[{"embeddable":true,"href":"https:\/\/topholds.com\/fr\/wp-json\/wp\/v2\/comments?post=16642"}],"wp:featuredmedia":[{"embeddable":true,"href":"https:\/\/topholds.com\/fr\/wp-json\/wp\/v2\/media\/5519"}],"wp:attachment":[{"href":"https:\/\/topholds.com\/fr\/wp-json\/wp\/v2\/media?parent=16642"}],"wp:term":[{"taxonomy":"product_brand","embeddable":true,"href":"https:\/\/topholds.com\/fr\/wp-json\/wp\/v2\/product_brand?post=16642"},{"taxonomy":"product_cat","embeddable":true,"href":"https:\/\/topholds.com\/fr\/wp-json\/wp\/v2\/product_cat?post=16642"},{"taxonomy":"product_tag","embeddable":true,"href":"https:\/\/topholds.com\/fr\/wp-json\/wp\/v2\/product_tag?post=16642"}],"curies":[{"name":"wp","href":"https:\/\/api.w.org\/{rel}","templated":true}]}}