{"id":16647,"date":"2017-05-05T06:59:09","date_gmt":"2017-05-05T06:59:09","guid":{"rendered":"https:\/\/topholds.com\/oferta\/presas-escalada\/arcos\/arcos\/"},"modified":"2024-08-26T03:32:08","modified_gmt":"2024-08-26T03:32:08","slug":"arcos","status":"publish","type":"product","link":"https:\/\/topholds.com\/fr\/offre\/prises-escalade\/arcos\/","title":{"rendered":"Pack Prises d&rsquo;escalade Arcos"},"content":{"rendered":"<p><strong>Arcos est un pack de 5 prises d&rsquo;escalade<\/strong> avec une texture de sable douce.<\/p>\n<p>Ces prises vous offrent des <strong>prises en cuvette tr\u00e8s confortables<\/strong> et s\u00e9curis\u00e9es pour vos mains.<\/p>\n<p>Pour les installer sur le mur, vous aurez besoin de <strong>vis M10x40 (recommand\u00e9es) ou M8x40<\/strong>. De plus, elles disposent d&rsquo;un trou suppl\u00e9mentaire pour que vous puissiez mettre une <strong>vis anti-rotation et \u00e9viter qu&rsquo;elles ne se d\u00e9placent<\/strong>.<\/p>\n<p>Veuillez noter que les couleurs du produit peuvent varier par rapport \u00e0 l&rsquo;image affich\u00e9e. Si vous souhaitez une couleur sp\u00e9cifique, n&rsquo;h\u00e9sitez pas \u00e0 nous contacter.<\/p>\n","protected":false},"excerpt":{"rendered":"<ul>\n<li>Arcos est un lot de 5 prises d&rsquo;escalade.<\/li>\n<li>Texture sableuse douce.<\/li>\n<li>Tr\u00e8s bonnes prises en cuvette.<\/li>\n<li>Toutes avec un trou pour vis anti-rotation.<\/li>\n<\/ul>\n","protected":false},"featured_media":19161,"comment_status":"open","ping_status":"closed","template":"","meta":[],"product_brand":[],"product_cat":[429],"product_tag":[],"class_list":{"0":"post-16647","1":"product","2":"type-product","3":"status-publish","4":"has-post-thumbnail","6":"product_cat-prises-escalade","8":"first","9":"instock","10":"taxable","11":"shipping-taxable","12":"purchasable","13":"product-type-simple"},"_links":{"self":[{"href":"https:\/\/topholds.com\/fr\/wp-json\/wp\/v2\/product\/16647","targetHints":{"allow":["GET"]}}],"collection":[{"href":"https:\/\/topholds.com\/fr\/wp-json\/wp\/v2\/product"}],"about":[{"href":"https:\/\/topholds.com\/fr\/wp-json\/wp\/v2\/types\/product"}],"replies":[{"embeddable":true,"href":"https:\/\/topholds.com\/fr\/wp-json\/wp\/v2\/comments?post=16647"}],"wp:featuredmedia":[{"embeddable":true,"href":"https:\/\/topholds.com\/fr\/wp-json\/wp\/v2\/media\/19161"}],"wp:attachment":[{"href":"https:\/\/topholds.com\/fr\/wp-json\/wp\/v2\/media?parent=16647"}],"wp:term":[{"taxonomy":"product_brand","embeddable":true,"href":"https:\/\/topholds.com\/fr\/wp-json\/wp\/v2\/product_brand?post=16647"},{"taxonomy":"product_cat","embeddable":true,"href":"https:\/\/topholds.com\/fr\/wp-json\/wp\/v2\/product_cat?post=16647"},{"taxonomy":"product_tag","embeddable":true,"href":"https:\/\/topholds.com\/fr\/wp-json\/wp\/v2\/product_tag?post=16647"}],"curies":[{"name":"wp","href":"https:\/\/api.w.org\/{rel}","templated":true}]}}