{"id":16652,"date":"2017-05-05T07:09:41","date_gmt":"2017-05-05T07:09:41","guid":{"rendered":"https:\/\/topholds.com\/oferta\/presas-escalada\/placas\/placas\/"},"modified":"2024-08-26T03:32:49","modified_gmt":"2024-08-26T03:32:49","slug":"placas","status":"publish","type":"product","link":"https:\/\/topholds.com\/fr\/offre\/prises-escalade\/placas\/","title":{"rendered":"Pack Prises d&rsquo;escalade Placas"},"content":{"rendered":"<p><strong>Placas est un pack de 14 prises d&rsquo;escalade<\/strong>, id\u00e9ales pour am\u00e9liorer ta technique de pieds en escalade.<\/p>\n<p>Ces prises ont une texture douce et des formes qui t&rsquo;obligent \u00e0 placer les pieds avec pr\u00e9cision et \u00e9quilibre. Leur hauteur varie entre 12 et 16 mm, ce qui les rend parfaites pour <strong>s&rsquo;entra\u00eener sur des plaques verticales ou l\u00e9g\u00e8rement d\u00e9versantes<\/strong>.<\/p>\n<p>Pour les installer, tu n&rsquo;as besoin que de vis \u00e0 bois.<\/p>\n<p>Garde \u00e0 l&rsquo;esprit que les couleurs du produit peuvent varier par rapport \u00e0 l&rsquo;image montr\u00e9e. Si tu souhaites une couleur sp\u00e9cifique, n&rsquo;h\u00e9site pas \u00e0 nous contacter.<\/p>\n","protected":false},"excerpt":{"rendered":"<ul>\n<li>Placas est un lot de 14 prises d&rsquo;escalade.<\/li>\n<li>Texture et formes parfaites pour entra\u00eener la technique des pieds.<\/li>\n<li>Prises entre 12 et 16 mm de hauteur.<\/li>\n<\/ul>\n","protected":false},"featured_media":19171,"comment_status":"open","ping_status":"closed","template":"","meta":[],"product_brand":[],"product_cat":[429],"product_tag":[],"class_list":{"0":"post-16652","1":"product","2":"type-product","3":"status-publish","4":"has-post-thumbnail","6":"product_cat-prises-escalade","8":"first","9":"instock","10":"taxable","11":"shipping-taxable","12":"purchasable","13":"product-type-simple"},"_links":{"self":[{"href":"https:\/\/topholds.com\/fr\/wp-json\/wp\/v2\/product\/16652","targetHints":{"allow":["GET"]}}],"collection":[{"href":"https:\/\/topholds.com\/fr\/wp-json\/wp\/v2\/product"}],"about":[{"href":"https:\/\/topholds.com\/fr\/wp-json\/wp\/v2\/types\/product"}],"replies":[{"embeddable":true,"href":"https:\/\/topholds.com\/fr\/wp-json\/wp\/v2\/comments?post=16652"}],"wp:featuredmedia":[{"embeddable":true,"href":"https:\/\/topholds.com\/fr\/wp-json\/wp\/v2\/media\/19171"}],"wp:attachment":[{"href":"https:\/\/topholds.com\/fr\/wp-json\/wp\/v2\/media?parent=16652"}],"wp:term":[{"taxonomy":"product_brand","embeddable":true,"href":"https:\/\/topholds.com\/fr\/wp-json\/wp\/v2\/product_brand?post=16652"},{"taxonomy":"product_cat","embeddable":true,"href":"https:\/\/topholds.com\/fr\/wp-json\/wp\/v2\/product_cat?post=16652"},{"taxonomy":"product_tag","embeddable":true,"href":"https:\/\/topholds.com\/fr\/wp-json\/wp\/v2\/product_tag?post=16652"}],"curies":[{"name":"wp","href":"https:\/\/api.w.org\/{rel}","templated":true}]}}