{"id":16657,"date":"2017-05-07T16:03:34","date_gmt":"2017-05-07T16:03:34","guid":{"rendered":"https:\/\/topholds.com\/oferta\/presas-escalada\/dual\/dual\/"},"modified":"2024-08-26T03:33:28","modified_gmt":"2024-08-26T03:33:28","slug":"dual","status":"publish","type":"product","link":"https:\/\/topholds.com\/fr\/offre\/prises-escalade\/dual\/","title":{"rendered":"Pack Prises d&rsquo;escalade Dual"},"content":{"rendered":"<p><strong>Dual est un pack de 2 prises d&rsquo;escalade<\/strong> avec une texture sablonneuse douce.<\/p>\n<p>Ces prises vous offrent <strong>deux options de prise<\/strong> pour les deux mains : une r\u00e9glette et une prise rome.<\/p>\n<p>Pour les fixer au mur, vous aurez besoin de <strong>vis M10x40 (recommand\u00e9es) ou M8x40<\/strong>. De plus, elles disposent de deux trous suppl\u00e9mentaires pour que vous puissiez les renforcer avec des tire-fond si vous le souhaitez.<\/p>\n<p>Veuillez noter que les couleurs du produit peuvent varier par rapport \u00e0 l&rsquo;image affich\u00e9e. Si vous d\u00e9sirez une couleur sp\u00e9cifique, n&rsquo;h\u00e9sitez pas \u00e0 nous contacter.<\/p>\n","protected":false},"excerpt":{"rendered":"<ul>\n<li>Dual est un lot de 2 prises d&rsquo;escalade.<\/li>\n<li>Texture sableuse douce.<\/li>\n<li>Tr\u00e8s bonnes prises pour deux mains.<\/li>\n<li>Une r\u00e9glette d&rsquo;un c\u00f4t\u00e9 et un plat de l&rsquo;autre.<\/li>\n<li>Les deux sont \u00e9quip\u00e9es de deux trous suppl\u00e9mentaires pour pouvoir \u00eatre \u00e9quip\u00e9es avec des vis \u00e0 bois.<\/li>\n<\/ul>\n","protected":false},"featured_media":19186,"comment_status":"open","ping_status":"closed","template":"","meta":[],"product_brand":[],"product_cat":[429],"product_tag":[],"class_list":{"0":"post-16657","1":"product","2":"type-product","3":"status-publish","4":"has-post-thumbnail","6":"product_cat-prises-escalade","8":"first","9":"instock","10":"taxable","11":"shipping-taxable","12":"purchasable","13":"product-type-simple"},"_links":{"self":[{"href":"https:\/\/topholds.com\/fr\/wp-json\/wp\/v2\/product\/16657","targetHints":{"allow":["GET"]}}],"collection":[{"href":"https:\/\/topholds.com\/fr\/wp-json\/wp\/v2\/product"}],"about":[{"href":"https:\/\/topholds.com\/fr\/wp-json\/wp\/v2\/types\/product"}],"replies":[{"embeddable":true,"href":"https:\/\/topholds.com\/fr\/wp-json\/wp\/v2\/comments?post=16657"}],"wp:featuredmedia":[{"embeddable":true,"href":"https:\/\/topholds.com\/fr\/wp-json\/wp\/v2\/media\/19186"}],"wp:attachment":[{"href":"https:\/\/topholds.com\/fr\/wp-json\/wp\/v2\/media?parent=16657"}],"wp:term":[{"taxonomy":"product_brand","embeddable":true,"href":"https:\/\/topholds.com\/fr\/wp-json\/wp\/v2\/product_brand?post=16657"},{"taxonomy":"product_cat","embeddable":true,"href":"https:\/\/topholds.com\/fr\/wp-json\/wp\/v2\/product_cat?post=16657"},{"taxonomy":"product_tag","embeddable":true,"href":"https:\/\/topholds.com\/fr\/wp-json\/wp\/v2\/product_tag?post=16657"}],"curies":[{"name":"wp","href":"https:\/\/api.w.org\/{rel}","templated":true}]}}