{"id":16662,"date":"2017-06-18T06:35:00","date_gmt":"2017-06-18T06:35:00","guid":{"rendered":"https:\/\/topholds.com\/?post_type=product&#038;p=5697\/climbskin-creme-mains\/"},"modified":"2024-08-26T03:34:28","modified_gmt":"2024-08-26T03:34:28","slug":"climbskin-creme-mains","status":"publish","type":"product","link":"https:\/\/topholds.com\/fr\/offre\/accessoires-escalade\/cremes\/climbskin-creme-mains\/","title":{"rendered":"Climbskin\u00ae Cr\u00e8me Mains"},"content":{"rendered":"<ul class=\"media-list\">\n<li class=\"media\">\n<div class=\"media-body\">\n<h4 class=\"media-heading\">Ingr\u00e9dients INCI<\/h4>\n<\/p><\/div>\n<\/li>\n<li class=\"media\">\n<div class=\"pull-left\">Rosa Mosqueta<\/div>\n<\/li>\n<li class=\"media\">\n<div class=\"pull-left\">Aloe Vera (Aloe barbadensis)<\/div>\n<\/li>\n<li class=\"media\">\n<div class=\"pull-left\">Espino Amarillo (Hippophae rhamnoides)<\/div>\n<\/li>\n<li class=\"media\">\n<div class=\"pull-left\">Aquillea, herbe d&rsquo;Achille<\/div>\n<\/li>\n<li class=\"media\">\n<div class=\"pull-left\">Beurre de Karit\u00e9<\/div>\n<\/li>\n<li class=\"media\">\n<div class=\"pull-left\">Teinture de Benjoin (Styrax benzo\u00edn)<\/div>\n<\/li>\n<li class=\"media\">\n<div class=\"pull-left\">Centella Asiatique, herbe des tigres ou Gotu kola (3 %)<\/div>\n<\/li>\n<li class=\"media\">\n<div class=\"pull-left\">Sang de Dragon<\/div>\n<\/li>\n<\/ul>\n<p><strong>CR\u00c8ME POUR LES MAINS CLIMBSKIN\u00ae<\/strong> est la seule cr\u00e8me qui a \u00e9t\u00e9 enti\u00e8rement con\u00e7ue pour les grimpeurs, adaptant au maximum ses propri\u00e9t\u00e9s.<\/p>\n<p><strong>1. Introduction<\/strong><\/p>\n<p>Les mains sont notre connexion directe avec la roche, elles nous permettent de la percevoir de mani\u00e8re sp\u00e9ciale. Une peau soign\u00e9e \u2014 avec des callosit\u00e9s, oui, mais uniforme et \u00e9lastique \u2014 am\u00e9liorera radicalement nos sensations, marquant la diff\u00e9rence dans notre performance lors de l&rsquo;escalade.<\/p>\n<p>Pas besoin de soins extraordinaires, juste une petite routine suppl\u00e9mentaire \u00e0 ajouter \u00e0 votre escalade vous aidera \u00e0 prendre soin de votre peau et \u00e0 mieux la conna\u00eetre.<\/p>\n<p>&nbsp;<\/p>\n<p><strong>2. Soins et conseils<\/strong><\/p>\n<p><strong>Avant :<\/strong> Pr\u00e9parez la peau avant de grimper.<\/p>\n<p>&#8211; Jusqu&rsquo;\u00e0 pr\u00e9sent, il \u00e9tait impensable d&rsquo;utiliser les produits existants avant de grimper. Utilisez la Cr\u00e8me pour les mains Climbskin une heure avant de grimper, une fine couche suffit pour donner \u00e0 la peau une plus grande \u00e9lasticit\u00e9. Cela agit comme un \u00ab\u00a0pr\u00e9paration\u00a0\u00bb aidant \u00e0 pr\u00e9venir diff\u00e9rents dommages sur la peau (cela diminuera la possibilit\u00e9 de \u00ab\u00a0smilies\u00a0\u00bb, de soulever les callosit\u00e9s, de fissures ou de d\u00e9coller la peau de l&rsquo;ongle). La teinture de benjoin et la silica naturelle aident \u00e9galement \u00e0 r\u00e9guler la transpiration, qui est un facteur important dans l&rsquo;usure de la peau.<\/p>\n<p>&nbsp;<\/p>\n<p><strong>Durant :<\/strong><\/p>\n<p>&#8211; Gardez la peau froide et s\u00e8che, une erreur courant est de garder les mains dans les poches jusqu&rsquo;\u00e0 juste avant le mouvement. Une peau avec un peu de sueur et une augmentation de temp\u00e9rature subit un plus grand desgaste. Au contraire, mettez les mains au contact de la roche quelques secondes avant le mouvement.<\/p>\n<p>Coupez et limez toute peau qui se soul\u00e8ve, le plus t\u00f4t possible et aussi petite que cela puisse para\u00eetre, vous \u00e9viterez des dommages plus importants dus \u00e0 des accrochages dans la m\u00eame zone.<\/p>\n<p>Si un callus se soul\u00e8ve, la premi\u00e8re chose \u00e0 faire est d&rsquo;arr\u00eater l&rsquo;h\u00e9morragie. Ensuite, recoupez la peau et limez le rebord de peau g\u00e9n\u00e9r\u00e9. Appliquez la Cr\u00e8me pour les mains Climbskin sur la zone affect\u00e9e et laissez agir 20 minutes, puis \u00e9talez-la. Un exc\u00e8s d&rsquo;hydratation pour ce type de blessures est contre-productif car cela ramollit la peau et ralentit la r\u00e9g\u00e9n\u00e9ration. Maintenez la blessure \u00e0 l&rsquo;air et, si vous d\u00e9cidez de continuer \u00e0 grimper \u2014 vous le ferez probablement \u2014, couvrez-la avec plusieurs tours d&rsquo;une fine bande de sparadrap respirant, faites-le dans le sens de l&rsquo;avant vers l&rsquo;arri\u00e8re, cela mettra plus de temps \u00e0 se d\u00e9placer mais quand \u00e7a le fera, changez-le le plus t\u00f4t possible.<\/p>\n<p>Les fissures, crevasses ou \u201csmilies\u201d se produisent g\u00e9n\u00e9ralement par un manque d&rsquo;\u00e9lasticit\u00e9 dans le callus, et la r\u00e9p\u00e9tition sur un m\u00eame bord. En cas de survenue, il faut nettoyer, couper, limer au maximum et suivre les \u00e9tapes du point pr\u00e9c\u00e9dent avec la cr\u00e8me pour blessures.<\/p>\n<p><strong>Apr\u00e8s :<\/strong> \u00e9galisez la peau de vos mains au maximum \u00e0 la fin de chaque s\u00e9ance (th\u00e9orie des couches).<\/p>\n<p>&#8211; Vous devez soigneusement limer toute la peau soulev\u00e9e avant de vous laver les mains ! Ce n\u2019est qu\u2019ensuite que vous les laverez, il est important de ne pas laisser passer trop de temps si vous avez une peau particuli\u00e8rement s\u00e8che. Limer les mains encore avec du magn\u00e9sium facilitera l&rsquo;\u00e9limination des r\u00e9sidus sur la lime. Si vous utilisez la lime Climbskin pour limer vos mains avec un peu d&rsquo;humidit\u00e9 ou de graisses, utilisez le papier de verre noir (pour m\u00e9tal), ainsi vous pourrez compl\u00e8tement \u00e9liminer les r\u00e9sidus de la lime en limant sur un tissu ou avec une brosse normale et la lime ne souffrira pas d&rsquo;usure.<\/p>\n<p>Limez et \u00e9galisez les fissures et si vous avez subi une usure importante des bout des doigts, il est essentiel de limer la peau autour des ongles pour favoriser une r\u00e9g\u00e9n\u00e9ration uniforme. Un exc\u00e8s de callosit\u00e9 dans ces zones n&rsquo;est pas souhaitable, car cela favorise l&rsquo;usure du bout du doigt.<\/p>\n<p>Limez l&rsquo;exc\u00e8s de callosit\u00e9 sous les lignes de pli dans chaque articulation des doigts, cela rendra plus difficile le soul\u00e8vement des callosit\u00e9s ou la formation de pincements sur de grands bords (surtout important lorsque vous d\u00e9butez en escalade ou que vous vous entra\u00eenez).<\/p>\n<p>Si vous avez un callus qui d\u00e9passe au-dessus de l&rsquo;ongle, vous devez \u00e9galement le limer pour \u00e9viter qu&rsquo;il ne frotte et ne s&rsquo;accroche \u00e0 certains prises.<\/p>\n<p>Avec la peau compl\u00e8tement \u00e9galis\u00e9e, vous devrez laver vos mains, \u00e9liminant la salet\u00e9 et les r\u00e9sidus de magn\u00e9sium. S\u00e9chez-les tr\u00e8s bien. Maintenant est le moment de la Cr\u00e8me pour les mains Climbskin.<\/p>\n<p><strong>Comment appliquer Climbskin :<\/strong> apr\u00e8s une douche \u00e0 l&rsquo;eau ti\u00e8de ou chaude et sans que les mains ne soient enfl\u00e9es, serait le moment parfait.<\/p>\n<p>Vous devrez l&rsquo;appliquer en couches, en l&rsquo;\u00e9talant bien. Normalement, 1 ou 2 couches seront suffisantes. Les couches ne doivent laisser que tr\u00e8s peu de r\u00e9sidus sur la peau, si les mains restent un peu grasses, cela signifie que vous avez utilis\u00e9 plus de cr\u00e8me que n\u00e9cessaire.<\/p>\n<p>Couvrez les blessures, fissures ou \u201csmilies\u201d avec la cr\u00e8me pendant 20 minutes, puis \u00e9talez-la et laissez-les \u00e0 l&rsquo;air. R\u00e9p\u00e9tez le processus 3 fois par jour pour acc\u00e9l\u00e9rer la r\u00e9cup\u00e9ration.<\/p>\n<p>Vous pouvez utiliser <strong>CR\u00c8ME POUR LES MAINS CLIMBSKIN\u00ae<\/strong> plusieurs fois par jour, avant et apr\u00e8s chaque s\u00e9ance d&rsquo;escalade, sans aucun probl\u00e8me.<\/p>\n<p>Incorporez une routine pour prendre soin de la peau de vos mains, vous verrez la grande diff\u00e9rence en peu de temps.<\/p>\n<p>Grimpez plus ! entra\u00eenez-vous plus ! et forcez vos limites avec une meilleure peau que jamais ! Profitez encore plus de l&rsquo;escalade, d\u00e9couvrez Climbskin !<\/p>\n<p>&nbsp;<\/p>\n<p>\u00ab\u00a0C&rsquo;est un excellent produit, il hydrate et reconstruit votre peau. Ce n&rsquo;est pas comme les produits \u00e0 base de cire ou d&rsquo;huiles, vous pouvez l&rsquo;utiliser m\u00eame avant de grimper, ce qui est l&rsquo;une des choses les plus incroyables. Cela va vraiment changer l&rsquo;escalade des gens. C&rsquo;est de loin le meilleur produit du march\u00e9\u00a0\u00bb \u2014 <strong>Chris Sharma<\/strong><\/p>\n","protected":false},"excerpt":{"rendered":"<ul>\n<li>Prend soin de la peau des grimpeurs, favorisant sa r\u00e9g\u00e9n\u00e9ration et sa cicatrisation.<\/li>\n<li>Sans additifs artificiels qui pourraient irriter ou endommager la peau.<\/li>\n<li>Texture dense et non grasse qui s&rsquo;absorbe rapidement et ne laisse pas de r\u00e9sidus.<\/li>\n<li>Respectueuse de l&rsquo;environnement et des animaux.<\/li>\n<\/ul>\n","protected":false},"featured_media":5702,"comment_status":"open","ping_status":"closed","template":"","meta":[],"product_brand":[],"product_cat":[426,443],"product_tag":[],"class_list":{"0":"post-16662","1":"product","2":"type-product","3":"status-publish","4":"has-post-thumbnail","6":"product_cat-accessoires-escalade","7":"product_cat-cremes","8":"product_shipping_class-livraison-economique","10":"first","11":"instock","12":"sale","13":"taxable","14":"shipping-taxable","15":"purchasable","16":"product-type-simple"},"_links":{"self":[{"href":"https:\/\/topholds.com\/fr\/wp-json\/wp\/v2\/product\/16662","targetHints":{"allow":["GET"]}}],"collection":[{"href":"https:\/\/topholds.com\/fr\/wp-json\/wp\/v2\/product"}],"about":[{"href":"https:\/\/topholds.com\/fr\/wp-json\/wp\/v2\/types\/product"}],"replies":[{"embeddable":true,"href":"https:\/\/topholds.com\/fr\/wp-json\/wp\/v2\/comments?post=16662"}],"wp:featuredmedia":[{"embeddable":true,"href":"https:\/\/topholds.com\/fr\/wp-json\/wp\/v2\/media\/5702"}],"wp:attachment":[{"href":"https:\/\/topholds.com\/fr\/wp-json\/wp\/v2\/media?parent=16662"}],"wp:term":[{"taxonomy":"product_brand","embeddable":true,"href":"https:\/\/topholds.com\/fr\/wp-json\/wp\/v2\/product_brand?post=16662"},{"taxonomy":"product_cat","embeddable":true,"href":"https:\/\/topholds.com\/fr\/wp-json\/wp\/v2\/product_cat?post=16662"},{"taxonomy":"product_tag","embeddable":true,"href":"https:\/\/topholds.com\/fr\/wp-json\/wp\/v2\/product_tag?post=16662"}],"curies":[{"name":"wp","href":"https:\/\/api.w.org\/{rel}","templated":true}]}}