{"id":16667,"date":"2017-06-22T18:37:51","date_gmt":"2017-06-22T18:37:51","guid":{"rendered":"https:\/\/topholds.com\/?post_type=product&#038;p=5713\/vocales\/"},"modified":"2024-08-26T03:35:20","modified_gmt":"2024-08-26T03:35:20","slug":"vocales","status":"publish","type":"product","link":"https:\/\/topholds.com\/fr\/offre\/prises-escalade\/enfants\/vocales\/","title":{"rendered":"Pack Prises d&rsquo;escalade pour Enfants Vocales"},"content":{"rendered":"<p><strong>Vocales est un pack de 5 prises d&rsquo;escalade<\/strong> en texture de gr\u00e8s doux.<\/p>\n<p>Con\u00e7ues sp\u00e9cifiquement pour les enfants, <strong>ces prises offrent une excellente adh\u00e9rence<\/strong>, permettant aux petits grimpeurs de d\u00e9velopper des comp\u00e9tences et de la confiance tout en s&rsquo;amusant \u00e0 escalader le mur.<\/p>\n<p>Ces prises sont id\u00e9ales pour <strong>concevoir et construire des jeux cr\u00e9atifs et stimulants sur le mur<\/strong>, \u00e9veillant l&rsquo;int\u00e9r\u00eat et l&rsquo;imagination des enfants dans le processus.<\/p>\n<p>Chaque prise est dot\u00e9e d&rsquo;un <strong>trou pour tirefond anti-rotation<\/strong>, garantissant un ancrage s\u00fbr et stable en tout temps. Il est recommand\u00e9 d&rsquo;utiliser des vis M10x40, bien qu&rsquo;il soit \u00e9galement possible d&rsquo;utiliser des vis M8x40.<\/p>\n<p>Le <em>lot de prises \u00ab\u00a0Vocales\u00a0\u00bb<\/em> comprend une prise de chaque couleur, mais veuillez noter que les couleurs peuvent varier par rapport \u00e0 l&rsquo;image affich\u00e9e. Si vous pr\u00e9f\u00e9rez recevoir toutes les prises dans une seule couleur, n&rsquo;h\u00e9sitez pas \u00e0 nous contacter.<\/p>\n","protected":false},"excerpt":{"rendered":"<ul>\n<li>Vocales est un ensemble de 5 prises d&rsquo;escalade pour enfants.<\/li>\n<li>Texture gr\u00e9s.<\/li>\n<li>Prises avec une tr\u00e8s bonne prise, sp\u00e9cialement con\u00e7ues pour les enfants.<\/li>\n<li>Id\u00e9ales pour cr\u00e9er des jeux sur le mur.<\/li>\n<li>Toutes dot\u00e9es d&rsquo;un trou pour vis anti-rotation.<\/li>\n<\/ul>\n","protected":false},"featured_media":19216,"comment_status":"open","ping_status":"closed","template":"","meta":[],"product_brand":[],"product_cat":[431],"product_tag":[],"class_list":{"0":"post-16667","1":"product","2":"type-product","3":"status-publish","4":"has-post-thumbnail","6":"product_cat-enfants","8":"first","9":"instock","10":"sale","11":"taxable","12":"shipping-taxable","13":"purchasable","14":"product-type-simple"},"_links":{"self":[{"href":"https:\/\/topholds.com\/fr\/wp-json\/wp\/v2\/product\/16667","targetHints":{"allow":["GET"]}}],"collection":[{"href":"https:\/\/topholds.com\/fr\/wp-json\/wp\/v2\/product"}],"about":[{"href":"https:\/\/topholds.com\/fr\/wp-json\/wp\/v2\/types\/product"}],"replies":[{"embeddable":true,"href":"https:\/\/topholds.com\/fr\/wp-json\/wp\/v2\/comments?post=16667"}],"wp:featuredmedia":[{"embeddable":true,"href":"https:\/\/topholds.com\/fr\/wp-json\/wp\/v2\/media\/19216"}],"wp:attachment":[{"href":"https:\/\/topholds.com\/fr\/wp-json\/wp\/v2\/media?parent=16667"}],"wp:term":[{"taxonomy":"product_brand","embeddable":true,"href":"https:\/\/topholds.com\/fr\/wp-json\/wp\/v2\/product_brand?post=16667"},{"taxonomy":"product_cat","embeddable":true,"href":"https:\/\/topholds.com\/fr\/wp-json\/wp\/v2\/product_cat?post=16667"},{"taxonomy":"product_tag","embeddable":true,"href":"https:\/\/topholds.com\/fr\/wp-json\/wp\/v2\/product_tag?post=16667"}],"curies":[{"name":"wp","href":"https:\/\/api.w.org\/{rel}","templated":true}]}}