{"id":16672,"date":"2017-06-23T07:34:35","date_gmt":"2017-06-23T07:34:35","guid":{"rendered":"https:\/\/topholds.com\/?post_type=product&#038;p=5719\/psyche\/"},"modified":"2024-08-26T03:36:03","modified_gmt":"2024-08-26T03:36:03","slug":"psyche","status":"publish","type":"product","link":"https:\/\/topholds.com\/fr\/offre\/prises-escalade\/psyche\/","title":{"rendered":"Pack Prises d&rsquo;escalade Psyche"},"content":{"rendered":"<p>Le <strong>pack de prises d&rsquo;escalade Psyche<\/strong> est un ensemble de douze prises avec une texture duale qui offre une large vari\u00e9t\u00e9 d&rsquo;options de prise. Ces prises comprennent des r\u00e9glettes avec un bord positif, ce qui les rend <strong>id\u00e9ales pour une utilisation sur tout type d&rsquo;inclinaison<\/strong> et parfaites pour l&rsquo;entra\u00eenement gr\u00e2ce \u00e0 leurs bords arrondis.<\/p>\n<p>Ces prises sont <strong>sp\u00e9cialement con\u00e7ues pour les comp\u00e9titions<\/strong> en raison du fait que <strong>chaque prise a un niveau de difficult\u00e9 diff\u00e9rent<\/strong>, ce qui permet de d\u00e9fier et d&rsquo;am\u00e9liorer vos comp\u00e9tences d&rsquo;escalade.<\/p>\n<p>Il est recommand\u00e9 d&rsquo;utiliser des <strong>vis M10x40 ou M8x40<\/strong> pour un montage s\u00e9curis\u00e9 sur le mur. De plus, chaque prise est dot\u00e9e d&rsquo;un trou pour vis anti-rotation qui garantit un maintien s\u00fbr sur n&rsquo;importe quel mur d&rsquo;escalade.<\/p>\n<p>Veuillez noter que les couleurs du produit peuvent varier par rapport \u00e0 l&rsquo;image montr\u00e9e. Si vous souhaitez une couleur sp\u00e9cifique, n&rsquo;h\u00e9sitez pas \u00e0 nous contacter.<\/p>\n","protected":false},"excerpt":{"rendered":"<ul>\n<li>Psyche est un lot de 12 prises d&rsquo;escalade avec texture double.<\/li>\n<li>R\u00e9glettes avec bord positif.<\/li>\n<li>Adapt\u00e9es \u00e0 tout type d&rsquo;inclinaison.<\/li>\n<li>Id\u00e9ales pour l&rsquo;entra\u00eenement gr\u00e2ce \u00e0 leurs bords arrondis.<\/li>\n<li>Chaque prise a une difficult\u00e9 de prise diff\u00e9rente des autres.<\/li>\n<\/ul>\n","protected":false},"featured_media":19226,"comment_status":"open","ping_status":"closed","template":"","meta":[],"product_brand":[],"product_cat":[429],"product_tag":[],"class_list":{"0":"post-16672","1":"product","2":"type-product","3":"status-publish","4":"has-post-thumbnail","6":"product_cat-prises-escalade","8":"first","9":"instock","10":"sale","11":"taxable","12":"shipping-taxable","13":"purchasable","14":"product-type-simple"},"_links":{"self":[{"href":"https:\/\/topholds.com\/fr\/wp-json\/wp\/v2\/product\/16672","targetHints":{"allow":["GET"]}}],"collection":[{"href":"https:\/\/topholds.com\/fr\/wp-json\/wp\/v2\/product"}],"about":[{"href":"https:\/\/topholds.com\/fr\/wp-json\/wp\/v2\/types\/product"}],"replies":[{"embeddable":true,"href":"https:\/\/topholds.com\/fr\/wp-json\/wp\/v2\/comments?post=16672"}],"wp:featuredmedia":[{"embeddable":true,"href":"https:\/\/topholds.com\/fr\/wp-json\/wp\/v2\/media\/19226"}],"wp:attachment":[{"href":"https:\/\/topholds.com\/fr\/wp-json\/wp\/v2\/media?parent=16672"}],"wp:term":[{"taxonomy":"product_brand","embeddable":true,"href":"https:\/\/topholds.com\/fr\/wp-json\/wp\/v2\/product_brand?post=16672"},{"taxonomy":"product_cat","embeddable":true,"href":"https:\/\/topholds.com\/fr\/wp-json\/wp\/v2\/product_cat?post=16672"},{"taxonomy":"product_tag","embeddable":true,"href":"https:\/\/topholds.com\/fr\/wp-json\/wp\/v2\/product_tag?post=16672"}],"curies":[{"name":"wp","href":"https:\/\/api.w.org\/{rel}","templated":true}]}}