{"id":16677,"date":"2017-07-01T19:52:30","date_gmt":"2017-07-01T19:52:30","guid":{"rendered":"https:\/\/topholds.com\/?post_type=product&#038;p=5741\/vis-inviolable-10x80\/"},"modified":"2024-08-26T03:36:48","modified_gmt":"2024-08-26T03:36:48","slug":"vis-inviolable-10x80","status":"publish","type":"product","link":"https:\/\/topholds.com\/fr\/offre\/ancrages\/ancrages-mur\/vis-inviolable-10x80\/","title":{"rendered":"Vis Inviolable 10\u00d780"},"content":{"rendered":"<p>Anclaje m\u00e9tallique avec possibilit\u00e9 de le rendre inviolable une fois serr\u00e9 en y mettant l&rsquo;\u00e9toile sur la t\u00eate.<\/p>\n<p>Consulter le prix pour des grandes quantit\u00e9s.<\/p>\n","protected":false},"excerpt":{"rendered":"<ul>\n<li>S\u00e9curis\u00e9 et r\u00e9sistant<\/li>\n<li>Possibilit\u00e9 de le rendre inviolable.<\/li>\n<\/ul>\n","protected":false},"featured_media":4952,"comment_status":"open","ping_status":"closed","template":"","meta":[],"product_brand":[],"product_cat":[430,434],"product_tag":[],"class_list":{"0":"post-16677","1":"product","2":"type-product","3":"status-publish","4":"has-post-thumbnail","6":"product_cat-ancrages","7":"product_cat-ancrages-mur","9":"first","10":"instock","11":"taxable","12":"shipping-taxable","13":"purchasable","14":"product-type-simple"},"_links":{"self":[{"href":"https:\/\/topholds.com\/fr\/wp-json\/wp\/v2\/product\/16677","targetHints":{"allow":["GET"]}}],"collection":[{"href":"https:\/\/topholds.com\/fr\/wp-json\/wp\/v2\/product"}],"about":[{"href":"https:\/\/topholds.com\/fr\/wp-json\/wp\/v2\/types\/product"}],"replies":[{"embeddable":true,"href":"https:\/\/topholds.com\/fr\/wp-json\/wp\/v2\/comments?post=16677"}],"wp:featuredmedia":[{"embeddable":true,"href":"https:\/\/topholds.com\/fr\/wp-json\/wp\/v2\/media\/4952"}],"wp:attachment":[{"href":"https:\/\/topholds.com\/fr\/wp-json\/wp\/v2\/media?parent=16677"}],"wp:term":[{"taxonomy":"product_brand","embeddable":true,"href":"https:\/\/topholds.com\/fr\/wp-json\/wp\/v2\/product_brand?post=16677"},{"taxonomy":"product_cat","embeddable":true,"href":"https:\/\/topholds.com\/fr\/wp-json\/wp\/v2\/product_cat?post=16677"},{"taxonomy":"product_tag","embeddable":true,"href":"https:\/\/topholds.com\/fr\/wp-json\/wp\/v2\/product_tag?post=16677"}],"curies":[{"name":"wp","href":"https:\/\/api.w.org\/{rel}","templated":true}]}}