{"id":16687,"date":"2017-07-30T16:00:28","date_gmt":"2017-07-30T16:00:28","guid":{"rendered":"https:\/\/topholds.com\/?post_type=product&#038;p=5808\/grieta\/"},"modified":"2024-08-26T03:40:46","modified_gmt":"2024-08-26T03:40:46","slug":"grieta","status":"publish","type":"product","link":"https:\/\/topholds.com\/fr\/offre\/prises-escalade\/grieta\/","title":{"rendered":"Pack Prises d&rsquo;escalade Grieta"},"content":{"rendered":"<p>Le <strong>pack de prises d&rsquo;escalade Grieta<\/strong> est livr\u00e9 avec 2 prises de <strong>texture sablonneuse douce.<\/strong><\/p>\n<p>Ces prises offrent une <strong>vari\u00e9t\u00e9 d&rsquo;options de prise<\/strong> et peuvent \u00eatre utilis\u00e9es dans une large gamme de configurations sur le mur.<\/p>\n<p>Utilis\u00e9es s\u00e9par\u00e9ment, ces prises fournissent de grandes bords pour une prise s\u00fbre. Lorsqu&rsquo;elles sont plac\u00e9es ensemble, elles peuvent former un toboggan ou une fissure pour offrir un d\u00e9fi suppl\u00e9mentaire sur le mur.<\/p>\n<p>Ces prises peuvent \u00eatre <strong>install\u00e9es \u00e0 l&rsquo;aide de vis Allen ou de trois vis \u00e0 bois<\/strong>. Il est recommand\u00e9 d&rsquo;utiliser des vis M10x40 ou M8x40 pour un maintien optimal. De plus, chacune des prises est dot\u00e9e de deux trous suppl\u00e9mentaires pour permettre l&rsquo;installation avec des vis \u00e0 bois si n\u00e9cessaire.<\/p>\n<p>Veuillez noter que les couleurs du produit peuvent varier par rapport \u00e0 l&rsquo;image affich\u00e9e. Si vous souhaitez une couleur sp\u00e9cifique, n&rsquo;h\u00e9sitez pas \u00e0 nous contacter.<\/p>\n","protected":false},"excerpt":{"rendered":"<ul>\n<li>Grieta est un pack de 2 prises d&rsquo;escalade.<\/li>\n<li>Texture de gr\u00e8s douce.<\/li>\n<li>Les utilisant s\u00e9par\u00e9ment, nous avons de grandes prises.<\/li>\n<li>En les mettant ensemble, nous pouvons former une chorrera ou une fissure.<\/li>\n<li>Possibilit\u00e9 de les installer avec des vis Allen ou par 3 vis \u00e0 bois.<\/li>\n<li>\u00c9quip\u00e9es de deux trous suppl\u00e9mentaires pour pouvoir les fixer avec des vis \u00e0 bois \u00e9galement.<\/li>\n<\/ul>\n","protected":false},"featured_media":5798,"comment_status":"open","ping_status":"closed","template":"","meta":[],"product_brand":[],"product_cat":[429],"product_tag":[],"class_list":{"0":"post-16687","1":"product","2":"type-product","3":"status-publish","4":"has-post-thumbnail","6":"product_cat-prises-escalade","8":"first","9":"instock","10":"taxable","11":"shipping-taxable","12":"purchasable","13":"product-type-simple"},"_links":{"self":[{"href":"https:\/\/topholds.com\/fr\/wp-json\/wp\/v2\/product\/16687","targetHints":{"allow":["GET"]}}],"collection":[{"href":"https:\/\/topholds.com\/fr\/wp-json\/wp\/v2\/product"}],"about":[{"href":"https:\/\/topholds.com\/fr\/wp-json\/wp\/v2\/types\/product"}],"replies":[{"embeddable":true,"href":"https:\/\/topholds.com\/fr\/wp-json\/wp\/v2\/comments?post=16687"}],"wp:featuredmedia":[{"embeddable":true,"href":"https:\/\/topholds.com\/fr\/wp-json\/wp\/v2\/media\/5798"}],"wp:attachment":[{"href":"https:\/\/topholds.com\/fr\/wp-json\/wp\/v2\/media?parent=16687"}],"wp:term":[{"taxonomy":"product_brand","embeddable":true,"href":"https:\/\/topholds.com\/fr\/wp-json\/wp\/v2\/product_brand?post=16687"},{"taxonomy":"product_cat","embeddable":true,"href":"https:\/\/topholds.com\/fr\/wp-json\/wp\/v2\/product_cat?post=16687"},{"taxonomy":"product_tag","embeddable":true,"href":"https:\/\/topholds.com\/fr\/wp-json\/wp\/v2\/product_tag?post=16687"}],"curies":[{"name":"wp","href":"https:\/\/api.w.org\/{rel}","templated":true}]}}