{"id":16692,"date":"2017-07-30T16:19:34","date_gmt":"2017-07-30T16:19:34","guid":{"rendered":"https:\/\/topholds.com\/?post_type=product&#038;p=5810\/dunas\/"},"modified":"2024-08-26T03:41:55","modified_gmt":"2024-08-26T03:41:55","slug":"dunas","status":"publish","type":"product","link":"https:\/\/topholds.com\/fr\/offre\/prises-escalade\/dunas\/","title":{"rendered":"Pack Prises d&rsquo;escalade Dunas"},"content":{"rendered":"<p>Le <strong>pack de prises d&rsquo;escalade Dunas<\/strong> contient 4 prises avec une texture sablonneuse douce qui offrent une prise s\u00fbre et confortable sur le mur.<\/p>\n<p>Ces prises disposent de <strong>bords positifs d&rsquo;un c\u00f4t\u00e9 et de bords arrondis sur leur position invers\u00e9e<\/strong>, ce qui offre une vari\u00e9t\u00e9 d&rsquo;options de prise et de d\u00e9fis pour les grimpeurs de tous niveaux.<\/p>\n<p>Chaque prise est dot\u00e9e d&rsquo;un <strong>trou anti-rotation qui garantit un maintien s\u00fbr<\/strong> sur n&rsquo;importe quel mur d&rsquo;escalade. Il est recommand\u00e9 d&rsquo;utiliser des vis M10x40 ou M8x40 pour un maintien optimal.<\/p>\n<p>Veuillez noter que les couleurs du produit peuvent varier par rapport \u00e0 l&rsquo;image affich\u00e9e. Si vous souhaitez une couleur sp\u00e9cifique, n&rsquo;h\u00e9sitez pas \u00e0 nous contacter.<\/p>\n","protected":false},"excerpt":{"rendered":"<ul>\n<li>Dunas est un ensemble de 4 prises d&rsquo;escalade.<\/li>\n<li>Texture de gr\u00e8s doux.<\/li>\n<li>Il s&rsquo;agit d&rsquo;une collection avec des volumes positifs d&rsquo;un c\u00f4t\u00e9 et des arr\u00eates vives dans leur position invers\u00e9e.<\/li>\n<li>Toutes \u00e9quip\u00e9es de trous anti-rotation.<\/li>\n<\/ul>\n","protected":false},"featured_media":19276,"comment_status":"open","ping_status":"closed","template":"","meta":[],"product_brand":[],"product_cat":[429],"product_tag":[],"class_list":{"0":"post-16692","1":"product","2":"type-product","3":"status-publish","4":"has-post-thumbnail","6":"product_cat-prises-escalade","8":"first","9":"instock","10":"taxable","11":"shipping-taxable","12":"purchasable","13":"product-type-simple"},"_links":{"self":[{"href":"https:\/\/topholds.com\/fr\/wp-json\/wp\/v2\/product\/16692","targetHints":{"allow":["GET"]}}],"collection":[{"href":"https:\/\/topholds.com\/fr\/wp-json\/wp\/v2\/product"}],"about":[{"href":"https:\/\/topholds.com\/fr\/wp-json\/wp\/v2\/types\/product"}],"replies":[{"embeddable":true,"href":"https:\/\/topholds.com\/fr\/wp-json\/wp\/v2\/comments?post=16692"}],"wp:featuredmedia":[{"embeddable":true,"href":"https:\/\/topholds.com\/fr\/wp-json\/wp\/v2\/media\/19276"}],"wp:attachment":[{"href":"https:\/\/topholds.com\/fr\/wp-json\/wp\/v2\/media?parent=16692"}],"wp:term":[{"taxonomy":"product_brand","embeddable":true,"href":"https:\/\/topholds.com\/fr\/wp-json\/wp\/v2\/product_brand?post=16692"},{"taxonomy":"product_cat","embeddable":true,"href":"https:\/\/topholds.com\/fr\/wp-json\/wp\/v2\/product_cat?post=16692"},{"taxonomy":"product_tag","embeddable":true,"href":"https:\/\/topholds.com\/fr\/wp-json\/wp\/v2\/product_tag?post=16692"}],"curies":[{"name":"wp","href":"https:\/\/api.w.org\/{rel}","templated":true}]}}