{"id":16707,"date":"2017-08-13T18:29:07","date_gmt":"2017-08-13T18:29:07","guid":{"rendered":"https:\/\/topholds.com\/?post_type=product&#038;p=5853\/prehistoric-s\/"},"modified":"2024-08-26T03:47:04","modified_gmt":"2024-08-26T03:47:04","slug":"prehistoric-s","status":"publish","type":"product","link":"https:\/\/topholds.com\/fr\/offre\/prises-escalade\/prehistoric-s\/","title":{"rendered":"Pack Prises d&rsquo;escalade Prehistoric S"},"content":{"rendered":"<p>Le <strong>pack de prises de escalade Prehistoric S<\/strong> contient <strong>12 prises avec une texture douce de type sable<\/strong> qui vous offre une prise s\u00e9curis\u00e9e et confortable, vous permettant de repousser vos limites.<\/p>\n<p>Ces prises sont <strong>id\u00e9ales pour tous les niveaux d&rsquo;escalade<\/strong>, des d\u00e9butants aux grimpeurs avanc\u00e9s. De plus, elles sont tr\u00e8s polyvalentes et peuvent \u00eatre utilis\u00e9es sur diff\u00e9rents types de murs et de surfaces.<\/p>\n<p>Chaque prise est \u00e9quip\u00e9e d&rsquo;un <strong>trou pour vis anti-rotation qui assure un maintien s\u00e9curis\u00e9<\/strong> sur tout mur d&rsquo;escalade. Il est recommand\u00e9 d&rsquo;utiliser des vis M10x50 ou M8x50 pour une fixation optimale.<\/p>\n<p>Veuillez noter que les couleurs du produit peuvent varier par rapport \u00e0 l&rsquo;image affich\u00e9e. Si vous souhaitez une couleur sp\u00e9cifique, n&rsquo;h\u00e9sitez pas \u00e0 nous contacter.<\/p>\n","protected":false},"excerpt":{"rendered":"<ul>\n<li>Prehistoric S est un lot de 12 prises d&rsquo;escalade.<\/li>\n<li>Texture sablonneuse douce.<\/li>\n<li>Toutes fournies avec un trou pour vis anti-rotation.<\/li>\n<\/ul>\n","protected":false},"featured_media":19316,"comment_status":"open","ping_status":"closed","template":"","meta":[],"product_brand":[],"product_cat":[429],"product_tag":[],"class_list":{"0":"post-16707","1":"product","2":"type-product","3":"status-publish","4":"has-post-thumbnail","6":"product_cat-prises-escalade","8":"first","9":"instock","10":"taxable","11":"shipping-taxable","12":"purchasable","13":"product-type-simple"},"_links":{"self":[{"href":"https:\/\/topholds.com\/fr\/wp-json\/wp\/v2\/product\/16707","targetHints":{"allow":["GET"]}}],"collection":[{"href":"https:\/\/topholds.com\/fr\/wp-json\/wp\/v2\/product"}],"about":[{"href":"https:\/\/topholds.com\/fr\/wp-json\/wp\/v2\/types\/product"}],"replies":[{"embeddable":true,"href":"https:\/\/topholds.com\/fr\/wp-json\/wp\/v2\/comments?post=16707"}],"wp:featuredmedia":[{"embeddable":true,"href":"https:\/\/topholds.com\/fr\/wp-json\/wp\/v2\/media\/19316"}],"wp:attachment":[{"href":"https:\/\/topholds.com\/fr\/wp-json\/wp\/v2\/media?parent=16707"}],"wp:term":[{"taxonomy":"product_brand","embeddable":true,"href":"https:\/\/topholds.com\/fr\/wp-json\/wp\/v2\/product_brand?post=16707"},{"taxonomy":"product_cat","embeddable":true,"href":"https:\/\/topholds.com\/fr\/wp-json\/wp\/v2\/product_cat?post=16707"},{"taxonomy":"product_tag","embeddable":true,"href":"https:\/\/topholds.com\/fr\/wp-json\/wp\/v2\/product_tag?post=16707"}],"curies":[{"name":"wp","href":"https:\/\/api.w.org\/{rel}","templated":true}]}}