{"id":16712,"date":"2017-08-21T18:55:04","date_gmt":"2017-08-21T18:55:04","guid":{"rendered":"https:\/\/topholds.com\/?post_type=product&#038;p=5868\/moana\/"},"modified":"2024-08-26T03:48:23","modified_gmt":"2024-08-26T03:48:23","slug":"moana","status":"publish","type":"product","link":"https:\/\/topholds.com\/fr\/offre\/prises-escalade\/moana\/","title":{"rendered":"Pack Prises d&rsquo;escalade Moana"},"content":{"rendered":"<p>Le <strong>pack de prises d&rsquo;escalade Moana<\/strong> se compose de six pi\u00e8ces avec une texture douce et sablonneuse qui offre une prise s\u00fbre et confortable.<\/p>\n<p>Non seulement elles sont <strong>id\u00e9ales pour tous les niveaux d&rsquo;escalade<\/strong>, mais elles sont \u00e9galement tr\u00e8s polyvalentes en mati\u00e8re d&rsquo;utilisation sur diff\u00e9rents types de murs et de surfaces.<\/p>\n<p>Chaque prise est dot\u00e9e d&rsquo;un <strong>trou pour vis anti-rotation qui assure un maintien s\u00e9curis\u00e9<\/strong>. Les vis recommand\u00e9es \u00e0 utiliser avec ces prises sont les M10x40 ou M8x40.<\/p>\n<p>Veuillez noter que les couleurs du produit peuvent varier par rapport \u00e0 l&rsquo;image affich\u00e9e. Si vous souhaitez une couleur sp\u00e9cifique, n&rsquo;h\u00e9sitez pas \u00e0 nous contacter.<\/p>\n","protected":false},"excerpt":{"rendered":"<ul>\n<li>Moana est un lot de 6 prises d&rsquo;escalade.<\/li>\n<li>Texture de gr\u00e8s douce.<\/li>\n<li>Toutes dot\u00e9es d&rsquo;un trou pour vis anti-rotation.<\/li>\n<\/ul>\n<p>&nbsp;<\/p>\n","protected":false},"featured_media":19341,"comment_status":"open","ping_status":"closed","template":"","meta":[],"product_brand":[],"product_cat":[429],"product_tag":[],"class_list":{"0":"post-16712","1":"product","2":"type-product","3":"status-publish","4":"has-post-thumbnail","6":"product_cat-prises-escalade","8":"first","9":"instock","10":"taxable","11":"shipping-taxable","12":"purchasable","13":"product-type-simple"},"_links":{"self":[{"href":"https:\/\/topholds.com\/fr\/wp-json\/wp\/v2\/product\/16712","targetHints":{"allow":["GET"]}}],"collection":[{"href":"https:\/\/topholds.com\/fr\/wp-json\/wp\/v2\/product"}],"about":[{"href":"https:\/\/topholds.com\/fr\/wp-json\/wp\/v2\/types\/product"}],"replies":[{"embeddable":true,"href":"https:\/\/topholds.com\/fr\/wp-json\/wp\/v2\/comments?post=16712"}],"wp:featuredmedia":[{"embeddable":true,"href":"https:\/\/topholds.com\/fr\/wp-json\/wp\/v2\/media\/19341"}],"wp:attachment":[{"href":"https:\/\/topholds.com\/fr\/wp-json\/wp\/v2\/media?parent=16712"}],"wp:term":[{"taxonomy":"product_brand","embeddable":true,"href":"https:\/\/topholds.com\/fr\/wp-json\/wp\/v2\/product_brand?post=16712"},{"taxonomy":"product_cat","embeddable":true,"href":"https:\/\/topholds.com\/fr\/wp-json\/wp\/v2\/product_cat?post=16712"},{"taxonomy":"product_tag","embeddable":true,"href":"https:\/\/topholds.com\/fr\/wp-json\/wp\/v2\/product_tag?post=16712"}],"curies":[{"name":"wp","href":"https:\/\/api.w.org\/{rel}","templated":true}]}}