{"id":16727,"date":"2017-09-28T18:29:58","date_gmt":"2017-09-28T18:29:58","guid":{"rendered":"https:\/\/topholds.com\/signes-mathematiques\/"},"modified":"2024-08-26T03:52:22","modified_gmt":"2024-08-26T03:52:22","slug":"signes-mathematiques","status":"publish","type":"product","link":"https:\/\/topholds.com\/fr\/offre\/prises-escalade\/enfants\/signes-mathematiques\/","title":{"rendered":"Pack Prises Signes Math\u00e9matiques"},"content":{"rendered":"<p>Ek <strong>pack de symboles math\u00e9matiques<\/strong>, ce sont des pi\u00e8ces en forme de divers symboles math\u00e9matiques que l&rsquo;on peut accrocher au mur.<\/p>\n<p>Additionner, soustraire, multiplier et diviser&#8230; Ce pack de jeux polyvalent est con\u00e7u pour <strong>favoriser l&rsquo;apprentissage et le divertissement tant chez les enfants que chez les adultes<\/strong>. Avec ces jeux, on stimule le d\u00e9veloppement de diverses comp\u00e9tences, telles que :<\/p>\n<ul>\n<li>R\u00e9solution de probl\u00e8mes moteurs<\/li>\n<li>Prise de d\u00e9cisions rapide<\/li>\n<li>Calcul mental<\/li>\n<li>Cr\u00e9ativit\u00e9<\/li>\n<\/ul>\n<p>Chaque pi\u00e8ce est <strong>dot\u00e9e d&rsquo;un trou pour vis anti-rotation<\/strong>, garantissant ainsi une plus grande s\u00e9curit\u00e9 et stabilit\u00e9 pendant son utilisation.<\/p>\n<p><iframe src=\"https:\/\/www.youtube.com\/embed\/2OvYcDufpHY\" width=\"560\" height=\"315\" frameborder=\"0\" allowfullscreen=\"allowfullscreen\" data-mce-fragment=\"1\"><\/iframe><\/p>\n<p>Pour l&rsquo;installation des pi\u00e8ces, il est recommand\u00e9 <strong>d&rsquo;utiliser des vis M10x40 ou M8x40<\/strong> (non incluses).<\/p>\n<p>Les couleurs du produit peuvent diff\u00e9rer de celles pr\u00e9sent\u00e9es sur la photo, mais elles sont toujours propos\u00e9es dans une vari\u00e9t\u00e9 de couleurs attrayantes. Si vous souhaitez que toutes les pi\u00e8ces soient de la m\u00eame couleur, n&rsquo;h\u00e9sitez pas \u00e0 nous contacter.<\/p>\n","protected":false},"excerpt":{"rendered":"<ul>\n<li>Pack de prises d&rsquo;escalade pour enfants en forme de signes math\u00e9matiques.<\/li>\n<li>Permet de pratiquer les op\u00e9rations de base : addition, soustraction, multiplication et division.<\/li>\n<li>D\u00e9veloppe les comp\u00e9tences motrices.<\/li>\n<li>Am\u00e9liore la prise de d\u00e9cision.<\/li>\n<liRenforce le calcul mental.<\/li>\n<\/ul>\n","protected":false},"featured_media":19391,"comment_status":"open","ping_status":"closed","template":"","meta":[],"product_brand":[],"product_cat":[431],"product_tag":[],"class_list":{"0":"post-16727","1":"product","2":"type-product","3":"status-publish","4":"has-post-thumbnail","6":"product_cat-enfants","8":"first","9":"instock","10":"taxable","11":"shipping-taxable","12":"purchasable","13":"product-type-simple"},"_links":{"self":[{"href":"https:\/\/topholds.com\/fr\/wp-json\/wp\/v2\/product\/16727","targetHints":{"allow":["GET"]}}],"collection":[{"href":"https:\/\/topholds.com\/fr\/wp-json\/wp\/v2\/product"}],"about":[{"href":"https:\/\/topholds.com\/fr\/wp-json\/wp\/v2\/types\/product"}],"replies":[{"embeddable":true,"href":"https:\/\/topholds.com\/fr\/wp-json\/wp\/v2\/comments?post=16727"}],"wp:featuredmedia":[{"embeddable":true,"href":"https:\/\/topholds.com\/fr\/wp-json\/wp\/v2\/media\/19391"}],"wp:attachment":[{"href":"https:\/\/topholds.com\/fr\/wp-json\/wp\/v2\/media?parent=16727"}],"wp:term":[{"taxonomy":"product_brand","embeddable":true,"href":"https:\/\/topholds.com\/fr\/wp-json\/wp\/v2\/product_brand?post=16727"},{"taxonomy":"product_cat","embeddable":true,"href":"https:\/\/topholds.com\/fr\/wp-json\/wp\/v2\/product_cat?post=16727"},{"taxonomy":"product_tag","embeddable":true,"href":"https:\/\/topholds.com\/fr\/wp-json\/wp\/v2\/product_tag?post=16727"}],"curies":[{"name":"wp","href":"https:\/\/api.w.org\/{rel}","templated":true}]}}