{"id":16732,"date":"2017-09-29T18:57:40","date_gmt":"2017-09-29T18:57:40","guid":{"rendered":"https:\/\/topholds.com\/bubble\/"},"modified":"2024-08-26T03:53:19","modified_gmt":"2024-08-26T03:53:19","slug":"bubble","status":"publish","type":"product","link":"https:\/\/topholds.com\/fr\/offre\/prises-escalade\/bubble\/","title":{"rendered":"Pack Prises d&rsquo;escalade Bubble"},"content":{"rendered":"<p><strong>Bubble est un pack de 5 prises d&rsquo;escalade<\/strong> avec une douce texture de gr\u00e8s, con\u00e7ues pour offrir une exp\u00e9rience de prise confortable et efficace pendant vos entra\u00eenements.<\/p>\n<p>Chaque prise est <strong>\u00e9quip\u00e9e d&rsquo;un trou pour vis anti-rotation<\/strong>, ce qui garantit une plus grande s\u00e9curit\u00e9 et stabilit\u00e9 lors de son utilisation pendant vos sessions d&rsquo;escalade.<\/p>\n<p>Pour l&rsquo;installation des prises, il est recommand\u00e9 <strong>d&rsquo;utiliser des vis M10x40 ou M8x40<\/strong> (non incluses).<\/p>\n<p>Veuillez noter que les couleurs du produit peuvent diff\u00e9rer de celles montr\u00e9es sur la photo. Si vous d\u00e9sirez une couleur sp\u00e9cifique, n&rsquo;h\u00e9sitez pas \u00e0 nous contacter pour personnaliser votre ensemble Bubble selon vos pr\u00e9f\u00e9rences.<\/p>\n","protected":false},"excerpt":{"rendered":"<ul>\n<li>Bubble est un ensemble de 5 prises d&rsquo;escalade.<\/li>\n<li>Texture sablonneuse douce.<\/li>\n<li>Toutes dot\u00e9es d&rsquo;un trou pour vis anti-rotation.<\/li>\n<\/ul>\n<p>&nbsp;<\/p>\n","protected":false},"featured_media":5963,"comment_status":"open","ping_status":"closed","template":"","meta":[],"product_brand":[],"product_cat":[429],"product_tag":[],"class_list":{"0":"post-16732","1":"product","2":"type-product","3":"status-publish","4":"has-post-thumbnail","6":"product_cat-prises-escalade","8":"first","9":"instock","10":"taxable","11":"shipping-taxable","12":"purchasable","13":"product-type-simple"},"_links":{"self":[{"href":"https:\/\/topholds.com\/fr\/wp-json\/wp\/v2\/product\/16732","targetHints":{"allow":["GET"]}}],"collection":[{"href":"https:\/\/topholds.com\/fr\/wp-json\/wp\/v2\/product"}],"about":[{"href":"https:\/\/topholds.com\/fr\/wp-json\/wp\/v2\/types\/product"}],"replies":[{"embeddable":true,"href":"https:\/\/topholds.com\/fr\/wp-json\/wp\/v2\/comments?post=16732"}],"wp:featuredmedia":[{"embeddable":true,"href":"https:\/\/topholds.com\/fr\/wp-json\/wp\/v2\/media\/5963"}],"wp:attachment":[{"href":"https:\/\/topholds.com\/fr\/wp-json\/wp\/v2\/media?parent=16732"}],"wp:term":[{"taxonomy":"product_brand","embeddable":true,"href":"https:\/\/topholds.com\/fr\/wp-json\/wp\/v2\/product_brand?post=16732"},{"taxonomy":"product_cat","embeddable":true,"href":"https:\/\/topholds.com\/fr\/wp-json\/wp\/v2\/product_cat?post=16732"},{"taxonomy":"product_tag","embeddable":true,"href":"https:\/\/topholds.com\/fr\/wp-json\/wp\/v2\/product_tag?post=16732"}],"curies":[{"name":"wp","href":"https:\/\/api.w.org\/{rel}","templated":true}]}}