{"id":16737,"date":"2018-01-26T20:15:02","date_gmt":"2018-01-26T20:15:02","guid":{"rendered":"https:\/\/topholds.com\/spartan-grips\/"},"modified":"2025-12-06T17:05:45","modified_gmt":"2025-12-06T17:05:45","slug":"spartan-grips","status":"publish","type":"product","link":"https:\/\/topholds.com\/fr\/offre\/course-obstacles\/entrainements\/suspensionss\/spartan-grips\/","title":{"rendered":"Suspensions OCR Spartan Grips"},"content":{"rendered":"<p><strong>Les Spartan Grips sont une combinaison de boule et de cylindre pour des suspensions\/tractions<\/strong>, une prise polyvalente con\u00e7ue pour une ou deux mains.<\/p>\n<p>Les <em>suspensions Spartan Grips<\/em> offrent trois niveaux de difficult\u00e9 : une prise de boule de 10 en haut, une prise de type cylindre de 10 au centre et une prise de 9 en bas. Choisissez le d\u00e9fi qui vous convient le mieux !<\/p>\n<p>Avec une ergonomie parfaite pour la main et une texture douce, cette prise est un outil exceptionnel pour <strong>les entra\u00eenements d&rsquo;escalade, OCR ou Crossfit<\/strong>.<\/p>\n<p>Malgr\u00e9 leur robustesse, ces prises sont l\u00e9g\u00e8res et id\u00e9ales \u00e0 emporter dans votre sac \u00e0 dos pour s&rsquo;entra\u00eener n&rsquo;importe o\u00f9.<\/p>\n<p>\u00c9quip\u00e9es d&rsquo;une cordelette double de 5 mm, elles offrent plusieurs avantages :<\/p>\n<ul>\n<li>Ne nuit pas \u00e0 la prise.<\/li>\n<li>Peut \u00eatre facilement suspendue \u00e0 des branches, des barres de traction, etc., en utilisant un n\u0153ud d&rsquo;alouette en seulement 3 secondes.<\/li>\n<li>Avec un mousqueton, elles peuvent \u00eatre suspendues pour des sorties en toit ou en d\u00e9vers.<\/li>\n<\/ul>\n<p>Pas d&rsquo;excuses pour ne pas ajouter un peu de d\u00e9fi \u00e0 vos entra\u00eenements quotidiens.<\/p>\n<p>Veuillez noter que les couleurs du produit peuvent ne pas correspondre \u00e0 celles de la photo. Si vous souhaitez une couleur sp\u00e9cifique, n&rsquo;h\u00e9sitez pas \u00e0 nous contacter.<\/p>\n","protected":false},"excerpt":{"rendered":"<ul>\n<li>Boule et cylindre pour suspensions\/tractions.<\/li>\n<li>Prise pour une ou deux mains.<\/li>\n<li>Id\u00e9al pour les entra\u00eenements d&rsquo;escalade, OCR ou Crossfit.<\/li>\n<li>Pas d&rsquo;obstacles \u00e0 la prise.<\/li>\n<li>Avec un mousqueton, nous les accrochons pour des sorties en toit ou en d\u00e9vers.<\/li>\n<\/ul>\n","protected":false},"featured_media":6185,"comment_status":"open","ping_status":"closed","template":"","meta":[],"product_brand":[],"product_cat":[402,450,455],"product_tag":[],"class_list":{"0":"post-16737","1":"product","2":"type-product","3":"status-publish","4":"has-post-thumbnail","6":"product_cat-course-obstacles","7":"product_cat-entrainements","8":"product_cat-suspensionss","10":"first","11":"instock","12":"taxable","13":"shipping-taxable","14":"purchasable","15":"product-type-simple"},"_links":{"self":[{"href":"https:\/\/topholds.com\/fr\/wp-json\/wp\/v2\/product\/16737","targetHints":{"allow":["GET"]}}],"collection":[{"href":"https:\/\/topholds.com\/fr\/wp-json\/wp\/v2\/product"}],"about":[{"href":"https:\/\/topholds.com\/fr\/wp-json\/wp\/v2\/types\/product"}],"replies":[{"embeddable":true,"href":"https:\/\/topholds.com\/fr\/wp-json\/wp\/v2\/comments?post=16737"}],"wp:featuredmedia":[{"embeddable":true,"href":"https:\/\/topholds.com\/fr\/wp-json\/wp\/v2\/media\/6185"}],"wp:attachment":[{"href":"https:\/\/topholds.com\/fr\/wp-json\/wp\/v2\/media?parent=16737"}],"wp:term":[{"taxonomy":"product_brand","embeddable":true,"href":"https:\/\/topholds.com\/fr\/wp-json\/wp\/v2\/product_brand?post=16737"},{"taxonomy":"product_cat","embeddable":true,"href":"https:\/\/topholds.com\/fr\/wp-json\/wp\/v2\/product_cat?post=16737"},{"taxonomy":"product_tag","embeddable":true,"href":"https:\/\/topholds.com\/fr\/wp-json\/wp\/v2\/product_tag?post=16737"}],"curies":[{"name":"wp","href":"https:\/\/api.w.org\/{rel}","templated":true}]}}