{"id":16742,"date":"2018-01-27T18:32:31","date_gmt":"2018-01-27T18:32:31","guid":{"rendered":"https:\/\/topholds.com\/cone-grips\/"},"modified":"2026-03-18T09:22:42","modified_gmt":"2026-03-18T09:22:42","slug":"cone-grips","status":"publish","type":"product","link":"https:\/\/topholds.com\/fr\/offre\/course-obstacles\/entrainements\/suspensionss\/cone-grips\/","title":{"rendered":"Suspensions OCR Cone Grips"},"content":{"rendered":"<p><strong>Cone Grips est un \u00e9l\u00e9ment de suspension\/traction<\/strong>, une prise \u00e0 une main en forme de c\u00f4ne avec une hauteur de 10 cm et une largeur variant entre 5,5 et 6,8 cm. Cette prise ergonomique et sa texture douce en font un outil exceptionnel pour <strong>les entra\u00eenements d&rsquo;escalade, OCR ou Crossfit<\/strong>.<\/p>\n<p>Le design des <em>suspensions OCR Cone Grips<\/em> est l\u00e9ger, id\u00e9al pour l&#8217;emporter avec vous lors des entra\u00eenements n&rsquo;importe o\u00f9. \u00c9quip\u00e9 d&rsquo;un cordon double de 5 mm, il offre des avantages suppl\u00e9mentaires :<\/p>\n<ul>\n<li>Ne nuit pas \u00e0 la prise.<\/li>\n<li>Peut \u00eatre facilement accroch\u00e9 \u00e0 des branches, des barres de traction, etc., en utilisant un n\u0153ud de berger en seulement 3 secondes.<\/li>\n<li>Avec un mousqueton, il peut \u00eatre suspendu pour des sorties en toit ou en d\u00e9vers.<\/li>\n<\/ul>\n<p>Veuillez noter que les couleurs du produit peuvent ne pas correspondre \u00e0 celles de la photo. Si vous d\u00e9sirez une couleur sp\u00e9cifique, n&rsquo;h\u00e9sitez pas \u00e0 nous consulter.<\/p>\n","protected":false},"excerpt":{"rendered":"<ul>\n<li>Cono pour suspensions\/tractions.<\/li>\n<li>Poign\u00e9e \u00e0 une main en forme de c\u00f4ne.<\/li>\n<li>Id\u00e9al pour les entra\u00eenements d&rsquo;escalade, OCR ou Crossfit.<\/li>\n<li>Pas d&rsquo;obstacles sur la prise.<\/li>\n<li>Avec un mousqueton, nous les suspendons pour des sorties sur plafond ou en surplomb.<\/li>\n<\/ul>\n","protected":false},"featured_media":6188,"comment_status":"open","ping_status":"closed","template":"","meta":[],"product_brand":[],"product_cat":[402,450,455],"product_tag":[],"class_list":{"0":"post-16742","1":"product","2":"type-product","3":"status-publish","4":"has-post-thumbnail","6":"product_cat-course-obstacles","7":"product_cat-entrainements","8":"product_cat-suspensionss","10":"first","11":"instock","12":"taxable","13":"shipping-taxable","14":"purchasable","15":"product-type-simple"},"_links":{"self":[{"href":"https:\/\/topholds.com\/fr\/wp-json\/wp\/v2\/product\/16742","targetHints":{"allow":["GET"]}}],"collection":[{"href":"https:\/\/topholds.com\/fr\/wp-json\/wp\/v2\/product"}],"about":[{"href":"https:\/\/topholds.com\/fr\/wp-json\/wp\/v2\/types\/product"}],"replies":[{"embeddable":true,"href":"https:\/\/topholds.com\/fr\/wp-json\/wp\/v2\/comments?post=16742"}],"wp:featuredmedia":[{"embeddable":true,"href":"https:\/\/topholds.com\/fr\/wp-json\/wp\/v2\/media\/6188"}],"wp:attachment":[{"href":"https:\/\/topholds.com\/fr\/wp-json\/wp\/v2\/media?parent=16742"}],"wp:term":[{"taxonomy":"product_brand","embeddable":true,"href":"https:\/\/topholds.com\/fr\/wp-json\/wp\/v2\/product_brand?post=16742"},{"taxonomy":"product_cat","embeddable":true,"href":"https:\/\/topholds.com\/fr\/wp-json\/wp\/v2\/product_cat?post=16742"},{"taxonomy":"product_tag","embeddable":true,"href":"https:\/\/topholds.com\/fr\/wp-json\/wp\/v2\/product_tag?post=16742"}],"curies":[{"name":"wp","href":"https:\/\/api.w.org\/{rel}","templated":true}]}}