{"id":16747,"date":"2018-03-17T18:03:17","date_gmt":"2018-03-17T18:03:17","guid":{"rendered":"https:\/\/topholds.com\/daina\/"},"modified":"2024-08-26T03:57:49","modified_gmt":"2024-08-26T03:57:49","slug":"daina","status":"publish","type":"product","link":"https:\/\/topholds.com\/fr\/offre\/prises-escalade\/daina\/","title":{"rendered":"Pack Prises d&rsquo;escalade Daina"},"content":{"rendered":"<p><strong>Daina est un pack de 5 prises d&rsquo;escalade<\/strong> avec une douce texture de gr\u00e8s.<\/p>\n<p>Chaque prise <strong>offre de multiples options de prise<\/strong>, telles que pince, r\u00e9glette et trou, ce qui les rend essentielles pour diversifier et am\u00e9liorer votre entra\u00eenement.<\/p>\n<p>Ces prises fournissent une prise exceptionnelle, permettant leur <strong>utilisation sur tout type de surplomb ou d&rsquo;inclinaison<\/strong>, s&rsquo;adaptant aux besoins des grimpeurs de tous niveaux.<\/p>\n<p>De plus, toutes les <em>prises Daina<\/em> sont <strong>\u00e9quip\u00e9es d&rsquo;un trou pour vis anti-rotation<\/strong>, garantissant une plus grande s\u00e9curit\u00e9 et stabilit\u00e9 lors de leur utilisation.<\/p>\n<p>Pour leur installation, il est recommand\u00e9 d&rsquo;utiliser des vis M10x40 ou M8x40 (non incluses).<\/p>\n<p>Veuillez noter que les couleurs du produit peuvent diff\u00e9rer de celles montr\u00e9es sur la photo. Si vous souhaitez une couleur sp\u00e9cifique, n&rsquo;h\u00e9sitez pas \u00e0 nous contacter.<\/p>\n","protected":false},"excerpt":{"rendered":"<ul>\n<li>Daina est un lot de 5 prises d&rsquo;escalade.<\/li>\n<li>Texture de gr\u00e8s douce.<\/li>\n<li>Prises avec de multiples possibilit\u00e9s de prise : pinc\u00e9e, r\u00e9glettes et trous.<\/li>\n<li>Adapt\u00e9es pour \u00eatre utilis\u00e9es sur tout type de d\u00e9vers.<\/li>\n<li>Toutes dot\u00e9es d&rsquo;un trou pour vis anti-rotation.<\/li>\n<\/ul>\n","protected":false},"featured_media":6261,"comment_status":"open","ping_status":"closed","template":"","meta":[],"product_brand":[],"product_cat":[429],"product_tag":[],"class_list":{"0":"post-16747","1":"product","2":"type-product","3":"status-publish","4":"has-post-thumbnail","6":"product_cat-prises-escalade","8":"first","9":"instock","10":"taxable","11":"shipping-taxable","12":"purchasable","13":"product-type-simple"},"_links":{"self":[{"href":"https:\/\/topholds.com\/fr\/wp-json\/wp\/v2\/product\/16747","targetHints":{"allow":["GET"]}}],"collection":[{"href":"https:\/\/topholds.com\/fr\/wp-json\/wp\/v2\/product"}],"about":[{"href":"https:\/\/topholds.com\/fr\/wp-json\/wp\/v2\/types\/product"}],"replies":[{"embeddable":true,"href":"https:\/\/topholds.com\/fr\/wp-json\/wp\/v2\/comments?post=16747"}],"wp:featuredmedia":[{"embeddable":true,"href":"https:\/\/topholds.com\/fr\/wp-json\/wp\/v2\/media\/6261"}],"wp:attachment":[{"href":"https:\/\/topholds.com\/fr\/wp-json\/wp\/v2\/media?parent=16747"}],"wp:term":[{"taxonomy":"product_brand","embeddable":true,"href":"https:\/\/topholds.com\/fr\/wp-json\/wp\/v2\/product_brand?post=16747"},{"taxonomy":"product_cat","embeddable":true,"href":"https:\/\/topholds.com\/fr\/wp-json\/wp\/v2\/product_cat?post=16747"},{"taxonomy":"product_tag","embeddable":true,"href":"https:\/\/topholds.com\/fr\/wp-json\/wp\/v2\/product_tag?post=16747"}],"curies":[{"name":"wp","href":"https:\/\/api.w.org\/{rel}","templated":true}]}}