{"id":16752,"date":"2018-03-23T16:22:43","date_gmt":"2018-03-23T16:22:43","guid":{"rendered":"https:\/\/topholds.com\/omega-1\/"},"modified":"2024-08-26T03:58:46","modified_gmt":"2024-08-26T03:58:46","slug":"omega-1","status":"publish","type":"product","link":"https:\/\/topholds.com\/fr\/offre\/prises-escalade\/omega-1\/","title":{"rendered":"Pack Prises d&rsquo;escalade Omega 1"},"content":{"rendered":"<p><strong>Omega 1 est un pack de 8 prises d&rsquo;escalade<\/strong> \u00e0 texture duale.<\/p>\n<p>Sa polyvalence permet son utilisation sur tout type d&rsquo;inclinaison, s&rsquo;adaptant aux besoins et aux comp\u00e9tences des grimpeurs.<\/p>\n<p>Ces prises sont dot\u00e9es de bords arrondis, ce qui les rend <strong>id\u00e9ales pour des entra\u00eenements efficaces et rigoureux<\/strong>, ainsi que pour des comp\u00e9titions d&rsquo;escalade.<\/p>\n<p>Ce qui rend ce <em>lot de prises<\/em> unique, c&rsquo;est la <strong>vari\u00e9t\u00e9 de niveaux de difficult\u00e9 de prise<\/strong> qu&rsquo;il offre, puisque chaque prise pr\u00e9sente un niveau de d\u00e9fi diff\u00e9rent par rapport aux autres.<\/p>\n<p>Pour l&rsquo;installation, des vis (non incluses) sont n\u00e9cessaires.<\/p>\n<p>Veuillez noter que les couleurs du produit peuvent varier par rapport \u00e0 celles montr\u00e9es sur la photo. Si vous souhaitez une couleur sp\u00e9cifique, n&rsquo;h\u00e9sitez pas \u00e0 nous contacter.<\/p>\n","protected":false},"excerpt":{"rendered":"<ul>\n<li>Omega 1 est un lot de 8 prises d&rsquo;escalade.<\/li>\n<li>Texture duale.<\/li>\n<li>Peuvent \u00eatre utilis\u00e9es sur tout type d&rsquo;inclinaison.<\/li>\n<li>Id\u00e9ales pour l&rsquo;entra\u00eenement gr\u00e2ce \u00e0 leurs bords arrondis.<\/li>\n<li>Chaque prise a un niveau de difficult\u00e9 diff\u00e9rent des autres.<\/li>\n<\/ul>\n","protected":false},"featured_media":19466,"comment_status":"open","ping_status":"closed","template":"","meta":[],"product_brand":[],"product_cat":[429],"product_tag":[],"class_list":{"0":"post-16752","1":"product","2":"type-product","3":"status-publish","4":"has-post-thumbnail","6":"product_cat-prises-escalade","8":"first","9":"instock","10":"taxable","11":"shipping-taxable","12":"purchasable","13":"product-type-simple"},"_links":{"self":[{"href":"https:\/\/topholds.com\/fr\/wp-json\/wp\/v2\/product\/16752","targetHints":{"allow":["GET"]}}],"collection":[{"href":"https:\/\/topholds.com\/fr\/wp-json\/wp\/v2\/product"}],"about":[{"href":"https:\/\/topholds.com\/fr\/wp-json\/wp\/v2\/types\/product"}],"replies":[{"embeddable":true,"href":"https:\/\/topholds.com\/fr\/wp-json\/wp\/v2\/comments?post=16752"}],"wp:featuredmedia":[{"embeddable":true,"href":"https:\/\/topholds.com\/fr\/wp-json\/wp\/v2\/media\/19466"}],"wp:attachment":[{"href":"https:\/\/topholds.com\/fr\/wp-json\/wp\/v2\/media?parent=16752"}],"wp:term":[{"taxonomy":"product_brand","embeddable":true,"href":"https:\/\/topholds.com\/fr\/wp-json\/wp\/v2\/product_brand?post=16752"},{"taxonomy":"product_cat","embeddable":true,"href":"https:\/\/topholds.com\/fr\/wp-json\/wp\/v2\/product_cat?post=16752"},{"taxonomy":"product_tag","embeddable":true,"href":"https:\/\/topholds.com\/fr\/wp-json\/wp\/v2\/product_tag?post=16752"}],"curies":[{"name":"wp","href":"https:\/\/api.w.org\/{rel}","templated":true}]}}