{"id":16757,"date":"2018-03-23T16:30:35","date_gmt":"2018-03-23T16:30:35","guid":{"rendered":"https:\/\/topholds.com\/omega-2\/"},"modified":"2024-08-26T04:00:33","modified_gmt":"2024-08-26T04:00:33","slug":"omega-2","status":"publish","type":"product","link":"https:\/\/topholds.com\/fr\/offre\/prises-escalade\/omega-2\/","title":{"rendered":"Pack Prises d&rsquo;escalade Omega 2"},"content":{"rendered":"<p><strong>Omega 2 est un pack de 10 prises d&rsquo;escalade<\/strong> \u00e0 texture duale, con\u00e7ues pour offrir une exp\u00e9rience d&rsquo;entra\u00eenement unique et vari\u00e9e.<\/p>\n<p>Sa polyvalence permet une utilisation sur n&rsquo;importe quelle inclinaison, s&rsquo;adaptant \u00e0 diff\u00e9rents niveaux de difficult\u00e9 et comp\u00e9tences des grimpeurs. Gr\u00e2ce \u00e0 ses bords arrondis, ces <strong>prises sont parfaites pour des entra\u00eenements intensifs<\/strong> et, de plus, elles sont id\u00e9ales pour des comp\u00e9titions d&rsquo;escalade.<\/p>\n<p>Ce qui distingue ce <em>lot de prises<\/em> est la <strong>diversit\u00e9 des prises<\/strong>, chaque prise pr\u00e9sentant un niveau de difficult\u00e9 de prise diff\u00e9rent des autres, permettant ainsi de d\u00e9fier et d&rsquo;am\u00e9liorer les comp\u00e9tences des grimpeurs.<\/p>\n<p>Pour leur installation, des vis (non incluses) sont n\u00e9cessaires.<\/p>\n<p>Veuillez noter que les couleurs du produit peuvent diff\u00e9rer de celles affich\u00e9es sur la photo. Si vous d\u00e9sirez une couleur sp\u00e9cifique, n&rsquo;h\u00e9sitez pas \u00e0 nous contacter.<\/p>\n","protected":false},"excerpt":{"rendered":"<ul>\n<li>Omega 2 est un lot de 10 prises d&rsquo;escalade.<\/li>\n<li>Texture duale.<\/li>\n<li>Adapt\u00e9es \u00e0 tous types d&rsquo;inclinaison.<\/li>\n<li>Id\u00e9ales pour l&rsquo;entra\u00eenement gr\u00e2ce \u00e0 leurs bords arrondis.<\/li>\n<li>Chaque prise a une difficult\u00e9 de prise diff\u00e9rente des autres.<\/li>\n<\/ul>\n","protected":false},"featured_media":19471,"comment_status":"open","ping_status":"closed","template":"","meta":[],"product_brand":[],"product_cat":[429],"product_tag":[],"class_list":{"0":"post-16757","1":"product","2":"type-product","3":"status-publish","4":"has-post-thumbnail","6":"product_cat-prises-escalade","8":"first","9":"instock","10":"taxable","11":"shipping-taxable","12":"purchasable","13":"product-type-simple"},"_links":{"self":[{"href":"https:\/\/topholds.com\/fr\/wp-json\/wp\/v2\/product\/16757","targetHints":{"allow":["GET"]}}],"collection":[{"href":"https:\/\/topholds.com\/fr\/wp-json\/wp\/v2\/product"}],"about":[{"href":"https:\/\/topholds.com\/fr\/wp-json\/wp\/v2\/types\/product"}],"replies":[{"embeddable":true,"href":"https:\/\/topholds.com\/fr\/wp-json\/wp\/v2\/comments?post=16757"}],"wp:featuredmedia":[{"embeddable":true,"href":"https:\/\/topholds.com\/fr\/wp-json\/wp\/v2\/media\/19471"}],"wp:attachment":[{"href":"https:\/\/topholds.com\/fr\/wp-json\/wp\/v2\/media?parent=16757"}],"wp:term":[{"taxonomy":"product_brand","embeddable":true,"href":"https:\/\/topholds.com\/fr\/wp-json\/wp\/v2\/product_brand?post=16757"},{"taxonomy":"product_cat","embeddable":true,"href":"https:\/\/topholds.com\/fr\/wp-json\/wp\/v2\/product_cat?post=16757"},{"taxonomy":"product_tag","embeddable":true,"href":"https:\/\/topholds.com\/fr\/wp-json\/wp\/v2\/product_tag?post=16757"}],"curies":[{"name":"wp","href":"https:\/\/api.w.org\/{rel}","templated":true}]}}