{"id":16762,"date":"2018-03-23T18:09:12","date_gmt":"2018-03-23T18:09:12","guid":{"rendered":"https:\/\/topholds.com\/slippery-12\/"},"modified":"2024-08-26T04:02:03","modified_gmt":"2024-08-26T04:02:03","slug":"slippery-12","status":"publish","type":"product","link":"https:\/\/topholds.com\/fr\/offre\/prises-escalade\/slippery-12\/","title":{"rendered":"Pack Prises d&rsquo;escalade Slippery 12"},"content":{"rendered":"<p><strong>Slippery 12 est un pack de 2 boules rondes<\/strong> de design exclusif et de texture double, chacune ayant un diam\u00e8tre de 120 mm et une hauteur de 60 mm. Ces boules disposent de diff\u00e9rentes surfaces de prise pour offrir une exp\u00e9rience d&rsquo;entra\u00eenement unique et challenging.<\/p>\n<p>Tr\u00e8s techniques et polyvalentes, les <em><strong>prises d&rsquo;escalade Slippery 12<\/strong><\/em> sont id\u00e9ales pour les entra\u00eenements, les comp\u00e9titions et les exercices de campus.<\/p>\n<p>Pour leur installation, il est recommand\u00e9 d&rsquo;utiliser des vis M10x60 ou M8x60 (non incluses).<\/p>\n<p>Veuillez noter que les couleurs du produit peuvent diff\u00e9rer de celles affich\u00e9es sur la photo. Si vous souhaitez une couleur sp\u00e9cifique, n&rsquo;h\u00e9sitez pas \u00e0 nous contacter.<\/p>\n","protected":false},"excerpt":{"rendered":"<ul>\n<li>Slippery 12 est un lot de 2 balles rondes.<\/li>\n<li>Texture duale.<\/li>\n<li>Chacune d&rsquo;elles a une surface de prise diff\u00e9rente.<\/li>\n<li>Tr\u00e8s techniques et polyvalentes, elles conviennent pour l&rsquo;entra\u00eenement, la comp\u00e9tition et les stages.<\/li>\n<\/ul>\n","protected":false},"featured_media":19491,"comment_status":"open","ping_status":"closed","template":"","meta":[],"product_brand":[],"product_cat":[429],"product_tag":[],"class_list":{"0":"post-16762","1":"product","2":"type-product","3":"status-publish","4":"has-post-thumbnail","6":"product_cat-prises-escalade","8":"first","9":"instock","10":"taxable","11":"shipping-taxable","12":"purchasable","13":"product-type-simple"},"_links":{"self":[{"href":"https:\/\/topholds.com\/fr\/wp-json\/wp\/v2\/product\/16762","targetHints":{"allow":["GET"]}}],"collection":[{"href":"https:\/\/topholds.com\/fr\/wp-json\/wp\/v2\/product"}],"about":[{"href":"https:\/\/topholds.com\/fr\/wp-json\/wp\/v2\/types\/product"}],"replies":[{"embeddable":true,"href":"https:\/\/topholds.com\/fr\/wp-json\/wp\/v2\/comments?post=16762"}],"wp:featuredmedia":[{"embeddable":true,"href":"https:\/\/topholds.com\/fr\/wp-json\/wp\/v2\/media\/19491"}],"wp:attachment":[{"href":"https:\/\/topholds.com\/fr\/wp-json\/wp\/v2\/media?parent=16762"}],"wp:term":[{"taxonomy":"product_brand","embeddable":true,"href":"https:\/\/topholds.com\/fr\/wp-json\/wp\/v2\/product_brand?post=16762"},{"taxonomy":"product_cat","embeddable":true,"href":"https:\/\/topholds.com\/fr\/wp-json\/wp\/v2\/product_cat?post=16762"},{"taxonomy":"product_tag","embeddable":true,"href":"https:\/\/topholds.com\/fr\/wp-json\/wp\/v2\/product_tag?post=16762"}],"curies":[{"name":"wp","href":"https:\/\/api.w.org\/{rel}","templated":true}]}}