{"id":16767,"date":"2018-03-23T18:32:33","date_gmt":"2018-03-23T18:32:33","guid":{"rendered":"https:\/\/topholds.com\/line\/"},"modified":"2024-08-26T04:03:07","modified_gmt":"2024-08-26T04:03:07","slug":"line","status":"publish","type":"product","link":"https:\/\/topholds.com\/fr\/offre\/course-obstacles\/entrainements\/line\/","title":{"rendered":"Hangboard Line"},"content":{"rendered":"<div class=\"flex-1 overflow-hidden\">\n<div class=\"react-scroll-to-bottom--css-mbvpb-79elbk h-full dark:bg-gray-800\">\n<div class=\"react-scroll-to-bottom--css-mbvpb-1n7m0yu\">\n<div class=\"flex flex-col items-center text-sm dark:bg-gray-800\">\n<div class=\"group w-full text-gray-800 dark:text-gray-100 border-b border-black\/10 dark:border-gray-900\/50 bg-gray-50 dark:bg-[#444654]\">\n<div class=\"text-base gap-4 md:gap-6 md:max-w-2xl lg:max-w-2xl xl:max-w-3xl p-4 md:py-6 flex lg:px-0 m-auto\">\n<div class=\"relative flex w-[calc(100%-50px)] flex-col gap-1 md:gap-3 lg:w-[calc(100%-115px)]\">\n<div class=\"flex flex-grow flex-col gap-3\">\n<div class=\"min-h-[20px] flex flex-col items-start gap-4 whitespace-pre-wrap\">\n<div class=\"markdown prose w-full break-words dark:prose-invert light\">\n<p><strong>Line est une planche multi-poign\u00e9es<\/strong> con\u00e7ue pour des entra\u00eenements de <strong>suspension et de traction<\/strong>, parfaite pour am\u00e9liorer vos performances en escalade et renforcer votre prise. Cette <em>planche multi-poign\u00e9es<\/em> dispose de deux types de prise : une avec un bord positif de 105 degr\u00e9s en haut et une autre avec des encoches pour les doigts et un bord neutre de 90 degr\u00e9s.<\/p>\n<p><strong>Dimensions :<\/strong><\/p>\n<ul>\n<li>Profondeur : 35 mm<\/li>\n<li>Largeur : 590 mm<\/li>\n<li>Hauteur : 50 mm<\/li>\n<\/ul>\n<p>Si vous souhaitez d&rsquo;autres profondeurs, n&rsquo;h\u00e9sitez pas \u00e0 nous consulter.<\/p>\n<p>La <strong>fixation se fait par vis<\/strong>, mais nous pouvons \u00e9galement la fournir avec des trous pour des vis Allen adapt\u00e9s \u00e0 la distance de votre plaque (sur commande).<\/p>\n<p>Veuillez noter que les couleurs du produit peuvent varier par rapport \u00e0 celles montr\u00e9es sur la photo. Si vous cherchez une couleur sp\u00e9cifique, n&rsquo;h\u00e9sitez pas \u00e0 nous contacter.<\/p>\n<\/div>\n<\/div>\n<\/div>\n<\/div>\n<\/div>\n<\/div>\n<\/div>\n<\/div>\n<\/div>\n","protected":false},"excerpt":{"rendered":"<ul>\n<li>Id\u00e9al pour les suspensions\/tractions.<\/li>\n<li>Large vari\u00e9t\u00e9 d&rsquo;exercices pour s&rsquo;entra\u00eener.<\/li>\n<li>Conception ergonomique garantissant confort et s\u00e9curit\u00e9.<\/li>\n<li>Personnalisation des profondeurs selon les besoins.<\/li>\n<li>Maintien adaptable par vis \u00e0 bois ou vis Allen.<\/li>\n<\/ul>\n","protected":false},"featured_media":19501,"comment_status":"open","ping_status":"closed","template":"","meta":[],"product_brand":[],"product_cat":[402,450,451,429,432],"product_tag":[],"class_list":{"0":"post-16767","1":"product","2":"type-product","3":"status-publish","4":"has-post-thumbnail","6":"product_cat-course-obstacles","7":"product_cat-entrainements","8":"product_cat-planches-hangboard","9":"product_cat-prises-escalade","10":"product_cat-entrainement","12":"first","13":"instock","14":"sale","15":"taxable","16":"shipping-taxable","17":"purchasable","18":"product-type-simple"},"_links":{"self":[{"href":"https:\/\/topholds.com\/fr\/wp-json\/wp\/v2\/product\/16767","targetHints":{"allow":["GET"]}}],"collection":[{"href":"https:\/\/topholds.com\/fr\/wp-json\/wp\/v2\/product"}],"about":[{"href":"https:\/\/topholds.com\/fr\/wp-json\/wp\/v2\/types\/product"}],"replies":[{"embeddable":true,"href":"https:\/\/topholds.com\/fr\/wp-json\/wp\/v2\/comments?post=16767"}],"wp:featuredmedia":[{"embeddable":true,"href":"https:\/\/topholds.com\/fr\/wp-json\/wp\/v2\/media\/19501"}],"wp:attachment":[{"href":"https:\/\/topholds.com\/fr\/wp-json\/wp\/v2\/media?parent=16767"}],"wp:term":[{"taxonomy":"product_brand","embeddable":true,"href":"https:\/\/topholds.com\/fr\/wp-json\/wp\/v2\/product_brand?post=16767"},{"taxonomy":"product_cat","embeddable":true,"href":"https:\/\/topholds.com\/fr\/wp-json\/wp\/v2\/product_cat?post=16767"},{"taxonomy":"product_tag","embeddable":true,"href":"https:\/\/topholds.com\/fr\/wp-json\/wp\/v2\/product_tag?post=16767"}],"curies":[{"name":"wp","href":"https:\/\/api.w.org\/{rel}","templated":true}]}}