{"id":16772,"date":"2018-04-22T18:19:46","date_gmt":"2018-04-22T18:19:46","guid":{"rendered":"https:\/\/topholds.com\/cylinder-grips\/"},"modified":"2026-03-18T09:22:40","modified_gmt":"2026-03-18T09:22:40","slug":"cylinder-grips","status":"publish","type":"product","link":"https:\/\/topholds.com\/fr\/offre\/course-obstacles\/entrainements\/suspensionss\/cylinder-grips\/","title":{"rendered":"Suspensions OCR Cylinder Grips"},"content":{"rendered":"<p><strong>Les Cylinder Grips sont un \u00e9quipement d&rsquo;entra\u00eenement pour les suspensions et les tractions.<\/strong><\/p>\n<p>La <em>suspension de OCR Cylinder Grips<\/em> est con\u00e7ue pour amener vos <strong>s\u00e9ances d&rsquo;escalade, OCR et CrossFit<\/strong> \u00e0 un niveau sup\u00e9rieur. Avec une hauteur de 17 cm et un diam\u00e8tre de 5,5 cm, ce cylindre offre une ergonomie parfaite pour la main, combin\u00e9e \u00e0 une texture douce mais adh\u00e9rente qui <strong>garantit une prise optimale<\/strong>.<\/p>\n<p>Les <strong>Cylinder Grips<\/strong> sont extr\u00eamement l\u00e9gers, ce qui en fait l&rsquo;option <strong>id\u00e9ale pour les emporter avec vous lors de vos entra\u00eenements partout<\/strong>. De plus, nous avons opt\u00e9 pour un cordon double de 6 mm pour plusieurs raisons :<\/p>\n<ul>\n<li>Il n&rsquo;y a pas d&rsquo;obstacles qui interf\u00e8rent avec la prise<\/li>\n<li>En seulement 3 secondes, utilisez un n\u0153ud de alondra pour les suspendre \u00e0 n&rsquo;importe quelle branche, barre de traction, etc.<\/li>\n<li>Utilisez un mousqueton pour les accrocher lors de sorties en t\u00eate ou en d\u00e9vers<\/li>\n<\/ul>\n<p>Veuillez noter que les couleurs du produit peuvent varier par rapport \u00e0 l&rsquo;image affich\u00e9e. Si vous souhaitez une couleur sp\u00e9cifique, n&rsquo;h\u00e9sitez pas \u00e0 nous contacter.<\/p>\n","protected":false},"excerpt":{"rendered":"<ul>\n<li>Cylindre pour suspensions\/tractions.<\/li>\n<li>Tr\u00e8s l\u00e9gers, id\u00e9aux pour les emporter aux entra\u00eenements partout.<\/li>\n<li>Aucun obstacle \u00e0 la prise en main.<\/li>\n<li>Avec un mousqueton, nous les accrochons pour des sorties en toiture ou en d\u00e9vers.<\/li>\n<\/ul>\n","protected":false},"featured_media":6349,"comment_status":"open","ping_status":"closed","template":"","meta":[],"product_brand":[],"product_cat":[402,450,455],"product_tag":[],"class_list":{"0":"post-16772","1":"product","2":"type-product","3":"status-publish","4":"has-post-thumbnail","6":"product_cat-course-obstacles","7":"product_cat-entrainements","8":"product_cat-suspensionss","10":"first","11":"instock","12":"sale","13":"taxable","14":"shipping-taxable","15":"purchasable","16":"product-type-simple"},"_links":{"self":[{"href":"https:\/\/topholds.com\/fr\/wp-json\/wp\/v2\/product\/16772","targetHints":{"allow":["GET"]}}],"collection":[{"href":"https:\/\/topholds.com\/fr\/wp-json\/wp\/v2\/product"}],"about":[{"href":"https:\/\/topholds.com\/fr\/wp-json\/wp\/v2\/types\/product"}],"replies":[{"embeddable":true,"href":"https:\/\/topholds.com\/fr\/wp-json\/wp\/v2\/comments?post=16772"}],"wp:featuredmedia":[{"embeddable":true,"href":"https:\/\/topholds.com\/fr\/wp-json\/wp\/v2\/media\/6349"}],"wp:attachment":[{"href":"https:\/\/topholds.com\/fr\/wp-json\/wp\/v2\/media?parent=16772"}],"wp:term":[{"taxonomy":"product_brand","embeddable":true,"href":"https:\/\/topholds.com\/fr\/wp-json\/wp\/v2\/product_brand?post=16772"},{"taxonomy":"product_cat","embeddable":true,"href":"https:\/\/topholds.com\/fr\/wp-json\/wp\/v2\/product_cat?post=16772"},{"taxonomy":"product_tag","embeddable":true,"href":"https:\/\/topholds.com\/fr\/wp-json\/wp\/v2\/product_tag?post=16772"}],"curies":[{"name":"wp","href":"https:\/\/api.w.org\/{rel}","templated":true}]}}