{"id":16782,"date":"2018-04-22T19:28:53","date_gmt":"2018-04-22T19:28:53","guid":{"rendered":"https:\/\/topholds.com\/ninja-grips\/"},"modified":"2026-03-18T09:22:41","modified_gmt":"2026-03-18T09:22:41","slug":"ninja-grips","status":"publish","type":"product","link":"https:\/\/topholds.com\/fr\/offre\/course-obstacles\/entrainements\/suspensionss\/ninja-grips\/","title":{"rendered":"Suspensions OCR Ninja Grips"},"content":{"rendered":"<p><strong>Les OCR Ninja Grips sont une prise<\/strong> en forme de c\u00f4ne qui permet de <strong>s&rsquo;entra\u00eener aux suspensions\/tractions<\/strong>.<\/p>\n<p>C&rsquo;est id\u00e9al pour les entra\u00eenements visant \u00e0 am\u00e9liorer votre force et votre endurance manuelle. Il a une hauteur de 17 cm et un diam\u00e8tre de 7,5 cm. Son ergonomie et sa texture douce mais adh\u00e9rente en font une prise confortable et s\u00fbre <strong>pour l&rsquo;escalade, l&rsquo;OCR et le Crossfit<\/strong>.<\/p>\n<p>C&rsquo;est une prise tr\u00e8s l\u00e9g\u00e8re que vous pouvez emporter partout. Il poss\u00e8de un cordon double de 6 mm qui vous permet de l&rsquo;accrocher facilement \u00e0 une branche, une barre de traction ou un mousqueton.<\/p>\n<p>De plus, le cordon offre de multiples avantages :<\/p>\n<ul>\n<li>Il n&rsquo;y a pas d&rsquo;obstacles qui interf\u00e8rent avec la prise<\/li>\n<li>En seulement 3 secondes, utilisez un n\u0153ud de alondra pour les accrocher \u00e0 n&rsquo;importe quelle branche, barre de traction, etc.<\/li>\n<li>Utilisez un mousqueton pour les accrocher lors des sessions d&rsquo;escalade en plafond ou en surplomb<\/li>\n<\/ul>\n<p>Veuillez noter que les couleurs du produit peuvent varier par rapport \u00e0 l&rsquo;image affich\u00e9e. Si vous souhaitez une couleur sp\u00e9cifique, n&rsquo;h\u00e9sitez pas \u00e0 nous contacter.<\/p>\n","protected":false},"excerpt":{"rendered":"<ul>\n<li>Cono pour suspensions\/tractions.<\/li>\n<li>Id\u00e9aux pour les emporter \u00e0 nos entra\u00eenements partout.<\/li>\n<li>Pas d&rsquo;obstacles dans la prise.<\/li>\n<li>Avec un mousqueton, nous les accrochons pour des sorties en toiture ou en d\u00e9vers.<\/li>\n<\/ul>\n","protected":false},"featured_media":6350,"comment_status":"open","ping_status":"closed","template":"","meta":[],"product_brand":[],"product_cat":[402,450,455],"product_tag":[],"class_list":{"0":"post-16782","1":"product","2":"type-product","3":"status-publish","4":"has-post-thumbnail","6":"product_cat-course-obstacles","7":"product_cat-entrainements","8":"product_cat-suspensionss","10":"first","11":"instock","12":"sale","13":"taxable","14":"shipping-taxable","15":"purchasable","16":"product-type-simple"},"_links":{"self":[{"href":"https:\/\/topholds.com\/fr\/wp-json\/wp\/v2\/product\/16782","targetHints":{"allow":["GET"]}}],"collection":[{"href":"https:\/\/topholds.com\/fr\/wp-json\/wp\/v2\/product"}],"about":[{"href":"https:\/\/topholds.com\/fr\/wp-json\/wp\/v2\/types\/product"}],"replies":[{"embeddable":true,"href":"https:\/\/topholds.com\/fr\/wp-json\/wp\/v2\/comments?post=16782"}],"wp:featuredmedia":[{"embeddable":true,"href":"https:\/\/topholds.com\/fr\/wp-json\/wp\/v2\/media\/6350"}],"wp:attachment":[{"href":"https:\/\/topholds.com\/fr\/wp-json\/wp\/v2\/media?parent=16782"}],"wp:term":[{"taxonomy":"product_brand","embeddable":true,"href":"https:\/\/topholds.com\/fr\/wp-json\/wp\/v2\/product_brand?post=16782"},{"taxonomy":"product_cat","embeddable":true,"href":"https:\/\/topholds.com\/fr\/wp-json\/wp\/v2\/product_cat?post=16782"},{"taxonomy":"product_tag","embeddable":true,"href":"https:\/\/topholds.com\/fr\/wp-json\/wp\/v2\/product_tag?post=16782"}],"curies":[{"name":"wp","href":"https:\/\/api.w.org\/{rel}","templated":true}]}}