{"id":16792,"date":"2018-06-03T17:45:00","date_gmt":"2018-06-03T17:45:00","guid":{"rendered":"https:\/\/topholds.com\/l1\/"},"modified":"2024-08-26T04:06:14","modified_gmt":"2024-08-26T04:06:14","slug":"l1","status":"publish","type":"product","link":"https:\/\/topholds.com\/fr\/offre\/prises-escalade\/l1\/","title":{"rendered":"Pack Prises d&rsquo;escalade L1"},"content":{"rendered":"<p><strong>L1 est un pack de 10 prises d&rsquo;escalade<\/strong> avec une texture douce qui imite le gr\u00e8s. Ce sont des prises de type \u00ab\u00a0cazo\u00a0\u00bb id\u00e9ales pour des surplombs jusqu&rsquo;\u00e0 45 degr\u00e9s.<\/p>\n<p>Les prises <strong>ont un trou pour placer une vis anti-rotation<\/strong> afin d&rsquo;\u00e9viter qu&rsquo;elles ne bougent. Les vis recommand\u00e9es sont de M10x40, bien que vous puissiez \u00e9galement utiliser celles de M8x40.<\/p>\n<p>Les couleurs des prises peuvent varier par rapport \u00e0 la photo. Si vous souhaitez choisir une couleur sp\u00e9cifique, contactez-nous.<\/p>\n","protected":false},"excerpt":{"rendered":"<ul>\n<li>L1 est un lot de 10 prises d&rsquo;escalade.<\/li>\n<li>Texture granuleuse douce.<\/li>\n<li>Prises en forme de cuill\u00e8re pour des surplombs jusqu&rsquo;\u00e0 45 degr\u00e9s.<\/li>\n<li>Toutes \u00e9quip\u00e9es d&rsquo;un trou pour vis anti-rotation.<\/li>\n<\/ul>\n","protected":false},"featured_media":19576,"comment_status":"open","ping_status":"closed","template":"","meta":[],"product_brand":[],"product_cat":[429],"product_tag":[],"class_list":{"0":"post-16792","1":"product","2":"type-product","3":"status-publish","4":"has-post-thumbnail","6":"product_cat-prises-escalade","8":"first","9":"instock","10":"taxable","11":"shipping-taxable","12":"purchasable","13":"product-type-simple"},"_links":{"self":[{"href":"https:\/\/topholds.com\/fr\/wp-json\/wp\/v2\/product\/16792","targetHints":{"allow":["GET"]}}],"collection":[{"href":"https:\/\/topholds.com\/fr\/wp-json\/wp\/v2\/product"}],"about":[{"href":"https:\/\/topholds.com\/fr\/wp-json\/wp\/v2\/types\/product"}],"replies":[{"embeddable":true,"href":"https:\/\/topholds.com\/fr\/wp-json\/wp\/v2\/comments?post=16792"}],"wp:featuredmedia":[{"embeddable":true,"href":"https:\/\/topholds.com\/fr\/wp-json\/wp\/v2\/media\/19576"}],"wp:attachment":[{"href":"https:\/\/topholds.com\/fr\/wp-json\/wp\/v2\/media?parent=16792"}],"wp:term":[{"taxonomy":"product_brand","embeddable":true,"href":"https:\/\/topholds.com\/fr\/wp-json\/wp\/v2\/product_brand?post=16792"},{"taxonomy":"product_cat","embeddable":true,"href":"https:\/\/topholds.com\/fr\/wp-json\/wp\/v2\/product_cat?post=16792"},{"taxonomy":"product_tag","embeddable":true,"href":"https:\/\/topholds.com\/fr\/wp-json\/wp\/v2\/product_tag?post=16792"}],"curies":[{"name":"wp","href":"https:\/\/api.w.org\/{rel}","templated":true}]}}