{"id":16797,"date":"2018-06-03T18:07:28","date_gmt":"2018-06-03T18:07:28","guid":{"rendered":"https:\/\/topholds.com\/m1-2\/"},"modified":"2024-08-26T04:06:51","modified_gmt":"2024-08-26T04:06:51","slug":"m1-2","status":"publish","type":"product","link":"https:\/\/topholds.com\/fr\/offre\/prises-escalade\/m1-2\/","title":{"rendered":"Pack Prises d&rsquo;escalade M1"},"content":{"rendered":"<p><strong>M1 est un pack de 10 prises d&rsquo;escalade<\/strong> avec une texture douce qui imite le gr\u00e8s.<\/p>\n<p>Ce sont des prises avec des bords confortables et s\u00e9curis\u00e9s pour agripper.<\/p>\n<p>Les prises <strong>ont un trou pour placer un tire-fond anti-rotation<\/strong> et \u00e9viter qu&rsquo;elles ne bougent. Les vis recommand\u00e9es sont celles de M10x40, bien que vous puissiez \u00e9galement utiliser celles de M8x40.<\/p>\n<p>Les couleurs des prises peuvent varier par rapport \u00e0 la photo. Si vous souhaitez choisir une couleur sp\u00e9cifique, contactez-nous.<\/p>\n","protected":false},"excerpt":{"rendered":"<ul>\n<li>M1 est un lot de 10 prises d&rsquo;escalade.<\/li>\n<li>Texture sablonneuse douce.<\/li>\n<li>Prises avec de bons bords.<\/li>\n<li>Toutes dot\u00e9es d&rsquo;un trou pour vis anti-rotation.<\/li>\n<\/ul>\n<p>&nbsp;<\/p>\n","protected":false},"featured_media":6459,"comment_status":"open","ping_status":"closed","template":"","meta":[],"product_brand":[],"product_cat":[429],"product_tag":[],"class_list":{"0":"post-16797","1":"product","2":"type-product","3":"status-publish","4":"has-post-thumbnail","6":"product_cat-prises-escalade","8":"first","9":"instock","10":"taxable","11":"shipping-taxable","12":"purchasable","13":"product-type-simple"},"_links":{"self":[{"href":"https:\/\/topholds.com\/fr\/wp-json\/wp\/v2\/product\/16797","targetHints":{"allow":["GET"]}}],"collection":[{"href":"https:\/\/topholds.com\/fr\/wp-json\/wp\/v2\/product"}],"about":[{"href":"https:\/\/topholds.com\/fr\/wp-json\/wp\/v2\/types\/product"}],"replies":[{"embeddable":true,"href":"https:\/\/topholds.com\/fr\/wp-json\/wp\/v2\/comments?post=16797"}],"wp:featuredmedia":[{"embeddable":true,"href":"https:\/\/topholds.com\/fr\/wp-json\/wp\/v2\/media\/6459"}],"wp:attachment":[{"href":"https:\/\/topholds.com\/fr\/wp-json\/wp\/v2\/media?parent=16797"}],"wp:term":[{"taxonomy":"product_brand","embeddable":true,"href":"https:\/\/topholds.com\/fr\/wp-json\/wp\/v2\/product_brand?post=16797"},{"taxonomy":"product_cat","embeddable":true,"href":"https:\/\/topholds.com\/fr\/wp-json\/wp\/v2\/product_cat?post=16797"},{"taxonomy":"product_tag","embeddable":true,"href":"https:\/\/topholds.com\/fr\/wp-json\/wp\/v2\/product_tag?post=16797"}],"curies":[{"name":"wp","href":"https:\/\/api.w.org\/{rel}","templated":true}]}}