{"id":16802,"date":"2018-07-02T14:34:15","date_gmt":"2018-07-02T14:34:15","guid":{"rendered":"https:\/\/topholds.com\/climb-1\/"},"modified":"2026-03-18T09:22:41","modified_gmt":"2026-03-18T09:22:41","slug":"climb-1","status":"publish","type":"product","link":"https:\/\/topholds.com\/fr\/offre\/course-obstacles\/entrainements\/suspensionss\/climb-1\/","title":{"rendered":"Suspensions OCR Climb 1"},"content":{"rendered":"<p>Le <strong>Cazo OCR CLIMB 1, con\u00e7u sp\u00e9cifiquement pour les suspensions et tractions<\/strong> de niveau facile. Cet outil multifonction est parfait pour <strong>simuler des prises d&rsquo;escalade lors des courses \u00e0 obstacles<\/strong>, ainsi que pour optimiser vos entra\u00eenements d&rsquo;escalade, OCR et CrossFit.<\/p>\n<p>La s\u00e9rie de <em>suspensions OCR CLIMB<\/em> vous permet de <strong>ajuster la difficult\u00e9 de la prise en modifiant l&rsquo;inclinaison de la pi\u00e8ce<\/strong>, simplement en la suspendant avec le cordon devant ou derri\u00e8re. C&rsquo;est vous qui d\u00e9cidez du niveau de d\u00e9fi que vous souhaitez relever !<\/p>\n<p>Avec une ergonomie parfaite pour la main et une texture douce, ce cazo devient une ressource <strong>id\u00e9ale pour vos s\u00e9ances d&rsquo;entra\u00eenement<\/strong>. Malgr\u00e9 sa r\u00e9sistance et sa robustesse, il est \u00e9tonnamment l\u00e9ger, ce qui le rend parfait pour \u00eatre emport\u00e9 dans votre sac \u00e0 dos et s&rsquo;entra\u00eener n&rsquo;importe o\u00f9.<\/p>\n<p>L&rsquo;installation est rapide et facile : en seulement 3 secondes, <strong>utilisez un n\u0153ud de alondra pour le suspendre \u00e0 n&rsquo;importe quelle branche<\/strong>, barre de tractions ou structure dans un parc public. Une autre alternative est d&rsquo;utiliser un mousqueton pour le suspendre lors de sorties en toiture ou en surplomb.<\/p>\n<p>Veuillez noter que les couleurs du produit peuvent varier par rapport \u00e0 l&rsquo;image montr\u00e9e. Si vous souhaitez une couleur sp\u00e9cifique, n&rsquo;h\u00e9sitez pas \u00e0 nous contacter.<\/p>\n","protected":false},"excerpt":{"rendered":"<ul>\n<li>Seau pour suspensions\/tractions (niveau facile).<\/li>\n<li>Simulation des prises d&rsquo;escalade dans les courses d&rsquo;obstacles.<\/li>\n<li>Augmentez ou diminuez la difficult\u00e9 de la prise en la suspendant avec la cordelette devant ou derri\u00e8re.<\/li>\n<li>Id\u00e9al pour les entra\u00eenements d&rsquo;escalade, OCR ou Crossfit.<\/li>\n<li>Avec un mousqueton, nous les suspendons pour des sorties en plafond ou en d\u00e9vers.<\/li>\n<\/ul>\n","protected":false},"featured_media":6520,"comment_status":"open","ping_status":"closed","template":"","meta":[],"product_brand":[],"product_cat":[402,450,455],"product_tag":[],"class_list":{"0":"post-16802","1":"product","2":"type-product","3":"status-publish","4":"has-post-thumbnail","6":"product_cat-course-obstacles","7":"product_cat-entrainements","8":"product_cat-suspensionss","10":"first","11":"instock","12":"sale","13":"taxable","14":"shipping-taxable","15":"purchasable","16":"product-type-simple"},"_links":{"self":[{"href":"https:\/\/topholds.com\/fr\/wp-json\/wp\/v2\/product\/16802","targetHints":{"allow":["GET"]}}],"collection":[{"href":"https:\/\/topholds.com\/fr\/wp-json\/wp\/v2\/product"}],"about":[{"href":"https:\/\/topholds.com\/fr\/wp-json\/wp\/v2\/types\/product"}],"replies":[{"embeddable":true,"href":"https:\/\/topholds.com\/fr\/wp-json\/wp\/v2\/comments?post=16802"}],"wp:featuredmedia":[{"embeddable":true,"href":"https:\/\/topholds.com\/fr\/wp-json\/wp\/v2\/media\/6520"}],"wp:attachment":[{"href":"https:\/\/topholds.com\/fr\/wp-json\/wp\/v2\/media?parent=16802"}],"wp:term":[{"taxonomy":"product_brand","embeddable":true,"href":"https:\/\/topholds.com\/fr\/wp-json\/wp\/v2\/product_brand?post=16802"},{"taxonomy":"product_cat","embeddable":true,"href":"https:\/\/topholds.com\/fr\/wp-json\/wp\/v2\/product_cat?post=16802"},{"taxonomy":"product_tag","embeddable":true,"href":"https:\/\/topholds.com\/fr\/wp-json\/wp\/v2\/product_tag?post=16802"}],"curies":[{"name":"wp","href":"https:\/\/api.w.org\/{rel}","templated":true}]}}