{"id":16807,"date":"2018-07-02T15:20:21","date_gmt":"2018-07-02T15:20:21","guid":{"rendered":"https:\/\/topholds.com\/climb-2\/"},"modified":"2026-03-18T09:22:41","modified_gmt":"2026-03-18T09:22:41","slug":"climb-2","status":"publish","type":"product","link":"https:\/\/topholds.com\/fr\/offre\/course-obstacles\/entrainements\/suspensionss\/climb-2\/","title":{"rendered":"Suspensions OCR Climb 2"},"content":{"rendered":"<p><strong>OCR Climb 2 est une prise<\/strong> con\u00e7ue sp\u00e9cialement pour <strong>les suspensions et tractions de niveau moyen<\/strong>.<\/p>\n<p>Cet outil est parfait pour simuler <strong>des prises d&rsquo;escalade lors de courses \u00e0 obstacles<\/strong>, ainsi que pour am\u00e9liorer vos entra\u00eenements d&rsquo;escalade, OCR et CrossFit.<\/p>\n<p>La s\u00e9rie de <em>suspensions OCR CLIMB<\/em> offre la possibilit\u00e9 de <strong>ajuster la difficult\u00e9 de la prise en modifiant l&rsquo;inclinaison de la pi\u00e8ce<\/strong> simplement en la suspendant avec le cordon par devant ou par derri\u00e8re. C&rsquo;est vous qui d\u00e9cidez du niveau de d\u00e9fi !<\/p>\n<p>Son design ergonomique s&rsquo;adapte parfaitement \u00e0 la main et, avec sa texture douce, fait de cette prise un incontournable pour vos sessions d&rsquo;entra\u00eenement. Malgr\u00e9 sa robustesse, elle est <strong>incrdiblement l\u00e9g\u00e8re<\/strong>, ce qui la rend id\u00e9ale pour \u00eatre emport\u00e9e dans votre sac \u00e0 dos et vous entra\u00eener n&rsquo;importe o\u00f9.<\/p>\n<p>L&rsquo;installer est rapide et simple : en seulement 3 secondes, utilisez un n\u0153ud de lark pour la suspendre \u00e0 n&rsquo;importe quelle branche, barre de traction ou structure dans un parc public. Si vous pr\u00e9f\u00e9rez, utilisez un mousqueton pour la suspendre lors d&rsquo;escalades en toit ou en surplomb.<\/p>\n<p>Veuillez noter que les couleurs du produit peuvent varier par rapport \u00e0 l&rsquo;image affich\u00e9e. Si vous souhaitez une couleur sp\u00e9cifique, n&rsquo;h\u00e9sitez pas \u00e0 nous contacter.<\/p>\n","protected":false},"excerpt":{"rendered":"<ul>\n<li>\u00c9triers pour suspensions\/tractions (niveau moyen).<\/li>\n<li>Simulation des prises d&rsquo;escalade dans les courses \u00e0 obstacles.<\/li>\n<li>Augmente ou diminue la difficult\u00e9 de la prise en la suspendant avec le cordon devant ou derri\u00e8re.<\/li>\n<li>Id\u00e9aux pour les emporter dans le sac \u00e0 dos et pouvoir s&rsquo;entra\u00eener n&rsquo;importe o\u00f9.<\/li>\n<li>Avec un mousqueton, nous les suspendons pour des sorties sur plafond ou surplomb.<\/li>\n<\/ul>\n","protected":false},"featured_media":6519,"comment_status":"open","ping_status":"closed","template":"","meta":[],"product_brand":[],"product_cat":[402,450,455],"product_tag":[],"class_list":{"0":"post-16807","1":"product","2":"type-product","3":"status-publish","4":"has-post-thumbnail","6":"product_cat-course-obstacles","7":"product_cat-entrainements","8":"product_cat-suspensionss","10":"first","11":"instock","12":"taxable","13":"shipping-taxable","14":"purchasable","15":"product-type-simple"},"_links":{"self":[{"href":"https:\/\/topholds.com\/fr\/wp-json\/wp\/v2\/product\/16807","targetHints":{"allow":["GET"]}}],"collection":[{"href":"https:\/\/topholds.com\/fr\/wp-json\/wp\/v2\/product"}],"about":[{"href":"https:\/\/topholds.com\/fr\/wp-json\/wp\/v2\/types\/product"}],"replies":[{"embeddable":true,"href":"https:\/\/topholds.com\/fr\/wp-json\/wp\/v2\/comments?post=16807"}],"wp:featuredmedia":[{"embeddable":true,"href":"https:\/\/topholds.com\/fr\/wp-json\/wp\/v2\/media\/6519"}],"wp:attachment":[{"href":"https:\/\/topholds.com\/fr\/wp-json\/wp\/v2\/media?parent=16807"}],"wp:term":[{"taxonomy":"product_brand","embeddable":true,"href":"https:\/\/topholds.com\/fr\/wp-json\/wp\/v2\/product_brand?post=16807"},{"taxonomy":"product_cat","embeddable":true,"href":"https:\/\/topholds.com\/fr\/wp-json\/wp\/v2\/product_cat?post=16807"},{"taxonomy":"product_tag","embeddable":true,"href":"https:\/\/topholds.com\/fr\/wp-json\/wp\/v2\/product_tag?post=16807"}],"curies":[{"name":"wp","href":"https:\/\/api.w.org\/{rel}","templated":true}]}}