{"id":16812,"date":"2018-08-26T15:13:53","date_gmt":"2018-08-26T15:13:53","guid":{"rendered":"https:\/\/topholds.com\/genesis\/"},"modified":"2024-08-26T04:08:49","modified_gmt":"2024-08-26T04:08:49","slug":"genesis","status":"publish","type":"product","link":"https:\/\/topholds.com\/fr\/offre\/prises-escalade\/genesis\/","title":{"rendered":"Pack Prises d&rsquo;escalade Genesis"},"content":{"rendered":"<p><strong>G\u00e9nesis est un pack de 6 prises d&rsquo;escalade<\/strong> avec une texture double innovante, con\u00e7ues pour offrir de multiples options de prise et s&rsquo;adapter \u00e0 vos besoins.<\/p>\n<p>Ces prises hautement techniques et polyvalentes sont <strong>id\u00e9ales pour cr\u00e9er des probl\u00e8mes de comp\u00e9tition stimulant l&rsquo;ing\u00e9niosit\u00e9 des grimpeurs<\/strong>. Leur conception permet leur utilisation sur tout type de surplomb, augmentant ainsi les possibilit\u00e9s de cr\u00e9ation de voies vari\u00e9es et excitantes.<\/p>\n<p>Chaque prise du lot G\u00e9nesis est <strong>\u00e9quip\u00e9e de 2 trous suppl\u00e9mentaires pour vis<\/strong>, garantissant un maintien ferme et s\u00e9curis\u00e9 sur le mur d&rsquo;escalade.<\/p>\n<p>Pour un montage optimal, il est recommand\u00e9 d&rsquo;<strong>utiliser des vis M10x40 ou M8x40<\/strong>.<\/p>\n<p>Veuillez noter que les couleurs du produit peuvent varier par rapport \u00e0 l&rsquo;image affich\u00e9e. Si vous souhaitez une couleur sp\u00e9cifique, n&rsquo;h\u00e9sitez pas \u00e0 nous contacter.<\/p>\n","protected":false},"excerpt":{"rendered":"<ul>\n<li>G\u00e9nesis est un lot de 6 prises d&rsquo;escalade.<\/li>\n<li>Texture duale.<\/li>\n<li>Chacune d&rsquo;elles avec diff\u00e9rentes possibilit\u00e9s de prise.<\/li>\n<li>Id\u00e9ales pour cr\u00e9er des probl\u00e8mes en comp\u00e9tition.<\/li>\n<li>Peuvent \u00eatre utilis\u00e9es sur tout type de surplomb.<\/li>\n<\/ul>\n","protected":false},"featured_media":6686,"comment_status":"open","ping_status":"closed","template":"","meta":[],"product_brand":[],"product_cat":[429],"product_tag":[],"class_list":{"0":"post-16812","1":"product","2":"type-product","3":"status-publish","4":"has-post-thumbnail","6":"product_cat-prises-escalade","8":"first","9":"instock","10":"sale","11":"taxable","12":"shipping-taxable","13":"purchasable","14":"product-type-simple"},"_links":{"self":[{"href":"https:\/\/topholds.com\/fr\/wp-json\/wp\/v2\/product\/16812","targetHints":{"allow":["GET"]}}],"collection":[{"href":"https:\/\/topholds.com\/fr\/wp-json\/wp\/v2\/product"}],"about":[{"href":"https:\/\/topholds.com\/fr\/wp-json\/wp\/v2\/types\/product"}],"replies":[{"embeddable":true,"href":"https:\/\/topholds.com\/fr\/wp-json\/wp\/v2\/comments?post=16812"}],"wp:featuredmedia":[{"embeddable":true,"href":"https:\/\/topholds.com\/fr\/wp-json\/wp\/v2\/media\/6686"}],"wp:attachment":[{"href":"https:\/\/topholds.com\/fr\/wp-json\/wp\/v2\/media?parent=16812"}],"wp:term":[{"taxonomy":"product_brand","embeddable":true,"href":"https:\/\/topholds.com\/fr\/wp-json\/wp\/v2\/product_brand?post=16812"},{"taxonomy":"product_cat","embeddable":true,"href":"https:\/\/topholds.com\/fr\/wp-json\/wp\/v2\/product_cat?post=16812"},{"taxonomy":"product_tag","embeddable":true,"href":"https:\/\/topholds.com\/fr\/wp-json\/wp\/v2\/product_tag?post=16812"}],"curies":[{"name":"wp","href":"https:\/\/api.w.org\/{rel}","templated":true}]}}