{"id":16822,"date":"2018-11-06T20:06:34","date_gmt":"2018-11-06T20:06:34","guid":{"rendered":"https:\/\/topholds.com\/top-fly\/"},"modified":"2026-03-11T14:17:30","modified_gmt":"2026-03-11T14:17:30","slug":"top-fly","status":"publish","type":"product","link":"https:\/\/topholds.com\/fr\/offre\/course-obstacles\/entrainements\/suspensionss\/top-fly\/","title":{"rendered":"Suspensions OCR Top Fly"},"content":{"rendered":"<p><strong>Disco Top Fly pour Fly Monkey<\/strong> avec deux mains est une prise d&rsquo;entra\u00eenement qui te permet de r\u00e9aliser des mouvements dynamiques avec les deux mains en position de cuve oppos\u00e9e. Son ergonomie et sa texture douce mais adh\u00e9rente en font une <strong>prise confortable et s\u00fbre<\/strong>, qui \u00e9vite les blessures pouvant survenir avec une prise plate.<\/p>\n<p>C&rsquo;est <strong>une prise pour am\u00e9liorer ta force et ton endurance en escalade<\/strong>, OCR, d\u00e9fis ninja et Crossfit.<\/p>\n<p>Les couleurs du disque peuvent varier par rapport \u00e0 la photo. Si tu souhaites choisir une couleur sp\u00e9cifique, contacte-nous.<\/p>\n","protected":false},"excerpt":{"rendered":"<ul>\n<li>Disque pour fly monkey avec deux mains.<\/li>\n<li>Une ergonomie parfaite pour une prise \u00e0 deux mains.<\/li>\n<li>Texture douce mais tr\u00e8s adh\u00e9rente.<\/li>\n<li>Un outil brutal pour nos entra\u00eenements d&rsquo;escalade, OCR, d\u00e9fis ninja et Crossfit.<\/li>\n<\/ul>\n","protected":false},"featured_media":7363,"comment_status":"open","ping_status":"closed","template":"","meta":[],"product_brand":[],"product_cat":[402,450,455],"product_tag":[],"class_list":{"0":"post-16822","1":"product","2":"type-product","3":"status-publish","4":"has-post-thumbnail","6":"product_cat-course-obstacles","7":"product_cat-entrainements","8":"product_cat-suspensionss","10":"first","11":"instock","12":"sale","13":"taxable","14":"shipping-taxable","15":"purchasable","16":"product-type-simple"},"_links":{"self":[{"href":"https:\/\/topholds.com\/fr\/wp-json\/wp\/v2\/product\/16822","targetHints":{"allow":["GET"]}}],"collection":[{"href":"https:\/\/topholds.com\/fr\/wp-json\/wp\/v2\/product"}],"about":[{"href":"https:\/\/topholds.com\/fr\/wp-json\/wp\/v2\/types\/product"}],"replies":[{"embeddable":true,"href":"https:\/\/topholds.com\/fr\/wp-json\/wp\/v2\/comments?post=16822"}],"wp:featuredmedia":[{"embeddable":true,"href":"https:\/\/topholds.com\/fr\/wp-json\/wp\/v2\/media\/7363"}],"wp:attachment":[{"href":"https:\/\/topholds.com\/fr\/wp-json\/wp\/v2\/media?parent=16822"}],"wp:term":[{"taxonomy":"product_brand","embeddable":true,"href":"https:\/\/topholds.com\/fr\/wp-json\/wp\/v2\/product_brand?post=16822"},{"taxonomy":"product_cat","embeddable":true,"href":"https:\/\/topholds.com\/fr\/wp-json\/wp\/v2\/product_cat?post=16822"},{"taxonomy":"product_tag","embeddable":true,"href":"https:\/\/topholds.com\/fr\/wp-json\/wp\/v2\/product_tag?post=16822"}],"curies":[{"name":"wp","href":"https:\/\/api.w.org\/{rel}","templated":true}]}}