{"id":16827,"date":"2018-11-14T20:01:42","date_gmt":"2018-11-14T20:01:42","guid":{"rendered":"https:\/\/topholds.com\/numeradas\/"},"modified":"2025-10-02T14:37:30","modified_gmt":"2025-10-02T14:37:30","slug":"numeradas","status":"publish","type":"product","link":"https:\/\/topholds.com\/fr\/offre\/prises-escalade\/enfants\/numeradas\/","title":{"rendered":"Pack Prises d&rsquo;escalade Numeradas"},"content":{"rendered":"<p><strong>Numeradas est un pack de 10 prises d&rsquo;escalade<\/strong> avec une texture de gr\u00e8s douce, con\u00e7ues pour s&rsquo;adapter \u00e0 diff\u00e9rents niveaux de comp\u00e9tence et pr\u00e9f\u00e9rences de prise.<\/p>\n<p>Le lot Numeradas offre <strong>des prises en cuvette id\u00e9ales pour les enfants ou les d\u00e9butants<\/strong>, mais en les inversant, elles se transforment en prises avec des bords fins pour ceux qui cherchent un plus grand d\u00e9fi en grimpant.<\/p>\n<p>Les prises sont num\u00e9rot\u00e9es de 1 \u00e0 10, ce qui permet de r\u00e9aliser des entra\u00eenements cibl\u00e9s et des jeux pour les plus petits, apportant ainsi du plaisir et de la motivation. Ces prises sont adapt\u00e9es \u00e0 tout surplomb, ce qui les rend id\u00e9ales pour les murs d&rsquo;escalade \u00e0 la maison comme dans les salles de sport.<\/p>\n<p>Chaque prise est \u00e9quip\u00e9e d&rsquo;un trou pour vis anti-rotation, offrant ainsi une plus grande stabilit\u00e9 et s\u00e9curit\u00e9 lors de son utilisation. Il est recommand\u00e9 d&rsquo;<strong>utiliser des vis M10x40 ou M8x40<\/strong> pour garantir une installation solide et durable.<\/p>\n<p>Veuillez noter que les couleurs du produit peuvent varier par rapport \u00e0 l&rsquo;image montr\u00e9e. Si vous d\u00e9sirez une couleur sp\u00e9cifique, n&rsquo;h\u00e9sitez pas \u00e0 nous contacter.<\/p>\n","protected":false},"excerpt":{"rendered":"<ul>\n<li>Numer\u00e9es, est un pack de 10 prises d&rsquo;escalade.<\/li>\n<li>Texture de gr\u00e8s douce.<\/li>\n<li>Prises en cazo pour enfants ou d\u00e9butants.<\/li>\n<li>Num\u00e9rot\u00e9es de 1 \u00e0 10 pour r\u00e9aliser des entra\u00eenements dirig\u00e9s et des jeux pour les plus petits.<\/li>\n<li>Pour toutes les surplombs.<\/li>\n<\/ul>\n","protected":false},"featured_media":19716,"comment_status":"open","ping_status":"closed","template":"","meta":[],"product_brand":[],"product_cat":[429,431],"product_tag":[],"class_list":{"0":"post-16827","1":"product","2":"type-product","3":"status-publish","4":"has-post-thumbnail","6":"product_cat-prises-escalade","7":"product_cat-enfants","9":"first","10":"instock","11":"taxable","12":"shipping-taxable","13":"purchasable","14":"product-type-simple"},"_links":{"self":[{"href":"https:\/\/topholds.com\/fr\/wp-json\/wp\/v2\/product\/16827","targetHints":{"allow":["GET"]}}],"collection":[{"href":"https:\/\/topholds.com\/fr\/wp-json\/wp\/v2\/product"}],"about":[{"href":"https:\/\/topholds.com\/fr\/wp-json\/wp\/v2\/types\/product"}],"replies":[{"embeddable":true,"href":"https:\/\/topholds.com\/fr\/wp-json\/wp\/v2\/comments?post=16827"}],"wp:featuredmedia":[{"embeddable":true,"href":"https:\/\/topholds.com\/fr\/wp-json\/wp\/v2\/media\/19716"}],"wp:attachment":[{"href":"https:\/\/topholds.com\/fr\/wp-json\/wp\/v2\/media?parent=16827"}],"wp:term":[{"taxonomy":"product_brand","embeddable":true,"href":"https:\/\/topholds.com\/fr\/wp-json\/wp\/v2\/product_brand?post=16827"},{"taxonomy":"product_cat","embeddable":true,"href":"https:\/\/topholds.com\/fr\/wp-json\/wp\/v2\/product_cat?post=16827"},{"taxonomy":"product_tag","embeddable":true,"href":"https:\/\/topholds.com\/fr\/wp-json\/wp\/v2\/product_tag?post=16827"}],"curies":[{"name":"wp","href":"https:\/\/api.w.org\/{rel}","templated":true}]}}