{"id":16832,"date":"2018-11-18T19:20:16","date_gmt":"2018-11-18T19:20:16","guid":{"rendered":"https:\/\/topholds.com\/bestial\/"},"modified":"2025-09-21T14:44:46","modified_gmt":"2025-09-21T14:44:46","slug":"bestial","status":"publish","type":"product","link":"https:\/\/topholds.com\/fr\/offre\/course-obstacles\/entrainements\/suspensionss\/bestial\/","title":{"rendered":"Suspensions OCR Bestial"},"content":{"rendered":"<p><strong>Bestial, un \u00e9l\u00e9ment polyvalent pour les suspensions et tractions<\/strong>, con\u00e7u pour ceux qui cherchent \u00e0 ajouter de l&rsquo;\u00e9motion et du d\u00e9fi \u00e0 leurs entra\u00eenements.<\/p>\n<p>La <em>suspension OCR Bestial<\/em> offre plusieurs prises pour les tractions, mais dans l\u2019\u00e9tape dynamique, elle n\u2019en permet qu\u2019une qui n\u00e9cessite plus de technique que la prise en boule.<\/p>\n<p>Avec une ergonomie parfaite pour la main et une <strong>texture douce mais adh\u00e9rente<\/strong>, Bestial devient un outil <strong>exceptionnel pour vos entra\u00eenements d&rsquo;escalade, OCR et Crossfit<\/strong>.<\/p>\n<p>Son design l\u00e9ger le rend id\u00e9al pour \u00eatre emport\u00e9 partout et utilis\u00e9 lors de vos entra\u00eenements en ext\u00e9rieur ou \u00e0 la salle de gym.<\/p>\n<p>Nous avons opt\u00e9 pour un cordon double de 6 mm pour plusieurs raisons :<\/p>\n<ul>\n<li>Aucun obstacle dans la prise.<\/li>\n<li>En seulement 3 secondes, avec un n\u0153ud de alondra, vous pouvez le suspendre \u00e0 n&rsquo;importe quelle branche, barre de traction, etc.<\/li>\n<li>En utilisant un mousqueton, vous pouvez le suspendre pour des sorties en toiture ou en d\u00e9vers.<\/li>\n<\/ul>\n<p>Les couleurs du produit peuvent varier par rapport \u00e0 l&rsquo;image affich\u00e9e. Si vous souhaitez une couleur sp\u00e9cifique, n&rsquo;h\u00e9sitez pas \u00e0 nous consulter.<\/p>\n","protected":false},"excerpt":{"rendered":"<ul>\n<li>Bestial est un \u00e9l\u00e9ment pour les suspensions\/tractions.<\/li>\n<li>Tr\u00e8s l\u00e9gers, id\u00e9aux pour les emporter \u00e0 nos entra\u00eenements partout.<\/li>\n<li>Aucun obstacle dans la prise.<\/li>\n<li>En 3 secondes avec un n\u0153ud de l\u2019alouette, nous les accrochons \u00e0 n&rsquo;importe quelle branche, barre de traction, etc.<\/li>\n<li>Avec un mousqueton, nous les accrochons pour des sorties sur toit ou en d\u00e9vers.<\/li>\n<\/ul>\n","protected":false},"featured_media":6886,"comment_status":"open","ping_status":"closed","template":"","meta":[],"product_brand":[],"product_cat":[402,450,455],"product_tag":[],"class_list":{"0":"post-16832","1":"product","2":"type-product","3":"status-publish","4":"has-post-thumbnail","6":"product_cat-course-obstacles","7":"product_cat-entrainements","8":"product_cat-suspensionss","10":"first","11":"instock","12":"taxable","13":"shipping-taxable","14":"purchasable","15":"product-type-simple"},"_links":{"self":[{"href":"https:\/\/topholds.com\/fr\/wp-json\/wp\/v2\/product\/16832","targetHints":{"allow":["GET"]}}],"collection":[{"href":"https:\/\/topholds.com\/fr\/wp-json\/wp\/v2\/product"}],"about":[{"href":"https:\/\/topholds.com\/fr\/wp-json\/wp\/v2\/types\/product"}],"replies":[{"embeddable":true,"href":"https:\/\/topholds.com\/fr\/wp-json\/wp\/v2\/comments?post=16832"}],"wp:featuredmedia":[{"embeddable":true,"href":"https:\/\/topholds.com\/fr\/wp-json\/wp\/v2\/media\/6886"}],"wp:attachment":[{"href":"https:\/\/topholds.com\/fr\/wp-json\/wp\/v2\/media?parent=16832"}],"wp:term":[{"taxonomy":"product_brand","embeddable":true,"href":"https:\/\/topholds.com\/fr\/wp-json\/wp\/v2\/product_brand?post=16832"},{"taxonomy":"product_cat","embeddable":true,"href":"https:\/\/topholds.com\/fr\/wp-json\/wp\/v2\/product_cat?post=16832"},{"taxonomy":"product_tag","embeddable":true,"href":"https:\/\/topholds.com\/fr\/wp-json\/wp\/v2\/product_tag?post=16832"}],"curies":[{"name":"wp","href":"https:\/\/api.w.org\/{rel}","templated":true}]}}