{"id":16837,"date":"2018-12-30T19:18:08","date_gmt":"2018-12-30T19:18:08","guid":{"rendered":"https:\/\/topholds.com\/nunchaku-grips\/"},"modified":"2026-03-11T14:17:29","modified_gmt":"2026-03-11T14:17:29","slug":"nunchaku-grips","status":"publish","type":"product","link":"https:\/\/topholds.com\/fr\/offre\/course-obstacles\/entrainements\/suspensionss\/nunchaku-grips\/","title":{"rendered":"Suspensions OCR Nunchaku grips"},"content":{"rendered":"<p><strong>Nunchaku Grips sont des suspensions de OCR<\/strong> inspir\u00e9es par le nunchaku, l&rsquo;arme traditionnelle japonaise. Ils ont une hauteur de 18 cm et un diam\u00e8tre de 3,7 cm.<\/p>\n<p>Leur ergonomie et leur texture douce mais adh\u00e9rente en font des <strong>prises brutales pour am\u00e9liorer votre force et votre r\u00e9sistance en escalade, OCR et Crossfit<\/strong>.<\/p>\n<p>Les Nunchaku Grips sont <strong>tr\u00e8s l\u00e9gers et faciles \u00e0 transporter<\/strong>. Vous pouvez les accrocher n&rsquo;importe o\u00f9 avec un cordon double de 6 mm qui est inclus : une branche, une barre de traction, un mousqueton\u2026 Ainsi, vous pourrez pratiquer des sorties \u00e0 toit ou des d\u00e9vers avec plus de confort.<\/p>\n<p>Les couleurs des nunchaku grips peuvent varier par rapport \u00e0 la photo. Si vous souhaitez choisir une couleur sp\u00e9cifique, contactez-nous.<\/p>\n","protected":false},"excerpt":{"rendered":"<ul>\n<li>Ergonomie parfaite pour la main.<\/li>\n<li>Tr\u00e8s l\u00e9gers, id\u00e9aux pour les emmener \u00e0 nos entra\u00eenements n&rsquo;importe o\u00f9.<\/li>\n<li>En 3 secondes, avec un n\u0153ud alondra, nous les accrochons \u00e0 n&rsquo;importe quelle branche&#8230;<\/li>\n<li>Avec un mousqueton, nous les accrochons pour des sorties sur toit ou en d\u00e9vers.<\/li>\n<\/ul>\n","protected":false},"featured_media":6975,"comment_status":"open","ping_status":"closed","template":"","meta":[],"product_brand":[],"product_cat":[402,450,455],"product_tag":[],"class_list":{"0":"post-16837","1":"product","2":"type-product","3":"status-publish","4":"has-post-thumbnail","6":"product_cat-course-obstacles","7":"product_cat-entrainements","8":"product_cat-suspensionss","10":"first","11":"instock","12":"sale","13":"taxable","14":"shipping-taxable","15":"purchasable","16":"product-type-simple"},"_links":{"self":[{"href":"https:\/\/topholds.com\/fr\/wp-json\/wp\/v2\/product\/16837","targetHints":{"allow":["GET"]}}],"collection":[{"href":"https:\/\/topholds.com\/fr\/wp-json\/wp\/v2\/product"}],"about":[{"href":"https:\/\/topholds.com\/fr\/wp-json\/wp\/v2\/types\/product"}],"replies":[{"embeddable":true,"href":"https:\/\/topholds.com\/fr\/wp-json\/wp\/v2\/comments?post=16837"}],"wp:featuredmedia":[{"embeddable":true,"href":"https:\/\/topholds.com\/fr\/wp-json\/wp\/v2\/media\/6975"}],"wp:attachment":[{"href":"https:\/\/topholds.com\/fr\/wp-json\/wp\/v2\/media?parent=16837"}],"wp:term":[{"taxonomy":"product_brand","embeddable":true,"href":"https:\/\/topholds.com\/fr\/wp-json\/wp\/v2\/product_brand?post=16837"},{"taxonomy":"product_cat","embeddable":true,"href":"https:\/\/topholds.com\/fr\/wp-json\/wp\/v2\/product_cat?post=16837"},{"taxonomy":"product_tag","embeddable":true,"href":"https:\/\/topholds.com\/fr\/wp-json\/wp\/v2\/product_tag?post=16837"}],"curies":[{"name":"wp","href":"https:\/\/api.w.org\/{rel}","templated":true}]}}