{"id":16847,"date":"2019-03-28T20:19:28","date_gmt":"2019-03-28T20:19:28","guid":{"rendered":"https:\/\/topholds.com\/terra-3\/"},"modified":"2024-08-26T04:13:38","modified_gmt":"2024-08-26T04:13:38","slug":"terra-3","status":"publish","type":"product","link":"https:\/\/topholds.com\/fr\/offre\/prises-escalade\/terra-3\/","title":{"rendered":"Pack Prises d&rsquo;escalade Terra 3"},"content":{"rendered":"<p><strong>Terra 3 est un pack de 3 prises d&rsquo;escalade<\/strong> avec une texture douce en gr\u00e8s et un relief profond, con\u00e7ues pour am\u00e9liorer votre performance sur la paroi.<\/p>\n<p>Chaque prise est <strong>\u00e9quip\u00e9e d&rsquo;un trou pour vis anti-rotation<\/strong>, assurant une plus grande stabilit\u00e9 et \u00e9vitant les mouvements ind\u00e9sirables pendant son utilisation.<\/p>\n<p>Pour une fixation s\u00e9curis\u00e9e et durable, il est conseill\u00e9 <strong>d&rsquo;utiliser des vis M10x40 (recommand\u00e9) ou M8x40 lors de l&rsquo;installation des prises<\/strong>.<\/p>\n<p>Veuillez noter que les couleurs du produit peuvent varier par rapport \u00e0 l&rsquo;image affich\u00e9e. Si vous souhaitez une couleur sp\u00e9cifique, n&rsquo;h\u00e9sitez pas \u00e0 nous contacter.<\/p>\n","protected":false},"excerpt":{"rendered":"<ul>\n<li>Terra 3 est un lot de 3 prises d&rsquo;escalade.<\/li>\n<li>Texture de gr\u00e8s doux et un relief tr\u00e8s profond.<\/li>\n<li>Toutes \u00e9quip\u00e9es d&rsquo;un trou pour vis anti-rotation.<\/li>\n<\/ul>\n<p>&nbsp;<\/p>\n","protected":false},"featured_media":19766,"comment_status":"open","ping_status":"closed","template":"","meta":[],"product_brand":[],"product_cat":[429],"product_tag":[],"class_list":{"0":"post-16847","1":"product","2":"type-product","3":"status-publish","4":"has-post-thumbnail","6":"product_cat-prises-escalade","8":"first","9":"instock","10":"taxable","11":"shipping-taxable","12":"purchasable","13":"product-type-simple"},"_links":{"self":[{"href":"https:\/\/topholds.com\/fr\/wp-json\/wp\/v2\/product\/16847","targetHints":{"allow":["GET"]}}],"collection":[{"href":"https:\/\/topholds.com\/fr\/wp-json\/wp\/v2\/product"}],"about":[{"href":"https:\/\/topholds.com\/fr\/wp-json\/wp\/v2\/types\/product"}],"replies":[{"embeddable":true,"href":"https:\/\/topholds.com\/fr\/wp-json\/wp\/v2\/comments?post=16847"}],"wp:featuredmedia":[{"embeddable":true,"href":"https:\/\/topholds.com\/fr\/wp-json\/wp\/v2\/media\/19766"}],"wp:attachment":[{"href":"https:\/\/topholds.com\/fr\/wp-json\/wp\/v2\/media?parent=16847"}],"wp:term":[{"taxonomy":"product_brand","embeddable":true,"href":"https:\/\/topholds.com\/fr\/wp-json\/wp\/v2\/product_brand?post=16847"},{"taxonomy":"product_cat","embeddable":true,"href":"https:\/\/topholds.com\/fr\/wp-json\/wp\/v2\/product_cat?post=16847"},{"taxonomy":"product_tag","embeddable":true,"href":"https:\/\/topholds.com\/fr\/wp-json\/wp\/v2\/product_tag?post=16847"}],"curies":[{"name":"wp","href":"https:\/\/api.w.org\/{rel}","templated":true}]}}