{"id":16852,"date":"2019-03-29T07:14:43","date_gmt":"2019-03-29T07:14:43","guid":{"rendered":"https:\/\/topholds.com\/terra-35\/"},"modified":"2024-08-26T04:14:29","modified_gmt":"2024-08-26T04:14:29","slug":"terra-35","status":"publish","type":"product","link":"https:\/\/topholds.com\/fr\/offre\/prises-escalade\/terra-35\/","title":{"rendered":"Pack Prises d&rsquo;escalade Terra 35"},"content":{"rendered":"<div class=\"flex-1 overflow-hidden\">\n<div class=\"react-scroll-to-bottom--css-ogubs-79elbk h-full dark:bg-gray-800\">\n<div class=\"react-scroll-to-bottom--css-ogubs-1n7m0yu\">\n<div class=\"flex flex-col items-center text-sm dark:bg-gray-800\">\n<div class=\"group w-full text-gray-800 dark:text-gray-100 border-b border-black\/10 dark:border-gray-900\/50 bg-gray-50 dark:bg-[#444654]\">\n<div class=\"text-base gap-4 md:gap-6 md:max-w-2xl lg:max-w-2xl xl:max-w-3xl p-4 md:py-6 flex lg:px-0 m-auto\">\n<div class=\"relative flex w-[calc(100%-50px)] flex-col gap-1 md:gap-3 lg:w-[calc(100%-115px)]\">\n<div class=\"flex flex-grow flex-col gap-3\">\n<div class=\"min-h-[20px] flex flex-col items-start gap-4 whitespace-pre-wrap\">\n<div class=\"markdown prose w-full break-words dark:prose-invert light\">\n<p><strong>Terra 35 est un pack de 3 prises d&rsquo;escalade<\/strong> avec une texture de gr\u00e8s douce et un relief profond.<\/p>\n<p>Ces prises vous offrent de grands r\u00e9ceptacles \u00e0 saisir \u00e0 deux mains, <strong>id\u00e9ales pour surmonter des surplombs et des plafonds<\/strong>. Si vous les placez \u00e0 l&rsquo;envers, vous trouverez des prises plates et des r\u00e9glettes stimulantes \u00e0 serrer, ce qui permet une grande vari\u00e9t\u00e9 de configurations sur votre mur d&rsquo;escalade.<\/p>\n<p>Chaque prise est \u00e9quip\u00e9e d&rsquo;un trou pour vis anti-rotation, garantissant une <strong>meilleure stabilit\u00e9 et \u00e9vitant les mouvements ind\u00e9sirables pendant son utilisation<\/strong>.<\/p>\n<p>Pour l&rsquo;installation, nous sugg\u00e9rons <strong>d&rsquo;utiliser des vis M10x40 (recommand\u00e9) ou M8x40<\/strong>.<\/p>\n<p>Veuillez noter que les couleurs du produit peuvent varier par rapport \u00e0 l&rsquo;image affich\u00e9e. Si vous pr\u00e9f\u00e9rez une couleur sp\u00e9cifique, n&rsquo;h\u00e9sitez pas \u00e0 nous contacter.<\/p>\n<\/div>\n<\/div>\n<\/div>\n<\/div>\n<\/div>\n<\/div>\n<\/div>\n<\/div>\n<\/div>\n","protected":false},"excerpt":{"rendered":"<ul>\n<li>Terra 35 est un lot de 3 prises d&rsquo;escalade.<\/li>\n<li>Texture en gr\u00e8s doux et relief tr\u00e8s profond.<\/li>\n<li>Grandes prises pour deux mains.<\/li>\n<li>Adapt\u00e9es \u00e0 tous les surplombs et plafonds.<\/li>\n<li>Toutes \u00e9quip\u00e9es d&rsquo;un trou pour vis anti-rotation.<\/li>\n<\/ul>\n","protected":false},"featured_media":19791,"comment_status":"open","ping_status":"closed","template":"","meta":[],"product_brand":[],"product_cat":[429],"product_tag":[],"class_list":{"0":"post-16852","1":"product","2":"type-product","3":"status-publish","4":"has-post-thumbnail","6":"product_cat-prises-escalade","8":"first","9":"instock","10":"taxable","11":"shipping-taxable","12":"purchasable","13":"product-type-simple"},"_links":{"self":[{"href":"https:\/\/topholds.com\/fr\/wp-json\/wp\/v2\/product\/16852","targetHints":{"allow":["GET"]}}],"collection":[{"href":"https:\/\/topholds.com\/fr\/wp-json\/wp\/v2\/product"}],"about":[{"href":"https:\/\/topholds.com\/fr\/wp-json\/wp\/v2\/types\/product"}],"replies":[{"embeddable":true,"href":"https:\/\/topholds.com\/fr\/wp-json\/wp\/v2\/comments?post=16852"}],"wp:featuredmedia":[{"embeddable":true,"href":"https:\/\/topholds.com\/fr\/wp-json\/wp\/v2\/media\/19791"}],"wp:attachment":[{"href":"https:\/\/topholds.com\/fr\/wp-json\/wp\/v2\/media?parent=16852"}],"wp:term":[{"taxonomy":"product_brand","embeddable":true,"href":"https:\/\/topholds.com\/fr\/wp-json\/wp\/v2\/product_brand?post=16852"},{"taxonomy":"product_cat","embeddable":true,"href":"https:\/\/topholds.com\/fr\/wp-json\/wp\/v2\/product_cat?post=16852"},{"taxonomy":"product_tag","embeddable":true,"href":"https:\/\/topholds.com\/fr\/wp-json\/wp\/v2\/product_tag?post=16852"}],"curies":[{"name":"wp","href":"https:\/\/api.w.org\/{rel}","templated":true}]}}