{"id":16857,"date":"2019-03-29T07:36:43","date_gmt":"2019-03-29T07:36:43","guid":{"rendered":"https:\/\/topholds.com\/terra-8\/"},"modified":"2024-08-26T04:15:10","modified_gmt":"2024-08-26T04:15:10","slug":"terra-8","status":"publish","type":"product","link":"https:\/\/topholds.com\/fr\/offre\/prises-escalade\/terra-8\/","title":{"rendered":"Pack Prises d&rsquo;escalade Terra 8"},"content":{"rendered":"<div class=\"flex-1 overflow-hidden\">\n<div class=\"react-scroll-to-bottom--css-ogubs-79elbk h-full dark:bg-gray-800\">\n<div class=\"react-scroll-to-bottom--css-ogubs-1n7m0yu\">\n<div class=\"flex flex-col items-center text-sm dark:bg-gray-800\">\n<div class=\"group w-full text-gray-800 dark:text-gray-100 border-b border-black\/10 dark:border-gray-900\/50 bg-gray-50 dark:bg-[#444654]\">\n<div class=\"text-base gap-4 md:gap-6 md:max-w-2xl lg:max-w-2xl xl:max-w-3xl p-4 md:py-6 flex lg:px-0 m-auto\">\n<div class=\"relative flex w-[calc(100%-50px)] flex-col gap-1 md:gap-3 lg:w-[calc(100%-115px)]\">\n<div class=\"flex flex-grow flex-col gap-3\">\n<div class=\"min-h-[20px] flex flex-col items-start gap-4 whitespace-pre-wrap\">\n<div class=\"markdown prose w-full break-words dark:prose-invert light\">\n<p><strong>Terra8 est un pack de 8 prises d&rsquo;escalade<\/strong> avec une texture de gr\u00e8s douce et un relief profond, con\u00e7ues pour vous offrir une exp\u00e9rience d&rsquo;escalade in\u00e9gal\u00e9e.<\/p>\n<p>Les prises Terra8 disposent d&rsquo;une <strong>texture de gr\u00e8s douce et d&rsquo;un relief profond<\/strong>, offrant une adh\u00e9rence exceptionnelle et une bonne exp\u00e9rience d&rsquo;escalade.<\/p>\n<p>Ces prises sont <strong>adapt\u00e9es \u00e0 tous types de surplombs et de plafonds<\/strong>, et en les retournant, vous trouverez des prises romaines et de petites r\u00e9glets \u00e0 presser, vous permettant de concevoir des itin\u00e9raires d\u00e9fiants et vari\u00e9s sur votre mur d&rsquo;escalade.<\/p>\n<p>Toutes les prises sont \u00e9quip\u00e9es d&rsquo;un trou pour vis anti-rotation, garantissant une plus grande stabilit\u00e9 et \u00e9vitant les mouvements ind\u00e9sirables pendant leur utilisation.<\/p>\n<p>Pour assurer une fixation ferme et durable, il est conseill\u00e9 de <strong>utiliser des vis M10x40 ou M8x40 lors de l&rsquo;installation des prises<\/strong>.<\/p>\n<p>Veuillez noter que les couleurs du produit peuvent varier par rapport \u00e0 l&rsquo;image pr\u00e9sent\u00e9e. Si vous souhaitez une couleur sp\u00e9cifique, n&rsquo;h\u00e9sitez pas \u00e0 nous contacter.<\/p>\n<\/div>\n<\/div>\n<\/div>\n<\/div>\n<\/div>\n<\/div>\n<\/div>\n<\/div>\n<\/div>\n","protected":false},"excerpt":{"rendered":"<ul>\n<li>Terra 8 est un pack de 8 prises d&rsquo;escalade.<\/li>\n<li>Texture gr\u00e9seuse douce et un relief tr\u00e8s profond.<\/li>\n<li>Convient \u00e0 tout d\u00e9vers et plafond.<\/li>\n<li>Toutes \u00e9quip\u00e9es d&rsquo;un trou pour vis de fixation anti-rotation.<\/li>\n<\/ul>\n<p>&nbsp;<\/p>\n","protected":false},"featured_media":19811,"comment_status":"open","ping_status":"closed","template":"","meta":[],"product_brand":[],"product_cat":[429],"product_tag":[],"class_list":{"0":"post-16857","1":"product","2":"type-product","3":"status-publish","4":"has-post-thumbnail","6":"product_cat-prises-escalade","8":"first","9":"instock","10":"taxable","11":"shipping-taxable","12":"purchasable","13":"product-type-simple"},"_links":{"self":[{"href":"https:\/\/topholds.com\/fr\/wp-json\/wp\/v2\/product\/16857","targetHints":{"allow":["GET"]}}],"collection":[{"href":"https:\/\/topholds.com\/fr\/wp-json\/wp\/v2\/product"}],"about":[{"href":"https:\/\/topholds.com\/fr\/wp-json\/wp\/v2\/types\/product"}],"replies":[{"embeddable":true,"href":"https:\/\/topholds.com\/fr\/wp-json\/wp\/v2\/comments?post=16857"}],"wp:featuredmedia":[{"embeddable":true,"href":"https:\/\/topholds.com\/fr\/wp-json\/wp\/v2\/media\/19811"}],"wp:attachment":[{"href":"https:\/\/topholds.com\/fr\/wp-json\/wp\/v2\/media?parent=16857"}],"wp:term":[{"taxonomy":"product_brand","embeddable":true,"href":"https:\/\/topholds.com\/fr\/wp-json\/wp\/v2\/product_brand?post=16857"},{"taxonomy":"product_cat","embeddable":true,"href":"https:\/\/topholds.com\/fr\/wp-json\/wp\/v2\/product_cat?post=16857"},{"taxonomy":"product_tag","embeddable":true,"href":"https:\/\/topholds.com\/fr\/wp-json\/wp\/v2\/product_tag?post=16857"}],"curies":[{"name":"wp","href":"https:\/\/api.w.org\/{rel}","templated":true}]}}