{"id":16862,"date":"2019-03-29T07:43:45","date_gmt":"2019-03-29T07:43:45","guid":{"rendered":"https:\/\/topholds.com\/terra-10\/"},"modified":"2024-08-26T04:15:48","modified_gmt":"2024-08-26T04:15:48","slug":"terra-10","status":"publish","type":"product","link":"https:\/\/topholds.com\/fr\/offre\/prises-escalade\/terra-10\/","title":{"rendered":"Pack Prises d&rsquo;escalade Terra 10"},"content":{"rendered":"<p><strong>Terra 10 est un pack de 10 prises d&rsquo;escalade<\/strong> avec une texture de gr\u00e8s douce et un relief profond qui vous permettra d&rsquo;atteindre de nouveaux sommets dans votre entra\u00eenement.<\/p>\n<p>Chacune des 10 prises dispose d&rsquo;une <strong>texture de gr\u00e8s douce et d&rsquo;un relief profond<\/strong>, offrant une adh\u00e9rence optimale et une exp\u00e9rience d&rsquo;escalade stimulante.<\/p>\n<p>Les <em>prises Terra 10<\/em> sont <strong>adapt\u00e9es \u00e0 tout type de surplomb et de plafond<\/strong>, ce qui vous permet de cr\u00e9er des parcours stimulants et dynamiques sur votre mur d&rsquo;escalade. Toutes les prises comprennent un trou pour vis anti-rotation, garantissant une plus grande stabilit\u00e9 et \u00e9vitant les rotations ind\u00e9sirables pendant l&rsquo;utilisation.<\/p>\n<p>Pour garantir un montage s\u00e9curis\u00e9 et durable, il est conseill\u00e9 de <strong>utiliser des vis M10x40 ou M8x40 lors de l&rsquo;installation des prises<\/strong>.<\/p>\n<p>Veuillez noter que les couleurs du produit peuvent varier par rapport \u00e0 l&rsquo;image affich\u00e9e. Si vous pr\u00e9f\u00e9rez une couleur sp\u00e9cifique, n&rsquo;h\u00e9sitez pas \u00e0 nous contacter.<\/p>\n","protected":false},"excerpt":{"rendered":"<ul>\n<li>Terra 10 est un lot de 10 prises d&rsquo;escalade.<\/li>\n<li>Texture de gr\u00e8s doux et relief tr\u00e8s profond.<\/li>\n<li>Adapt\u00e9es \u00e0 tout surplomb et toit.<\/li>\n<li>Toutes dot\u00e9es d&rsquo;un trou pour vis anti-rotation.<\/li>\n<\/ul>\n","protected":false},"featured_media":19831,"comment_status":"open","ping_status":"closed","template":"","meta":[],"product_brand":[],"product_cat":[429],"product_tag":[],"class_list":{"0":"post-16862","1":"product","2":"type-product","3":"status-publish","4":"has-post-thumbnail","6":"product_cat-prises-escalade","8":"first","9":"instock","10":"taxable","11":"shipping-taxable","12":"purchasable","13":"product-type-simple"},"_links":{"self":[{"href":"https:\/\/topholds.com\/fr\/wp-json\/wp\/v2\/product\/16862","targetHints":{"allow":["GET"]}}],"collection":[{"href":"https:\/\/topholds.com\/fr\/wp-json\/wp\/v2\/product"}],"about":[{"href":"https:\/\/topholds.com\/fr\/wp-json\/wp\/v2\/types\/product"}],"replies":[{"embeddable":true,"href":"https:\/\/topholds.com\/fr\/wp-json\/wp\/v2\/comments?post=16862"}],"wp:featuredmedia":[{"embeddable":true,"href":"https:\/\/topholds.com\/fr\/wp-json\/wp\/v2\/media\/19831"}],"wp:attachment":[{"href":"https:\/\/topholds.com\/fr\/wp-json\/wp\/v2\/media?parent=16862"}],"wp:term":[{"taxonomy":"product_brand","embeddable":true,"href":"https:\/\/topholds.com\/fr\/wp-json\/wp\/v2\/product_brand?post=16862"},{"taxonomy":"product_cat","embeddable":true,"href":"https:\/\/topholds.com\/fr\/wp-json\/wp\/v2\/product_cat?post=16862"},{"taxonomy":"product_tag","embeddable":true,"href":"https:\/\/topholds.com\/fr\/wp-json\/wp\/v2\/product_tag?post=16862"}],"curies":[{"name":"wp","href":"https:\/\/api.w.org\/{rel}","templated":true}]}}