{"id":16877,"date":"2019-07-07T16:26:53","date_gmt":"2019-07-07T16:26:53","guid":{"rendered":"https:\/\/topholds.com\/gel-silicium-organique-75ml-climbskin\/"},"modified":"2024-08-26T04:17:42","modified_gmt":"2024-08-26T04:17:42","slug":"gel-silicium-organique-75ml-climbskin","status":"publish","type":"product","link":"https:\/\/topholds.com\/fr\/offre\/accessoires-escalade\/cremes\/gel-silicium-organique-75ml-climbskin\/","title":{"rendered":"Gel de Silicium Organique 75 ml Climbskin"},"content":{"rendered":"<p>[vc_row][vc_column][vc_column_text]Nouveau GEL qui inclut des extraits et huiles de la plus haute qualit\u00e9 avec des propri\u00e9t\u00e9s anti-inflammatoires et analg\u00e9siques, combin\u00e9s avec le Silicium Organique dans une formule unique et innovante. Ces ingr\u00e9dients aident pendant toutes les phases du traitement dans la r\u00e9cup\u00e9ration des blessures musculaires, tendineuses et articulaires. Particuli\u00e8rement indiqu\u00e9s pour les blessures sportives, arthropathies, contusions, ainsi que pour acc\u00e9l\u00e9rer et optimiser la r\u00e9cup\u00e9ration des tissus apr\u00e8s des sessions intenses d&rsquo;escalade, d&rsquo;entra\u00eenement ou de comp\u00e9tition.<\/p>\n<p><strong>Qu&rsquo;est-ce qui le diff\u00e9rencie des autres produits ?<\/strong><\/p>\n<p>La majorit\u00e9 des produits sur le march\u00e9 se concentre uniquement sur le traitement des cons\u00e9quences d&rsquo;une blessure : la douleur et l&rsquo;inflammation, mais bien que cela soit n\u00e9cessaire et que le gel de Silicium Organique le fasse \u00e9galement tr\u00e8s efficacement, il y a un travail plus important \u00e0 faire, aider \u00e0 r\u00e9cup\u00e9rer les tissus endommag\u00e9s ou fatigu\u00e9s. La qualit\u00e9 du Silicium Organique et la mani\u00e8re dont il a \u00e9t\u00e9 incorpor\u00e9 dans la formule sont la <strong>CL\u00c9<\/strong> de ce processus.<\/p>\n<p>Pour usage professionnel ou particulier.<\/p>\n<p><strong>Comment utiliser :<\/strong><\/p>\n<p>Appliquer une petite quantit\u00e9 sur la zone \u00e0 traiter, par un l\u00e9ger massage. Attendre 1 minute avec le gel \u00e9tal\u00e9 pour un effet optimal de ses principes actifs et continuer le massage jusqu&rsquo;\u00e0 presque absorption totale.<\/p>\n<p>R\u00e9p\u00e9ter 2 \u00e0 3 fois par jour.<\/p>\n<p>\u00c9viter le contact avec les yeux, les blessures et les muqueuses. Ce gel est pour usage topique. Ne pas ing\u00e9rer.<\/p>\n<p><strong>INGR\u00c9DIENTS PRINCIPAUX<\/strong><\/p>\n<p><strong>+Silicium Organique :<\/strong><\/p>\n<p>Le silicium est le deuxi\u00e8me \u00e9l\u00e9ment chimique le plus commun de la cro\u00fbte terrestre (seulement surpass\u00e9 par l&rsquo;oxyg\u00e8ne), o\u00f9 il se trouve sous forme de silicates, qui se filtrent naturellement en petites quantit\u00e9s comme silicate soluble, ou \u2018acide silicique\u2019 dans les rivi\u00e8res, lacs et sources.<\/p>\n<p>Le dioxyde de silicium est, par d\u00e9finition, inorganique, car il s&rsquo;agit de sable, cependant, les plantes absorbent ces compos\u00e9s de silicium et les transforment en phytolithes, une forme non cristalline qui peut \u00eatre assimil\u00e9e par les \u00eatres vivants, \u00e9galement connue sous le nom de silicium organique. De cette fa\u00e7on, le silicium est disponible dans tous les \u00eatres vivants, surtout dans <span class=\"goog-text-highlight\">les plantes.<\/span><\/p>\n<p><strong>Prot\u00e8ge les os et les articulations<\/strong> : c&rsquo;est une partie fondamentale dans la min\u00e9ralisation des os. Sa pr\u00e9sence est essentielle pour la synth\u00e8se de fibres, comme l&rsquo;\u00e9lastine et le collag\u00e8ne, dans lesquelles le silicium se trouve en grande partie. Maintient les articulations flexibles et \u00e9vite la d\u00e9t\u00e9rioration du cartilage.<\/p>\n<ul>\n<li><strong>C&rsquo;est un puissant analg\u00e9sique et cicatrisant.<\/strong><\/li>\n<li><strong>Prot\u00e8ge contre les radicaux libres et l&rsquo;oxydation cellulaire.<\/strong><\/li>\n<li><strong>Joue un r\u00f4le important dans le m\u00e9tabolisme g\u00e9n\u00e9ral du corps<\/strong> : il est impliqu\u00e9 dans le processus r\u00e9g\u00e9n\u00e9ratif des cellules en restaurant l&rsquo;\u00e9quilibre ionique de celles qui sont endommag\u00e9es ou affaiblies et augmente les \u00e9changes cellulaires.<\/li>\n<\/ul>\n<p><strong>+Arnica :<\/strong><\/p>\n<ul>\n<li><strong>Propri\u00e9t\u00e9s : <\/strong>analg\u00e9siques, anti-inflammatoires et antimicrobiennes.<\/li>\n<\/ul>\n<p>L&rsquo;arnica a \u00e9galement un pouvoir rub\u00e9fiant \u00e9lev\u00e9, cela signifie qu&rsquo;elle est capable de stimuler la circulation sanguine dans la zone o\u00f9 elle est appliqu\u00e9e.<\/p>\n<p><strong>+Eugenia Caryophyllus (Clou de girofle) :<\/strong><\/p>\n<p>Les clous sont utilis\u00e9s en Inde dans la <a class=\"mw-redirect\" title=\"M\u00e9decine Ayurveda\" href=\"https:\/\/es.wikipedia.org\/wiki\/Medicina_Ayurveda\" target=\"_blank\" rel=\"noopener\">m\u00e9decine ayurv\u00e9dique<\/a>, la <a class=\"mw-redirect\" title=\"M\u00e9decine traditionnelle chinoise\" href=\"https:\/\/es.wikipedia.org\/wiki\/Medicina_tradicional_china\" target=\"_blank\" rel=\"noopener\">m\u00e9decine traditionnelle chinoise<\/a>, l&rsquo;herboristerie occidentale et la dentisterie, o\u00f9 l&rsquo;<a title=\"Huile essentielle\" href=\"https:\/\/es.wikipedia.org\/wiki\/Aceite_esencial\" target=\"_blank\" rel=\"noopener\">huile essentielle<\/a> agit comme calmant (analg\u00e9sique).<\/p>\n<p><strong>+Symphytum Officinale (Consoude) :<\/strong><\/p>\n<ul>\n<li><strong>Propri\u00e9t\u00e9s<\/strong> : r\u00e9g\u00e9n\u00e9ratrice cellulaire, astringente, d\u00e9mulcente, anti-inflammatoire et cicatrisante.<\/li>\n<\/ul>\n<p><strong>+Camellia Sinensis (Th\u00e9 vert) :<\/strong><\/p>\n<ul>\n<li><strong>Propri\u00e9t\u00e9s<\/strong> : anti-oxydantes, anti-inflammatoires et anti-\u00e2ge gr\u00e2ce \u00e0 leur teneur en polyph\u00e9nols.<\/li>\n<\/ul>\n<p><strong>+Helichrysum Stoechas (Perp\u00e9tuelle ou immortelle) :<\/strong><\/p>\n<ul>\n<li><strong>Propri\u00e9t\u00e9s : <\/strong>antimicrobiennes, anti-inflammatoires et antioxydantes.<\/li>\n<\/ul>\n<p><strong>+Camphre :<\/strong><\/p>\n<ul>\n<li><strong>Propri\u00e9t\u00e9s : <\/strong>anti-douleurs, antiseptiques, antispasmodiques, astringentes, stimulantes de la circulation, sudorifiques, thermiques et balsamiques.<\/li>\n<\/ul>\n<p><strong>+Menthol :<\/strong><\/p>\n<ul>\n<li><strong>Propri\u00e9t\u00e9s : <\/strong>analg\u00e9siques, tonifiantes, rafra\u00eechissantes et antiseptiques.<\/li>\n<\/ul>\n<p><strong>+Huile de ricin :<\/strong><\/p>\n<p><em><span id=\"Aceite_de_ricino_o_aceite_de_castor\">Huile de ricin ou huile de castor ?<\/span><\/em><\/p>\n<p>Beaucoup de gens pensent qu&rsquo;elle est d&rsquo;origine animale, car elle est souvent appel\u00e9e Huile de Castor, c&rsquo;est une mauvaise traduction de l&rsquo;anglais o\u00f9 elle est appel\u00e9e Castor Oil, le mot Castor dans cette langue se r\u00e9f\u00e8re \u00e0 la plante de Ricin et non \u00e0 l&rsquo;animal qui en anglais se nomme Beaver.<\/p>\n<p>Parmi ses usages m\u00e9dicinaux, elle est recommand\u00e9e pour le traitement de la douleur, car elle poss\u00e8de des propri\u00e9t\u00e9s antibact\u00e9riennes, antivirales et comme fongicide.<\/p>\n<p><strong>Achillea Millefolium (Herbe d&rsquo;Achille ou Millefeuille) :<\/strong><\/p>\n<p><em>La plante magique<\/em><\/p>\n<p>La millefeuille est l&rsquo;une de ces plantes utilis\u00e9es depuis des si\u00e8cles dans des potions curatives, ce qui lui a toujours conf\u00e9r\u00e9 un halo de magie et de myst\u00e8re en raison de ses excellentes propri\u00e9t\u00e9s. Originaire du Nord de l&rsquo;Europe, cette plante de la <a class=\"link_parsed_content\" href=\"https:\/\/www.climbskin.com\/es\/Familia\" target=\"_blank\" rel=\"noopener\">famille<\/a> des Ast\u00e9rac\u00e9es doit son nom scientifique, <em>Achillea millefolium L.<\/em>, au h\u00e9ros grec Achille ; selon la l\u00e9gende, il l&rsquo;utilisait pour soigner les blessures de ses soldats (elle est \u00e9galement connue sous le nom de \u201cplante des soldats\u201d).<\/p>\n<div class=\"post-content\">\n<p>A quels principes actifs doit-elle sa \u201cmagie\u201d ?<\/p>\n<p>Son huile essentielle contient :<\/p>\n<ul>\n<li>Chamazul\u00e8ne et autres azul\u00e8nes, d&rsquo;activit\u00e9 anti-inflammatoire<\/li>\n<li>Lactones s\u00e9quiterp\u00e9niques qui renforcent l&rsquo;action anti-inflammatoire et antimicrobienne<\/li>\n<li>Linalol, camphre, eucalyptol, cin\u00e9ole et carophyll\u00e8ne.<\/li>\n<li>Tannins, d&rsquo;effet h\u00e9mostatique et cicatrisant par leur action astringente.<\/li>\n<li>Flavono\u00efdes, comme l&rsquo;apig\u00e9nine et la rutine, avec activit\u00e9 anti-inflammatoire et antispasmodique.<\/li>\n<li>Alcalo\u00efdes comme l&rsquo;aquile\u00efne, qui contribue \u00e0 l&rsquo;action h\u00e9mostatique.<\/li>\n<li>Acide salicylique, d&rsquo;activit\u00e9 anti-inflammatoire.<\/li>\n<\/ul>\n<p>&nbsp;<\/p>\n<p><strong>INCI<\/strong><\/p>\n<table width=\"303\">\n<tbody>\n<tr>\n<td width=\"236\">AQUA<\/td>\n<\/tr>\n<tr>\n<td width=\"236\">PEG-40 HYDROGENATED CASTOR OIL<\/td>\n<\/tr>\n<tr>\n<td width=\"236\">GLYCERIN<\/td>\n<\/tr>\n<tr>\n<td width=\"236\">METHYLSILANOL MANNURONATE<\/td>\n<\/tr>\n<tr>\n<td width=\"236\">MENTHOL<\/td>\n<\/tr>\n<tr>\n<td width=\"236\">CAMPHOR<\/td>\n<\/tr>\n<tr>\n<td width=\"236\">ALCOHOL DENAT<\/td>\n<\/tr>\n<tr>\n<td width=\"236\">PHENOXYETHANOL<\/td>\n<\/tr>\n<tr>\n<td width=\"236\">CARBOMER<\/td>\n<\/tr>\n<tr>\n<td width=\"236\">BOSWELLIA CARTERII OIL<\/td>\n<\/tr>\n<tr>\n<td width=\"236\">SODIUM HYDROXIDE<\/td>\n<\/tr>\n<tr>\n<td width=\"236\">ACHILLEA MILLEFOLIUM FLOWER EXTRACT<\/td>\n<\/tr>\n<tr>\n<td width=\"236\">ARNICA MONTANA FLOWER EXTRACT<\/td>\n<\/tr>\n<tr>\n<td width=\"236\">EUGENIA CARYOPHYLLUS LEAF OIL<\/td>\n<\/tr>\n<tr>\n<td width=\"236\">SYMPHYTUM OFFICINALE LEAF EXTRACT<\/td>\n<\/tr>\n<tr>\n<td width=\"236\">CAMELLIA SINENSIS LEAF EXTRACT<\/td>\n<\/tr>\n<tr>\n<td width=\"236\">POTASSIUM SORBATE<\/td>\n<\/tr>\n<tr>\n<td width=\"236\">SODIUM BENZOATE<\/td>\n<\/tr>\n<tr>\n<td width=\"236\">HELICHRYSUM STOECHAS FLOWER EXTRACT<\/td>\n<\/tr>\n<tr>\n<td width=\"236\">METHYL SALICYLATE<\/td>\n<\/tr>\n<tr>\n<td width=\"236\">SORBIC ACID<\/td>\n<\/tr>\n<tr>\n<td width=\"236\">EUGENOL<\/td>\n<\/tr>\n<tr>\n<td width=\"236\">LIMONENE<\/td>\n<\/tr>\n<\/tbody>\n<\/table>\n<\/div>\n<p>Garanties et tests<\/p>\n<p>+ Enregistr\u00e9 dans le <strong>CPNP<\/strong>, portail europ\u00e9en selon le nouveau r\u00e8glement 1223\/2009.<\/p>\n<p>+ Test\u00e9 dermatologiquement <strong>NON sur les animaux.<\/strong><\/p>\n<p><strong><em>OpenTest<\/em><\/strong> : 0% d&rsquo;irritabilit\u00e9 d\u00e9rmique.<\/p>\n<p><strong><em>Challenge Test<\/em> :<\/strong> Test microbiologique r\u00e9ussi avec 100% d&rsquo;efficacit\u00e9.<\/p>\n<p><strong>+<\/strong> <span lang=\"en\"><strong>100% V\u00e9gane<\/strong> <\/span><\/p>\n<p>&nbsp;[\/vc_column_text][\/vc_column][\/vc_row]<\/p>\n","protected":false},"excerpt":{"rendered":"<ul>\n<li>Am\u00e9liore l&rsquo;\u00e9lasticit\u00e9 de la peau.<\/li>\n<li>R\u00e9g\u00e9n\u00e9ration cellulaire acc\u00e9l\u00e9r\u00e9e.<\/li>\n<li>Hydratation profonde de la peau.<\/li>\n<li>Absorption rapide sans r\u00e9sidus.<\/li>\n<li>Renforcement des ongles et des tissus.<\/li>\n<\/ul>\n","protected":false},"featured_media":7423,"comment_status":"open","ping_status":"closed","template":"","meta":[],"product_brand":[],"product_cat":[426,443],"product_tag":[],"class_list":{"0":"post-16877","1":"product","2":"type-product","3":"status-publish","4":"has-post-thumbnail","6":"product_cat-accessoires-escalade","7":"product_cat-cremes","9":"first","10":"instock","11":"sale","12":"taxable","13":"shipping-taxable","14":"purchasable","15":"product-type-simple"},"_links":{"self":[{"href":"https:\/\/topholds.com\/fr\/wp-json\/wp\/v2\/product\/16877","targetHints":{"allow":["GET"]}}],"collection":[{"href":"https:\/\/topholds.com\/fr\/wp-json\/wp\/v2\/product"}],"about":[{"href":"https:\/\/topholds.com\/fr\/wp-json\/wp\/v2\/types\/product"}],"replies":[{"embeddable":true,"href":"https:\/\/topholds.com\/fr\/wp-json\/wp\/v2\/comments?post=16877"}],"wp:featuredmedia":[{"embeddable":true,"href":"https:\/\/topholds.com\/fr\/wp-json\/wp\/v2\/media\/7423"}],"wp:attachment":[{"href":"https:\/\/topholds.com\/fr\/wp-json\/wp\/v2\/media?parent=16877"}],"wp:term":[{"taxonomy":"product_brand","embeddable":true,"href":"https:\/\/topholds.com\/fr\/wp-json\/wp\/v2\/product_brand?post=16877"},{"taxonomy":"product_cat","embeddable":true,"href":"https:\/\/topholds.com\/fr\/wp-json\/wp\/v2\/product_cat?post=16877"},{"taxonomy":"product_tag","embeddable":true,"href":"https:\/\/topholds.com\/fr\/wp-json\/wp\/v2\/product_tag?post=16877"}],"curies":[{"name":"wp","href":"https:\/\/api.w.org\/{rel}","templated":true}]}}