{"id":16882,"date":"2019-07-07T16:55:45","date_gmt":"2019-07-07T16:55:45","guid":{"rendered":"https:\/\/topholds.com\/lime-recharges-climbskin\/"},"modified":"2024-08-26T04:18:26","modified_gmt":"2024-08-26T04:18:26","slug":"lime-recharges-climbskin","status":"publish","type":"product","link":"https:\/\/topholds.com\/fr\/offre\/accessoires-escalade\/cremes\/lime-recharges-climbskin\/","title":{"rendered":"Lime et Recharges Climbskin"},"content":{"rendered":"<p><strong>Lima Climbskin<\/strong> est l&rsquo;accessoire parfait pour compl\u00e9ter l&rsquo;utilisation de la <strong>Cr\u00e8me pour les mains Climbskin<\/strong>, con\u00e7ue sp\u00e9cialement pour prendre soin et maintenir votre peau des mains dans des conditions optimales. <em>Lima Climbskin<\/em> vous aidera \u00e0 garder vos doigts et vos mains pr\u00eats \u00e0 relever n&rsquo;importe quel d\u00e9fi lors de vos activit\u00e9s d&rsquo;escalade et autres sports.<\/p>\n<p>Lima Climbskin mesure 10,5 cm et est faite \u00e0 la main, id\u00e9ale pour \u00eatre gliss\u00e9e dans votre poche et toujours \u00e0 port\u00e9e de main.<\/p>\n<p>Avec un design en bois courb\u00e9 qui s&rsquo;adapte parfaitement \u00e0 la forme de vos doigts, permettant un nettoyage efficace et confortable de la peau.<\/p>\n<p>Elle inclut deux limes rempla\u00e7ables de diff\u00e9rentes \u00e9paisseurs et couleurs de chaque c\u00f4t\u00e9, pour s&rsquo;adapter \u00e0 vos besoins et pr\u00e9f\u00e9rences en mati\u00e8re de soin de la peau.<\/p>\n<p>Elle est livr\u00e9e avec quatre limes suppl\u00e9mentaires de rechange (2&#215;2), garantissant une longue dur\u00e9e de vie du produit et un soin continu de vos mains.<\/p>\n","protected":false},"excerpt":{"rendered":"<ul>\n<li>Compl\u00e9ment id\u00e9al pour la cr\u00e8me pour les mains Climbskin.<\/li>\n<li>Pr\u00e9pare vos mains pour des activit\u00e9s sportives.<\/li>\n<li>Polyvalence avec des limes interchangeables.<\/li>\n<\/ul>\n","protected":false},"featured_media":7424,"comment_status":"open","ping_status":"closed","template":"","meta":[],"product_brand":[],"product_cat":[426,443],"product_tag":[],"class_list":{"0":"post-16882","1":"product","2":"type-product","3":"status-publish","4":"has-post-thumbnail","6":"product_cat-accessoires-escalade","7":"product_cat-cremes","9":"first","10":"outofstock","11":"taxable","12":"shipping-taxable","13":"purchasable","14":"product-type-simple"},"_links":{"self":[{"href":"https:\/\/topholds.com\/fr\/wp-json\/wp\/v2\/product\/16882","targetHints":{"allow":["GET"]}}],"collection":[{"href":"https:\/\/topholds.com\/fr\/wp-json\/wp\/v2\/product"}],"about":[{"href":"https:\/\/topholds.com\/fr\/wp-json\/wp\/v2\/types\/product"}],"replies":[{"embeddable":true,"href":"https:\/\/topholds.com\/fr\/wp-json\/wp\/v2\/comments?post=16882"}],"wp:featuredmedia":[{"embeddable":true,"href":"https:\/\/topholds.com\/fr\/wp-json\/wp\/v2\/media\/7424"}],"wp:attachment":[{"href":"https:\/\/topholds.com\/fr\/wp-json\/wp\/v2\/media?parent=16882"}],"wp:term":[{"taxonomy":"product_brand","embeddable":true,"href":"https:\/\/topholds.com\/fr\/wp-json\/wp\/v2\/product_brand?post=16882"},{"taxonomy":"product_cat","embeddable":true,"href":"https:\/\/topholds.com\/fr\/wp-json\/wp\/v2\/product_cat?post=16882"},{"taxonomy":"product_tag","embeddable":true,"href":"https:\/\/topholds.com\/fr\/wp-json\/wp\/v2\/product_tag?post=16882"}],"curies":[{"name":"wp","href":"https:\/\/api.w.org\/{rel}","templated":true}]}}