{"id":16892,"date":"2019-07-28T19:36:22","date_gmt":"2019-07-28T19:36:22","guid":{"rendered":"https:\/\/topholds.com\/oval-grips\/"},"modified":"2026-03-18T09:22:41","modified_gmt":"2026-03-18T09:22:41","slug":"oval-grips","status":"publish","type":"product","link":"https:\/\/topholds.com\/fr\/offre\/course-obstacles\/entrainements\/suspensionss\/oval-grips\/","title":{"rendered":"Suspensions OCR Oval Grips"},"content":{"rendered":"<p><strong>Oval Grips est une suspension OCR<\/strong> qui offre une prise exceptionnellement confortable et ergonomique gr\u00e2ce \u00e0 son design en forme d&rsquo;ovale, s&rsquo;adaptant parfaitement \u00e0 la paume de la main et fournissant une exp\u00e9rience d&rsquo;utilisation tr\u00e8s agr\u00e9able.<\/p>\n<p>La texture reconnue de TopHolds assure une prise ferme et s\u00e9curis\u00e9e, tout en prenant soin de vos mains.<\/p>\n<p>Avec un simple n\u0153ud de lark, vous pourrez accrocher vos Oval Grips en quelques secondes sur des branches, des barres de traction et d&rsquo;autres supports. De plus, si vous utilisez un mousqueton, vous pourrez les accrocher facilement pour pratiquer des sortis sur les toits ou des d\u00e9vers.<\/p>\n<p>Ces <em>suspensions OCR<\/em> sont id\u00e9ales pour <strong>am\u00e9liorer vos entra\u00eenements d&rsquo;escalade, OCR et Crossfit<\/strong>, car elles sont extr\u00eamement l\u00e9g\u00e8res et portables, vous permettant de les emporter partout avec vous et de vous entra\u00eener \u00e0 tout moment.<\/p>\n<p>Les Oval Grips incluent un cordon double de 6mm de haute r\u00e9sistance.<\/p>\n<p>Veuillez noter que les couleurs du produit peuvent varier par rapport \u00e0 celles de la photo. N&rsquo;h\u00e9sitez pas \u00e0 nous consulter si vous souhaitez une couleur sp\u00e9cifique.<\/p>\n","protected":false},"excerpt":{"rendered":"<ul>\n<li>Se adapte comme un gant \u00e0 la paume de la main.<\/li>\n<li>Avec un mousqueton, nous les accrochons pour les sorties en toit ou en d\u00e9vers.<\/li>\n<li>En 3 secondes avec un n\u0153ud d&rsquo;alondra, nous les accrochons \u00e0 n&rsquo;importe quelle branche.<\/li>\n<li>Id\u00e9ales pour les entra\u00eenements d&rsquo;escalade, OCR et Crossfit.<\/li>\n<\/ul>\n<p>&nbsp;<\/p>\n","protected":false},"featured_media":7484,"comment_status":"open","ping_status":"closed","template":"","meta":[],"product_brand":[],"product_cat":[402,450,455],"product_tag":[],"class_list":{"0":"post-16892","1":"product","2":"type-product","3":"status-publish","4":"has-post-thumbnail","6":"product_cat-course-obstacles","7":"product_cat-entrainements","8":"product_cat-suspensionss","10":"first","11":"instock","12":"taxable","13":"shipping-taxable","14":"purchasable","15":"product-type-simple"},"_links":{"self":[{"href":"https:\/\/topholds.com\/fr\/wp-json\/wp\/v2\/product\/16892","targetHints":{"allow":["GET"]}}],"collection":[{"href":"https:\/\/topholds.com\/fr\/wp-json\/wp\/v2\/product"}],"about":[{"href":"https:\/\/topholds.com\/fr\/wp-json\/wp\/v2\/types\/product"}],"replies":[{"embeddable":true,"href":"https:\/\/topholds.com\/fr\/wp-json\/wp\/v2\/comments?post=16892"}],"wp:featuredmedia":[{"embeddable":true,"href":"https:\/\/topholds.com\/fr\/wp-json\/wp\/v2\/media\/7484"}],"wp:attachment":[{"href":"https:\/\/topholds.com\/fr\/wp-json\/wp\/v2\/media?parent=16892"}],"wp:term":[{"taxonomy":"product_brand","embeddable":true,"href":"https:\/\/topholds.com\/fr\/wp-json\/wp\/v2\/product_brand?post=16892"},{"taxonomy":"product_cat","embeddable":true,"href":"https:\/\/topholds.com\/fr\/wp-json\/wp\/v2\/product_cat?post=16892"},{"taxonomy":"product_tag","embeddable":true,"href":"https:\/\/topholds.com\/fr\/wp-json\/wp\/v2\/product_tag?post=16892"}],"curies":[{"name":"wp","href":"https:\/\/api.w.org\/{rel}","templated":true}]}}