{"id":16917,"date":"2019-12-05T20:01:13","date_gmt":"2019-12-05T20:01:13","guid":{"rendered":"https:\/\/topholds.com\/anilla-basica\/"},"modified":"2026-03-13T21:11:16","modified_gmt":"2026-03-13T21:11:16","slug":"anilla-basica","status":"publish","type":"product","link":"https:\/\/topholds.com\/fr\/offre\/course-obstacles\/entrainements\/suspensionss\/anilla-basica\/","title":{"rendered":"Suspensions OCR Anilla Basica"},"content":{"rendered":"<p>D\u00e9couvrez la polyvalence et le confort de vos <strong>entra\u00eenements OCR<\/strong> avec l&rsquo;Anneau de Base.<\/p>\n<p>Ces anneaux de 75 mm de diam\u00e8tre sont con\u00e7us pour r\u00e9pondre \u00e0 vos besoins d&rsquo;escalade, accrochez-y les produits compatibles et vous pourrez <strong>effectuer des progressions tant horizontales que verticales<\/strong> avec facilit\u00e9.<\/p>\n<p>Compatible avec Top Breaker, Chain Grip Evolution, Chain Grip Evolution MAX, Ball Chain Evolution, Cross Chain Evolution, Delta Raks, Yaguer Chain Evolution et Kong Chain.<\/p>\n<p>Cette <strong>suspension OCR<\/strong> s&rsquo;int\u00e8gre parfaitement dans votre espace d&rsquo;entra\u00eenement, offrant de multiples options pour s&rsquo;adapter \u00e0 votre style et \u00e0 votre niveau de comp\u00e9tence.<\/p>\n<p>Livr\u00e9 avec un cordon inclus.<\/p>\n","protected":false},"excerpt":{"rendered":"<ul>\n<li>Anneaux de base avec cordon TopHolds<\/li>\n<li>Vous pourrez effectuer des progressions horizontales ou verticales en les reliant \u00e0 nos Top Breaker, Chain Grip Evolution, Chain Grip Evolution MAX, Ball Chain Evolution, Cross Chain Evolution, Delta Raks, Yaguer Chain Evolution et Kong Chain.<\/li>\n<li>Polyvalence dans les entra\u00eenements OCR<\/li>\n<li>Diam\u00e8tre : 75 mm<\/li>\n<\/ul>\n<p>&nbsp;<\/p>\n","protected":false},"featured_media":7850,"comment_status":"open","ping_status":"closed","template":"","meta":[],"product_brand":[],"product_cat":[402,450,455],"product_tag":[],"class_list":{"0":"post-16917","1":"product","2":"type-product","3":"status-publish","4":"has-post-thumbnail","6":"product_cat-course-obstacles","7":"product_cat-entrainements","8":"product_cat-suspensionss","10":"first","11":"instock","12":"sale","13":"taxable","14":"shipping-taxable","15":"purchasable","16":"product-type-simple"},"_links":{"self":[{"href":"https:\/\/topholds.com\/fr\/wp-json\/wp\/v2\/product\/16917","targetHints":{"allow":["GET"]}}],"collection":[{"href":"https:\/\/topholds.com\/fr\/wp-json\/wp\/v2\/product"}],"about":[{"href":"https:\/\/topholds.com\/fr\/wp-json\/wp\/v2\/types\/product"}],"replies":[{"embeddable":true,"href":"https:\/\/topholds.com\/fr\/wp-json\/wp\/v2\/comments?post=16917"}],"wp:featuredmedia":[{"embeddable":true,"href":"https:\/\/topholds.com\/fr\/wp-json\/wp\/v2\/media\/7850"}],"wp:attachment":[{"href":"https:\/\/topholds.com\/fr\/wp-json\/wp\/v2\/media?parent=16917"}],"wp:term":[{"taxonomy":"product_brand","embeddable":true,"href":"https:\/\/topholds.com\/fr\/wp-json\/wp\/v2\/product_brand?post=16917"},{"taxonomy":"product_cat","embeddable":true,"href":"https:\/\/topholds.com\/fr\/wp-json\/wp\/v2\/product_cat?post=16917"},{"taxonomy":"product_tag","embeddable":true,"href":"https:\/\/topholds.com\/fr\/wp-json\/wp\/v2\/product_tag?post=16917"}],"curies":[{"name":"wp","href":"https:\/\/api.w.org\/{rel}","templated":true}]}}