{"id":16922,"date":"2020-03-11T20:20:28","date_gmt":"2020-03-11T20:20:28","guid":{"rendered":"https:\/\/topholds.com\/ball-chain-evolution\/"},"modified":"2025-09-21T14:44:47","modified_gmt":"2025-09-21T14:44:47","slug":"ball-chain-evolution","status":"publish","type":"product","link":"https:\/\/topholds.com\/fr\/offre\/course-obstacles\/entrainements\/suspensionss\/ball-chain-evolution\/","title":{"rendered":"Suspensions OCR Ball Chain Evolution"},"content":{"rendered":"<p><strong>Ball Chain Evolution est une boule d&rsquo;entra\u00eenement<\/strong> parfaite pour r\u00e9aliser des progressions horizontales ou verticales avec des cha\u00eenes ou de petites anneaux. Son diam\u00e8tre r\u00e9duit s&rsquo;adapte confortablement \u00e0 la paume de la main, en faisant un \u00e9l\u00e9ment id\u00e9al pour tout niveau de comp\u00e9tence.<\/p>\n<p>La nouvelle gamme Evolution repr\u00e9sente une avanc\u00e9e en qualit\u00e9 dans le monde de l&rsquo;OCR. Les produits TopHolds sont toujours fabriqu\u00e9s avec <strong>des composants de premi\u00e8re qualit\u00e9<\/strong>, mais cette nouvelle famille am\u00e9liore \u00e0 la fois l&rsquo;esth\u00e9tique et le crochet de fixation. Maintenant fabriqu\u00e9 en acier temper\u00e9 de haute r\u00e9sistance, le crochet est beaucoup plus ouvert et allong\u00e9 que celui de notre ancienne gamme Chain, permettant <strong>un travail plus efficace sur les obstacles<\/strong>.<\/p>\n<p>Dans cette boule am\u00e9lior\u00e9e, le manchon inconfortable de l&rsquo;ancien crochet a \u00e9t\u00e9 \u00e9limin\u00e9, rendant l&rsquo;acier pratiquement imperceptible entre les doigts. De plus, le logo a \u00e9t\u00e9 retir\u00e9 de la partie sup\u00e9rieure pour arrondir encore plus la boule et garantir un ajustement parfait dans la main sans obstacles.<\/p>\n<p><iframe title=\"YouTube video player\" src=\"https:\/\/www.youtube.com\/embed\/n2_DwBUEgdU\" width=\"560\" height=\"315\" frameborder=\"0\" allowfullscreen=\"allowfullscreen\"><\/iframe><\/p>\n<p>La texture reconnue de TopHolds, adh\u00e9rente et douce au toucher, emp\u00eache les glissades et te <strong>permet de travailler l&rsquo;endurance pendant de longues p\u00e9riodes<\/strong>.<\/p>\n<p>Cette <em>boule d&rsquo;entra\u00eenement est un excellent outil pour s&rsquo;am\u00e9liorer en escalade<\/em>, OCR et Crossfit. Son design l\u00e9ger la rend parfaite pour l&#8217;emporter partout et s&rsquo;entra\u00eener \u00e0 tout moment.<\/p>\n<p>Il n&rsquo;y a pas d&rsquo;excuses pour ne pas ajouter un peu de d\u00e9fi \u00e0 ta routine quotidienne.<\/p>\n<p>Veuillez noter que les couleurs affich\u00e9es sur l&rsquo;image peuvent varier. Si tu souhaites une couleur sp\u00e9cifique, n&rsquo;h\u00e9site pas \u00e0 nous consulter.<\/p>\n","protected":false},"excerpt":{"rendered":"<ul>\n<li>Id\u00e9al pour les progressions horizontales et verticales sur cha\u00eenes ou petites anneaux.<\/li>\n<li>Id\u00e9al pour am\u00e9liorer les comp\u00e9tences en escalade, OCR, Crossfit et autres sports n\u00e9cessitant de la prise et de l&rsquo;endurance.<\/li>\n<li>Texture adh\u00e9rente et douce, \u00e9vite les glissades et permet de s&rsquo;entra\u00eener \u00e0 l&rsquo;endurance plus longtemps.<\/li>\n<li>Emportez-le facilement n&rsquo;importe o\u00f9 pour des entra\u00eenements \u00e0 tout moment.<\/li>\n<\/ul>\n","protected":false},"featured_media":12509,"comment_status":"open","ping_status":"closed","template":"","meta":[],"product_brand":[],"product_cat":[402,450,455],"product_tag":[],"class_list":{"0":"post-16922","1":"product","2":"type-product","3":"status-publish","4":"has-post-thumbnail","6":"product_cat-course-obstacles","7":"product_cat-entrainements","8":"product_cat-suspensionss","10":"first","11":"instock","12":"sale","13":"taxable","14":"shipping-taxable","15":"purchasable","16":"product-type-simple"},"_links":{"self":[{"href":"https:\/\/topholds.com\/fr\/wp-json\/wp\/v2\/product\/16922","targetHints":{"allow":["GET"]}}],"collection":[{"href":"https:\/\/topholds.com\/fr\/wp-json\/wp\/v2\/product"}],"about":[{"href":"https:\/\/topholds.com\/fr\/wp-json\/wp\/v2\/types\/product"}],"replies":[{"embeddable":true,"href":"https:\/\/topholds.com\/fr\/wp-json\/wp\/v2\/comments?post=16922"}],"wp:featuredmedia":[{"embeddable":true,"href":"https:\/\/topholds.com\/fr\/wp-json\/wp\/v2\/media\/12509"}],"wp:attachment":[{"href":"https:\/\/topholds.com\/fr\/wp-json\/wp\/v2\/media?parent=16922"}],"wp:term":[{"taxonomy":"product_brand","embeddable":true,"href":"https:\/\/topholds.com\/fr\/wp-json\/wp\/v2\/product_brand?post=16922"},{"taxonomy":"product_cat","embeddable":true,"href":"https:\/\/topholds.com\/fr\/wp-json\/wp\/v2\/product_cat?post=16922"},{"taxonomy":"product_tag","embeddable":true,"href":"https:\/\/topholds.com\/fr\/wp-json\/wp\/v2\/product_tag?post=16922"}],"curies":[{"name":"wp","href":"https:\/\/api.w.org\/{rel}","templated":true}]}}