{"id":16932,"date":"2020-04-27T16:39:58","date_gmt":"2020-04-27T16:39:58","guid":{"rendered":"https:\/\/topholds.com\/canule-melange\/"},"modified":"2024-08-26T04:25:13","modified_gmt":"2024-08-26T04:25:13","slug":"canule-melange","status":"publish","type":"product","link":"https:\/\/topholds.com\/fr\/offre\/ancrages\/ancrages-mur\/canule-melange\/","title":{"rendered":"Canule de M\u00e9lange"},"content":{"rendered":"<p>Il semble qu&rsquo;il n&rsquo;y ait pas de texte \u00e0 traduire. Pouvez-vous fournir le texte que vous souhaitez que je traduise en fran\u00e7ais ?<\/p>\n","protected":false},"excerpt":{"rendered":"<p>C\u00e1nule de m\u00e9langeur \u00e0 deux composants pour mastic chimique Fischer<\/p>\n","protected":false},"featured_media":8658,"comment_status":"open","ping_status":"closed","template":"","meta":[],"product_brand":[],"product_cat":[430,434],"product_tag":[],"class_list":{"0":"post-16932","1":"product","2":"type-product","3":"status-publish","4":"has-post-thumbnail","6":"product_cat-ancrages","7":"product_cat-ancrages-mur","9":"first","10":"instock","11":"taxable","12":"shipping-taxable","13":"purchasable","14":"product-type-simple"},"_links":{"self":[{"href":"https:\/\/topholds.com\/fr\/wp-json\/wp\/v2\/product\/16932","targetHints":{"allow":["GET"]}}],"collection":[{"href":"https:\/\/topholds.com\/fr\/wp-json\/wp\/v2\/product"}],"about":[{"href":"https:\/\/topholds.com\/fr\/wp-json\/wp\/v2\/types\/product"}],"replies":[{"embeddable":true,"href":"https:\/\/topholds.com\/fr\/wp-json\/wp\/v2\/comments?post=16932"}],"wp:featuredmedia":[{"embeddable":true,"href":"https:\/\/topholds.com\/fr\/wp-json\/wp\/v2\/media\/8658"}],"wp:attachment":[{"href":"https:\/\/topholds.com\/fr\/wp-json\/wp\/v2\/media?parent=16932"}],"wp:term":[{"taxonomy":"product_brand","embeddable":true,"href":"https:\/\/topholds.com\/fr\/wp-json\/wp\/v2\/product_brand?post=16932"},{"taxonomy":"product_cat","embeddable":true,"href":"https:\/\/topholds.com\/fr\/wp-json\/wp\/v2\/product_cat?post=16932"},{"taxonomy":"product_tag","embeddable":true,"href":"https:\/\/topholds.com\/fr\/wp-json\/wp\/v2\/product_tag?post=16932"}],"curies":[{"name":"wp","href":"https:\/\/api.w.org\/{rel}","templated":true}]}}